{"id":122,"date":"2020-05-23T21:57:44","date_gmt":"2020-05-24T00:57:44","guid":{"rendered":"http:\/\/myuniversity.skat.tf\/?page_id=122"},"modified":"2026-04-09T15:35:11","modified_gmt":"2026-04-09T18:35:11","slug":"linhas","status":"publish","type":"page","link":"https:\/\/npga.ufba.br\/en\/pesquisa\/linhas\/","title":{"rendered":"Axes"},"content":{"rendered":"<div class=\"vc_row wpb_row vc_row-fluid\"><div class=\"container\"><div class=\"sd-centered-wrapper\"><div class=\"wpb_column vc_column_container vc_col-sm-12\"><div class=\"vc_column-inner\"><div class=\"wpb_wrapper\"><div class=\"vc_empty_space\"   style=\"height: 50px\"><span class=\"vc_empty_space_inner\"><\/span><\/div>\n\t<div class=\"wpb_text_column wpb_content_element\" >\n\t\t<div class=\"wpb_wrapper\">\n\t\t\t<h2 style=\"text-align: center; font-weight: normal;\">Research Lines<\/h2>\n\n\t\t<\/div>\n\t<\/div>\n<div class=\"vc_empty_space\"   style=\"height: 30px\"><span class=\"vc_empty_space_inner\"><\/span><\/div><\/div><\/div><\/div><\/div><\/div><\/div><div class=\"vc_row wpb_row vc_row-fluid\"><div class=\"container\"><div class=\"sd-centered-wrapper\"><div class=\"wpb_column vc_column_container vc_col-sm-12\"><div class=\"vc_column-inner\"><div class=\"wpb_wrapper\"><div class=\"vc_tta-container\" data-vc-action=\"collapseAll\"><div class=\"vc_general vc_tta vc_tta-accordion vc_tta-color-grey vc_tta-style-classic vc_tta-shape-rounded vc_tta-spacing-1 vc_tta-gap-5 vc_tta-controls-align-left vc_tta-o-all-clickable\"><div class=\"vc_tta-panels-container\"><div class=\"vc_tta-panels\"><div class=\"vc_tta-panel\" id=\"1591200809369-33ac96cd-eb9820f9-05f9\" data-vc-content=\".vc_tta-panel-body\"><div class=\"vc_tta-panel-heading\"><h4 class=\"vc_tta-panel-title vc_tta-controls-icon-position-left\"><a href=\"#1591200809369-33ac96cd-eb9820f9-05f9\" data-vc-accordion data-vc-container=\".vc_tta-container\"><span class=\"vc_tta-title-text\">Public Administration and Society<\/span><i class=\"vc_tta-controls-icon vc_tta-controls-icon-plus\"><\/i><\/a><\/h4><\/div><div class=\"vc_tta-panel-body\">\n\t<div class=\"wpb_text_column wpb_content_element\" >\n\t\t<div class=\"wpb_wrapper\">\n\t\t\t<p><strong>Objective:<\/strong> Gain knowledge on public administration and social management in the context of contemporary society, in its multiple dimensions and perspectives of theory, whereas (a) is the complex relationship between the interests of private, public, collective, social, and complex, and its various settings in the administration and management of the\u00a0<em>res publica<\/em>, and (b) the character of the cross-cutting issue of the environment, the problem of the relation between nature and society in the twenty-first century, templates, and tools of management.<\/p>\n<p><strong>Subject:<\/strong> Administration and policy, and the Evaluation of public policies and Concepts, and the processes of planning, Decentralization, empowerment, and participation in the management of the public social control; the economic, social, cultural, ethical and environmental crisis in the twenty-first century: Managing the development of a territorial Management, social Management, social and collective interests, which diffuse to and ownership of shared property in common, Management, governance, and good governance, public policies, and management tools; and Globalization and the environmental crisis; The innovation and experience of environmental education as a tool for transformation, Innovation, social, and management of the common property and to a solidarity-based economy; the Interests of public, private, social, collective and diffuse, climate Change, and the politics of water as an example of the problems in the governance of the environment: strategies for the mitigation of, and adaptation to conflict, public Policy, and social universalism and targeting Policies to the public, democracy, and the models of development, and Policies for the sector and regional level; social Responsibility, environmental management and sustainability.<\/p>\n<p><strong>Faculty:<\/strong><\/p>\n<p>Ana Rita Silva Sacramento<\/p>\n<p>Andrea Cardoso Ventura<\/p>\n<p>Ant\u00f4nio S\u00e9rgio De Ara\u00fajo Fernandes<\/p>\n<p>Ari\u00e1dne Scalfoni Rigo<\/p>\n<p>Daniele Pereira Canedo<\/p>\n<p>Denise Ribeiro de Almeida<\/p>\n<p>Doraliza Auxiliadora Abranches Monteiro<\/p>\n<p>Elizabeth Matos Ribeiro<\/p>\n<p>Felipe Tumenas Marques<\/p>\n<p>Genauto Carvalho de Fran\u00e7a Filho<\/p>\n<p>Guilherme Marback Neto<\/p>\n<p>Jos\u00e9 C\u00e9lio Silveira De Andrade<\/p>\n<p>J\u00falio Cesar Pedrassoli<\/p>\n<p>Lindomar Pinto da Silva<\/p>\n<p>Maria Elisabete Pereira dos Santos<\/p>\n<p>Morgana Gertrudes Martins Krieger<\/p>\n<p>Olivan da Silva Rabelo<\/p>\n<p>Paulo Soares De Figueiredo<\/p>\n<p>Renata Alvarez Rossi<\/p>\n<p>Rodrigo Muller Colaborador<\/p>\n<p>Vera Lucia Peixoto Santos Mendes<\/p>\n<p>Tania Maria Diederichs Fischer<\/p>\n<p>Tania Moura Benevides<\/p>\n\n\t\t<\/div>\n\t<\/div>\n<\/div><\/div><div class=\"vc_tta-panel\" id=\"1591200960476-bb6e9f95-56d320f9-05f9\" data-vc-content=\".vc_tta-panel-body\"><div class=\"vc_tta-panel-heading\"><h4 class=\"vc_tta-panel-title vc_tta-controls-icon-position-left\"><a href=\"#1591200960476-bb6e9f95-56d320f9-05f9\" data-vc-accordion data-vc-container=\".vc_tta-container\"><span class=\"vc_tta-title-text\">Education, Learning and Management<\/span><i class=\"vc_tta-controls-icon vc_tta-controls-icon-plus\"><\/i><\/a><\/h4><\/div><div class=\"vc_tta-panel-body\">\n\t<div class=\"wpb_text_column wpb_content_element\" >\n\t\t<div class=\"wpb_wrapper\">\n\t\t\t<p><strong>Objective:<\/strong> Gain knowledge about the management of the education and the teaching-learning process in business Administration from multiple perspectives-evaluation, experiential, artistic, theories, methodologies, and themes (e.g. learning strategies- - learning, education, entrepreneurship, management, and evaluation), resources (e.g., cultural, aesthetic, technological, and lives) and the context (e.g., community, organization, university, institution building, education, mass-based, elementary education).<\/p>\n<p><strong>Subject:<\/strong> Assessment of learning in the settings of the school and the educational policies of the board; institutional Assessment, and education, the Contexts of teaching and learning multirreferenciais: educational institutions, corporations, civic, religious, business incubators, universities, the government, the Designs of the teaching-learning process at multiple levels, languages, and formats, and Teaching as a profession: a career empregabilidades and representations of profissionaisEduca\u00e7\u00e3o entrepreneurship; Strategies, experiential, technological, aesthetic, and art of the teaching-learning process in the public Administration; Management, education, and diversity in institutional policies and strategies in the training of administrators and managers, the Impact of the training of teachers, doctors, and specialists; training programmes in the different environments in which the formation and the different levels (e.g. curriculum, sequences, environments, objects, and resources for teaching; Mentoring and coaching in education, and the learning methods (such as the event, game, stage, etc) and resources (cultural, technological, aesthetic, experiential) learning; and Profiles empregabilidades of teachers and students in the National government for education.<\/p>\n<p><strong>Faculty<\/strong>:<\/p>\n<p>Daniela Bahia Campos Moscon<\/p>\n<p>Diva Ester Okazaki Rowe<\/p>\n<p>Eduardo Paes Barreto Davel<\/p>\n<p>Elisabeth Matos Ribeiro<\/p>\n<p>Guilherme Marback Neto<\/p>\n<p>Mauro de Oliveira Magalh\u00e3es<\/p>\n<p>Roberto Brazileiro Paix\u00e3o<\/p>\n<p>Tania Maria Diederichs Fischer<\/p>\n<p>Tania Moura Benevides<\/p>\n<p>Sonia Maria da Silva Gomes<\/p>\n\n\t\t<\/div>\n\t<\/div>\n<\/div><\/div><div class=\"vc_tta-panel\" id=\"1591200809382-a62f7643-b9c520f9-05f9\" data-vc-content=\".vc_tta-panel-body\"><div class=\"vc_tta-panel-heading\"><h4 class=\"vc_tta-panel-title vc_tta-controls-icon-position-left\"><a href=\"#1591200809382-a62f7643-b9c520f9-05f9\" data-vc-accordion data-vc-container=\".vc_tta-container\"><span class=\"vc_tta-title-text\">Organizational Studies<\/span><i class=\"vc_tta-controls-icon vc_tta-controls-icon-plus\"><\/i><\/a><\/h4><\/div><div class=\"vc_tta-panel-body\">\n\t<div class=\"wpb_text_column wpb_content_element\" >\n\t\t<div class=\"wpb_wrapper\">\n\t\t\t<p><strong>Objective:<\/strong> Build knowledge of the organization and from a number of different approaches (the epistemological, theoretical, ontological, and methodological), themes (e.g. lifelong learning, leadership, justice, career development, leadership and aesthetics, creativity, and entrepreneurship, commitment, and entrenchment) and contexts (e.g., cultural, artistic, empathetic, social, public, private).<\/p>\n<p><strong>Subject:<\/strong> The analysis and management, organizational Learning, organizational and inter-organizational; Careers-entrepreneur, arts and Culture, aesthetics, creativity, and innovation in organizations, Entrepreneurship, cultural, artistic, and caring; Science and public Administration; critical Studies in Administration, career development, Management of cultural organizations and arts Management, diversity, anthropology, organizational, Identity, sustainability, and performance in organizations, organizational Justice, Leadership is shared, and cross-cultural, Organization, management, and the life of the action; The organization, management, and economies of solidarity and popular Organisation, work and the economy of sharing, social organization, and usefulness of the social Processes, relations, and practices of human organizations; Semiotics and pragmatics of the phenomenon of organizational Work, commitment and entrenchment in the organization.<\/p>\n<p><strong>Faculty:<\/strong><\/p>\n<p>Ari\u00e1dne Scalfoni Rigo<\/p>\n<p>Daniela Bahia Campos Moscon<\/p>\n<p>Daniele Pereira Canedo<\/p>\n<p>Diva Ester Okazaki Rowe<\/p>\n<p>Eduardo Paes Barreto Davel<\/p>\n<p>Elizabeth Regina Loiola da Cruz Souza<\/p>\n<p>Genauto Carvalho de Fran\u00e7a Filho<\/p>\n<p>Maria Elisabete Pereira dos Santos<\/p>\n\n\t\t<\/div>\n\t<\/div>\n<\/div><\/div><div class=\"vc_tta-panel\" id=\"1591200959917-f4ef355c-f82c20f9-05f9\" data-vc-content=\".vc_tta-panel-body\"><div class=\"vc_tta-panel-heading\"><h4 class=\"vc_tta-panel-title vc_tta-controls-icon-position-left\"><a href=\"#1591200959917-f4ef355c-f82c20f9-05f9\" data-vc-accordion data-vc-container=\".vc_tta-container\"><span class=\"vc_tta-title-text\">Technology, Competitiveness and Markets<\/span><i class=\"vc_tta-controls-icon vc_tta-controls-icon-plus\"><\/i><\/a><\/h4><\/div><div class=\"vc_tta-panel-body\">\n\t<div class=\"wpb_text_column wpb_content_element\" >\n\t\t<div class=\"wpb_wrapper\">\n\t\t\t<p><strong>Objective:<\/strong> Gain knowledge on the factors of competitiveness of the company, with the changes in the environment, technical, economic and institutional aspects, and the challenges of the contemporary world (e.g. the innovation and learning, the quality, and the environment) as a result of the challenges for the translation of the scientific production technology and technology, incorporating the decisions of the organisation itself, in all of its various sizes and dimensions, in the context of the competition in the global economy.<\/p>\n<p><strong>Subject: <\/strong>Strategies, technologies, market, environmental, and financial Management, technology, Marketing, and social development; Marketing strategy and experience, corporate Finance, and financial markets, the Management of the production.<\/p>\n<p><strong>Faculty:<\/strong><\/p>\n<p>Andrea Cardoso Ventura<\/p>\n<p>Elizabeth Regina Loiola da Cruz Souza<\/p>\n<p>Ernani Marques dos Santos<\/p>\n<p>Fernando Antonio de Melo Pereira<\/p>\n<p>Jair Sampaio Soares Junior<\/p>\n<p>Leandro Jose Silva Andrade<\/p>\n<p>Luciana Alves Rodas Viera<\/p>\n<p>Jos\u00e9 C\u00e9lio Silveira De Andrade<\/p>\n<p>Paulo Soares De Figueiredo<\/p>\n<p>Ricardo Coutinho Melo<\/p>\n<p>Rodrigo Ladeira<\/p>\n<p>Sonia Maria da Silva Gomes<\/p>\n<p>Vera Lucia Peixoto Santos Mendes<\/p>\n\n\t\t<\/div>\n\t<\/div>\n<\/div><\/div><\/div><\/div><\/div><\/div><\/div><\/div><\/div><\/div><\/div><\/div><div class=\"vc_row wpb_row vc_row-fluid\"><div class=\"wpb_column vc_column_container vc_col-sm-12\"><div class=\"vc_column-inner\"><div class=\"wpb_wrapper\"><div class=\"vc_empty_space\"   style=\"height: 50px\"><span class=\"vc_empty_space_inner\"><\/span><\/div><\/div><\/div><\/div><\/div>","protected":false},"excerpt":{"rendered":"<p><a class=\"more-link\" href=\"https:\/\/npga.ufba.br\/en\/pesquisa\/linhas\/#more-122\">Leia Mais<\/a><\/p>","protected":false},"author":1,"featured_media":0,"parent":786,"menu_order":0,"comment_status":"closed","ping_status":"closed","template":"full-width-page.php","meta":{"footnotes":""},"class_list":["post-122","page","type-page","status-publish","hentry"],"yoast_head":"<!-- This site is optimized with the Yoast SEO plugin v25.5 - https:\/\/yoast.com\/wordpress\/plugins\/seo\/ -->\n<title>Linhas - NPGA<\/title>\n<meta name=\"robots\" content=\"index, follow, max-snippet:-1, max-image-preview:large, max-video-preview:-1\" \/>\n<link rel=\"canonical\" href=\"https:\/\/npga.ufba.br\/en\/pesquisa\/linhas\/\" \/>\n<meta property=\"og:locale\" content=\"en_US\" \/>\n<meta property=\"og:type\" content=\"article\" \/>\n<meta property=\"og:title\" content=\"Linhas - NPGA\" \/>\n<meta property=\"og:description\" content=\"Leia Mais\" \/>\n<meta property=\"og:url\" content=\"https:\/\/npga.ufba.br\/en\/pesquisa\/linhas\/\" \/>\n<meta property=\"og:site_name\" content=\"NPGA\" \/>\n<meta property=\"article:modified_time\" content=\"2026-04-09T18:35:11+00:00\" \/>\n<meta name=\"twitter:card\" content=\"summary_large_image\" \/>\n<meta name=\"twitter:label1\" content=\"Est. reading time\" \/>\n\t<meta name=\"twitter:data1\" content=\"5 minutes\" \/>\n<script type=\"application\/ld+json\" class=\"yoast-schema-graph\">{\"@context\":\"https:\/\/schema.org\",\"@graph\":[{\"@type\":\"WebPage\",\"@id\":\"https:\/\/npga.ufba.br\/pesquisa\/linhas\/\",\"url\":\"https:\/\/npga.ufba.br\/pesquisa\/linhas\/\",\"name\":\"Linhas - NPGA\",\"isPartOf\":{\"@id\":\"https:\/\/npga.ufba.br\/en\/#website\"},\"datePublished\":\"2020-05-24T00:57:44+00:00\",\"dateModified\":\"2026-04-09T18:35:11+00:00\",\"breadcrumb\":{\"@id\":\"https:\/\/npga.ufba.br\/pesquisa\/linhas\/#breadcrumb\"},\"inLanguage\":\"en-US\",\"potentialAction\":[{\"@type\":\"ReadAction\",\"target\":[\"https:\/\/npga.ufba.br\/pesquisa\/linhas\/\"]}]},{\"@type\":\"BreadcrumbList\",\"@id\":\"https:\/\/npga.ufba.br\/pesquisa\/linhas\/#breadcrumb\",\"itemListElement\":[{\"@type\":\"ListItem\",\"position\":1,\"name\":\"In\u00edcio\",\"item\":\"https:\/\/npga.ufba.br\/\"},{\"@type\":\"ListItem\",\"position\":2,\"name\":\"Pesquisa\",\"item\":\"https:\/\/npga.ufba.br\/pesquisa\/\"},{\"@type\":\"ListItem\",\"position\":3,\"name\":\"Linhas\"}]},{\"@type\":\"WebSite\",\"@id\":\"https:\/\/npga.ufba.br\/en\/#website\",\"url\":\"https:\/\/npga.ufba.br\/en\/\",\"name\":\"NPGA\",\"description\":\"N\u00facleo de P\u00f3s-Gradua\u00e7\u00e3o em Administra\u00e7\u00e3o\",\"publisher\":{\"@id\":\"https:\/\/npga.ufba.br\/en\/#organization\"},\"potentialAction\":[{\"@type\":\"SearchAction\",\"target\":{\"@type\":\"EntryPoint\",\"urlTemplate\":\"https:\/\/npga.ufba.br\/en\/?s={search_term_string}\"},\"query-input\":{\"@type\":\"PropertyValueSpecification\",\"valueRequired\":true,\"valueName\":\"search_term_string\"}}],\"inLanguage\":\"en-US\"},{\"@type\":\"Organization\",\"@id\":\"https:\/\/npga.ufba.br\/en\/#organization\",\"name\":\"NPGA\",\"url\":\"https:\/\/npga.ufba.br\/en\/\",\"logo\":{\"@type\":\"ImageObject\",\"inLanguage\":\"en-US\",\"@id\":\"https:\/\/npga.ufba.br\/en\/#\/schema\/logo\/image\/\",\"url\":\"https:\/\/npga.ufba.br\/wp-content\/uploads\/2020\/06\/marcasunidades_NPGA-e1591028086985.png\",\"contentUrl\":\"https:\/\/npga.ufba.br\/wp-content\/uploads\/2020\/06\/marcasunidades_NPGA-e1591028086985.png\",\"width\":340,\"height\":135,\"caption\":\"NPGA\"},\"image\":{\"@id\":\"https:\/\/npga.ufba.br\/en\/#\/schema\/logo\/image\/\"}}]}<\/script>\n<!-- \/ Yoast SEO plugin. -->","yoast_head_json":{"title":"Line - NPGA","robots":{"index":"index","follow":"follow","max-snippet":"max-snippet:-1","max-image-preview":"max-image-preview:large","max-video-preview":"max-video-preview:-1"},"canonical":"https:\/\/npga.ufba.br\/en\/pesquisa\/linhas\/","og_locale":"en_US","og_type":"article","og_title":"Linhas - NPGA","og_description":"Leia Mais","og_url":"https:\/\/npga.ufba.br\/en\/pesquisa\/linhas\/","og_site_name":"NPGA","article_modified_time":"2026-04-09T18:35:11+00:00","twitter_card":"summary_large_image","twitter_misc":{"Est. reading time":"5 minutes"},"schema":{"@context":"https:\/\/schema.org","@graph":[{"@type":"WebPage","@id":"https:\/\/npga.ufba.br\/pesquisa\/linhas\/","url":"https:\/\/npga.ufba.br\/pesquisa\/linhas\/","name":"Line - NPGA","isPartOf":{"@id":"https:\/\/npga.ufba.br\/en\/#website"},"datePublished":"2020-05-24T00:57:44+00:00","dateModified":"2026-04-09T18:35:11+00:00","breadcrumb":{"@id":"https:\/\/npga.ufba.br\/pesquisa\/linhas\/#breadcrumb"},"inLanguage":"en-US","potentialAction":[{"@type":"ReadAction","target":["https:\/\/npga.ufba.br\/pesquisa\/linhas\/"]}]},{"@type":"BreadcrumbList","@id":"https:\/\/npga.ufba.br\/pesquisa\/linhas\/#breadcrumb","itemListElement":[{"@type":"ListItem","position":1,"name":"In\u00edcio","item":"https:\/\/npga.ufba.br\/"},{"@type":"ListItem","position":2,"name":"Pesquisa","item":"https:\/\/npga.ufba.br\/pesquisa\/"},{"@type":"ListItem","position":3,"name":"Linhas"}]},{"@type":"WebSite","@id":"https:\/\/npga.ufba.br\/en\/#website","url":"https:\/\/npga.ufba.br\/en\/","name":"NPGA","description":"N\u00facleo de P\u00f3s-Gradua\u00e7\u00e3o em Administra\u00e7\u00e3o","publisher":{"@id":"https:\/\/npga.ufba.br\/en\/#organization"},"potentialAction":[{"@type":"SearchAction","target":{"@type":"EntryPoint","urlTemplate":"https:\/\/npga.ufba.br\/en\/?s={search_term_string}"},"query-input":{"@type":"PropertyValueSpecification","valueRequired":true,"valueName":"search_term_string"}}],"inLanguage":"en-US"},{"@type":"Organization","@id":"https:\/\/npga.ufba.br\/en\/#organization","name":"NPGA","url":"https:\/\/npga.ufba.br\/en\/","logo":{"@type":"ImageObject","inLanguage":"en-US","@id":"https:\/\/npga.ufba.br\/en\/#\/schema\/logo\/image\/","url":"https:\/\/npga.ufba.br\/wp-content\/uploads\/2020\/06\/marcasunidades_NPGA-e1591028086985.png","contentUrl":"https:\/\/npga.ufba.br\/wp-content\/uploads\/2020\/06\/marcasunidades_NPGA-e1591028086985.png","width":340,"height":135,"caption":"NPGA"},"image":{"@id":"https:\/\/npga.ufba.br\/en\/#\/schema\/logo\/image\/"}}]}},"_links":{"self":[{"href":"https:\/\/npga.ufba.br\/en\/wp-json\/wp\/v2\/pages\/122","targetHints":{"allow":["GET"]}}],"collection":[{"href":"https:\/\/npga.ufba.br\/en\/wp-json\/wp\/v2\/pages"}],"about":[{"href":"https:\/\/npga.ufba.br\/en\/wp-json\/wp\/v2\/types\/page"}],"author":[{"embeddable":true,"href":"https:\/\/npga.ufba.br\/en\/wp-json\/wp\/v2\/users\/1"}],"replies":[{"embeddable":true,"href":"https:\/\/npga.ufba.br\/en\/wp-json\/wp\/v2\/comments?post=122"}],"version-history":[{"count":0,"href":"https:\/\/npga.ufba.br\/en\/wp-json\/wp\/v2\/pages\/122\/revisions"}],"up":[{"embeddable":true,"href":"https:\/\/npga.ufba.br\/en\/wp-json\/wp\/v2\/pages\/786"}],"wp:attachment":[{"href":"https:\/\/npga.ufba.br\/en\/wp-json\/wp\/v2\/media?parent=122"}],"curies":[{"name":"wp","href":"https:\/\/api.w.org\/{rel}","templated":true}]}}