{"id":1933,"date":"2020-06-01T19:57:13","date_gmt":"2020-06-01T22:57:13","guid":{"rendered":"http:\/\/npga.ufba.br\/estrutura-pesquisa-copy-2\/"},"modified":"2021-05-04T22:59:46","modified_gmt":"2021-05-05T01:59:46","slug":"estrutura","status":"publish","type":"page","link":"https:\/\/npga.ufba.br\/en\/npga\/estrutura\/","title":{"rendered":"Structure"},"content":{"rendered":"<div class=\"vc_row wpb_row vc_row-fluid\"><div class=\"container\"><div class=\"sd-centered-wrapper\"><div class=\"wpb_column vc_column_container vc_col-sm-12\"><div class=\"vc_column-inner\"><div class=\"wpb_wrapper\"><div class=\"vc_empty_space\"   style=\"height: 50px\"><span class=\"vc_empty_space_inner\"><\/span><\/div>\n\t<div class=\"wpb_text_column wpb_content_element\" >\n\t\t<div class=\"wpb_wrapper\">\n\t\t\t<h2 style=\"text-align: center;\">Structure<\/h2>\n\n\t\t<\/div>\n\t<\/div>\n<div class=\"vc_empty_space\"   style=\"height: 30px\"><span class=\"vc_empty_space_inner\"><\/span><\/div><\/div><\/div><\/div><\/div><\/div><\/div><div class=\"vc_row wpb_row vc_row-fluid\"><div class=\"container\"><div class=\"sd-centered-wrapper\"><div class=\"wpb_column vc_column_container vc_col-sm-12\"><div class=\"vc_column-inner\"><div class=\"wpb_wrapper\"><div class=\"vc_tta-container\" data-vc-action=\"collapse\"><div class=\"vc_general vc_tta vc_tta-tabs vc_tta-color-grey vc_tta-style-classic vc_tta-shape-rounded vc_tta-o-shape-group vc_tta-o-no-fill vc_tta-tabs-position-left vc_tta-controls-align-left\"><div class=\"vc_tta-tabs-container\"><ul class=\"vc_tta-tabs-list\"><li class=\"vc_tta-tab vc_active\" data-vc-tab><a href=\"#1597256553216-dee7a538-9e0a\" data-vc-tabs data-vc-container=\".vc_tta\"><span class=\"vc_tta-title-text\">NPGA<\/span><\/a><\/li><li class=\"vc_tta-tab\" data-vc-tab><a href=\"#1597256553223-ca3bcb67-d1ff\" data-vc-tabs data-vc-container=\".vc_tta\"><span class=\"vc_tta-title-text\">PPGA Academic<\/span><\/a><\/li><li class=\"vc_tta-tab\" data-vc-tab><a href=\"#1597256983833-20de2932-e0f2\" data-vc-tabs data-vc-container=\".vc_tta\"><span class=\"vc_tta-title-text\">PPGA Professional<\/span><\/a><\/li><li class=\"vc_tta-tab\" data-vc-tab><a href=\"#1597257090273-f6f56d3b-8259\" data-vc-tabs data-vc-container=\".vc_tta\"><span class=\"vc_tta-title-text\">NAPP<\/span><\/a><\/li><li class=\"vc_tta-tab\" data-vc-tab><a href=\"#1618408911064-b2f405d1-5f78\" data-vc-tabs data-vc-container=\".vc_tta\"><span class=\"vc_tta-title-text\">Students<\/span><\/a><\/li><\/ul><\/div><div class=\"vc_tta-panels-container\"><div class=\"vc_tta-panels\"><div class=\"vc_tta-panel vc_active\" id=\"1597256553216-dee7a538-9e0a\" data-vc-content=\".vc_tta-panel-body\"><div class=\"vc_tta-panel-heading\"><h4 class=\"vc_tta-panel-title\"><a href=\"#1597256553216-dee7a538-9e0a\" data-vc-accordion data-vc-container=\".vc_tta-container\"><span class=\"vc_tta-title-text\">NPGA<\/span><\/a><\/h4><\/div><div class=\"vc_tta-panel-body\">\n\t<div class=\"wpb_text_column wpb_content_element\" >\n\t\t<div class=\"wpb_wrapper\">\n\t\t\t<p>Graduate Center for Management - NPGA<\/p>\n<p><strong>Purpose<\/strong> to promote research, teaching and extension within the scope of postgraduate courses in Administration.<\/p>\n<p><strong>Composition: <\/strong>coordination, vice-coordination and collegiate bodies of the Academic PPGA and Professional PPGA.<\/p>\n<p><strong>Term:\u00a0<\/strong>2 years.<\/p>\n\n\t\t<\/div>\n\t<\/div>\n<\/div><\/div><div class=\"vc_tta-panel\" id=\"1597256553223-ca3bcb67-d1ff\" data-vc-content=\".vc_tta-panel-body\"><div class=\"vc_tta-panel-heading\"><h4 class=\"vc_tta-panel-title\"><a href=\"#1597256553223-ca3bcb67-d1ff\" data-vc-accordion data-vc-container=\".vc_tta-container\"><span class=\"vc_tta-title-text\">PPGA Academic<\/span><\/a><\/h4><\/div><div class=\"vc_tta-panel-body\">\n\t<div class=\"wpb_text_column wpb_content_element\" >\n\t\t<div class=\"wpb_wrapper\">\n\t\t\t<p>Graduate Program in Management - Academic PPGA<\/p>\n<p class=\"translation-block\"><strong>Purpose:<\/strong> : to promote the teaching-learning process, guide students and manage the  activities of the program (planning, organization, coordination, pedagogy, assessment, and conclusion).<\/p>\n<p class=\"translation-block\"><strong>Composition:<\/strong> coordinator,   deputy coordinator  and collective body<\/p>\n<p class=\"translation-block\"><strong>Collective body composition:<\/strong> accredited professors  from the permanent staff of the course and student representative.<\/p>\n<p class=\"translation-block\"><strong>Mandate:<\/strong> 2 years<\/p>\n\n\t\t<\/div>\n\t<\/div>\n<\/div><\/div><div class=\"vc_tta-panel\" id=\"1597256983833-20de2932-e0f2\" data-vc-content=\".vc_tta-panel-body\"><div class=\"vc_tta-panel-heading\"><h4 class=\"vc_tta-panel-title\"><a href=\"#1597256983833-20de2932-e0f2\" data-vc-accordion data-vc-container=\".vc_tta-container\"><span class=\"vc_tta-title-text\">PPGA Professional<\/span><\/a><\/h4><\/div><div class=\"vc_tta-panel-body\">\n\t<div class=\"wpb_text_column wpb_content_element\" >\n\t\t<div class=\"wpb_wrapper\">\n\t\t\t<p>Graduate Program in Management - Professional PPGA<\/p>\n<p class=\"translation-block\"><strong>Purpose:<\/strong> : to promote the teaching-learning process, guide students and manage the  activities of the program (planning, organization, coordination, pedagogy, assessment, and conclusion).<\/p>\n<p class=\"translation-block\"><strong>Composition:<\/strong> coordinator,   deputy coordinator  and collective body<\/p>\n<p class=\"translation-block\"><strong>Collective body composition:<\/strong> accredited professors  from the permanent staff of the course and student representative.<\/p>\n<p class=\"translation-block\"><strong>Mandate:<\/strong> 2 years<\/p>\n\n\t\t<\/div>\n\t<\/div>\n<\/div><\/div><div class=\"vc_tta-panel\" id=\"1597257090273-f6f56d3b-8259\" data-vc-content=\".vc_tta-panel-body\"><div class=\"vc_tta-panel-heading\"><h4 class=\"vc_tta-panel-title\"><a href=\"#1597257090273-f6f56d3b-8259\" data-vc-accordion data-vc-container=\".vc_tta-container\"><span class=\"vc_tta-title-text\">NAPP<\/span><\/a><\/h4><\/div><div class=\"vc_tta-panel-body\">\n\t<div class=\"wpb_text_column wpb_content_element\" >\n\t\t<div class=\"wpb_wrapper\">\n\t\t\t<p>Support Center for Research and Publication \u2013 NAPP<\/p>\n<p><strong>Purpose<\/strong> apoiar os estudantes no processo de elabora\u00e7\u00e3o de teses e disserta\u00e7\u00f5es. O NAPP tem organizado a\u00e7\u00f5es de apoio intenso \u00e0 pesquisa dispondo de sala com isolamento ac\u00fastico, multim\u00eddia, computadores e softwares como SPHINX, SPSS, N-Vivo, Atlas-TI, SAS, Stata e EndNote. A constante realiza\u00e7\u00e3o de cursos de curta-dura\u00e7\u00e3o tamb\u00e9m se destaca como forma de apoio \u00e0 pesquisa.<\/p>\n<p><strong>Composition:\u00a0<\/strong>coordena\u00e7\u00e3o e vice-coordena\u00e7\u00e3o.<\/p>\n<p><strong>Term:\u00a0<\/strong>determinado pela coordena\u00e7\u00e3o do NPGA.<\/p>\n\n\t\t<\/div>\n\t<\/div>\n<\/div><\/div><div class=\"vc_tta-panel\" id=\"1618408911064-b2f405d1-5f78\" data-vc-content=\".vc_tta-panel-body\"><div class=\"vc_tta-panel-heading\"><h4 class=\"vc_tta-panel-title\"><a href=\"#1618408911064-b2f405d1-5f78\" data-vc-accordion data-vc-container=\".vc_tta-container\"><span class=\"vc_tta-title-text\">Students<\/span><\/a><\/h4><\/div><div class=\"vc_tta-panel-body\">\n\t<div class=\"wpb_text_column wpb_content_element\" >\n\t\t<div class=\"wpb_wrapper\">\n\t\t\t<p>Student Representation<\/p>\n<p><strong>Purpose<\/strong> representar estudantes do NPGA nas inst\u00e2ncias institucionais e deliberativas do NPGA, da EAUFBA e nos demais espa\u00e7os da UFBA. Visa tamb\u00e9m orientar, apoiar e acompanhar administrativamente os estudantes do NPGA com pedido de dispensa de componentes curriculares decorrente de aproveitamento de estudos, com substitui\u00e7\u00e3o do orientador, prorroga\u00e7\u00e3o do tempo de integraliza\u00e7\u00e3o do curso, em conformidade com os marcos regulat\u00f3rios da UFBA e outros assuntos pertinentes aos interesses dos estudantes.<\/p>\n<p><strong>Composition:<\/strong> representante estudantil, vice representante e representante suplente, a partir de elei\u00e7\u00e3o dos estudantes do NPGA.<\/p>\n<p><strong>Term:<\/strong> 1 ano, ao iniciar-se no ato da posse, sendo permitida uma recondu\u00e7\u00e3o.<\/p>\n\n\t\t<\/div>\n\t<\/div>\n<\/div><\/div><\/div><\/div><\/div><\/div><\/div><\/div><\/div><\/div><\/div><\/div><div class=\"vc_row wpb_row vc_row-fluid\"><div class=\"wpb_column vc_column_container vc_col-sm-12\"><div class=\"vc_column-inner\"><div class=\"wpb_wrapper\"><div class=\"vc_empty_space\"   style=\"height: 32px\"><span class=\"vc_empty_space_inner\"><\/span><\/div><\/div><\/div><\/div><\/div>","protected":false},"excerpt":{"rendered":"<p><a class=\"more-link\" href=\"https:\/\/npga.ufba.br\/en\/npga\/estrutura\/#more-1933\">Leia Mais<\/a><\/p>","protected":false},"author":1,"featured_media":0,"parent":1939,"menu_order":0,"comment_status":"closed","ping_status":"closed","template":"full-width-page.php","meta":{"footnotes":""},"class_list":["post-1933","page","type-page","status-publish","hentry"],"yoast_head":"<!-- This site is optimized with the Yoast SEO plugin v25.5 - https:\/\/yoast.com\/wordpress\/plugins\/seo\/ -->\n<title>Estrutura - NPGA<\/title>\n<meta name=\"robots\" content=\"index, follow, max-snippet:-1, max-image-preview:large, max-video-preview:-1\" \/>\n<link rel=\"canonical\" href=\"https:\/\/npga.ufba.br\/en\/npga\/estrutura\/\" \/>\n<meta property=\"og:locale\" content=\"en_US\" \/>\n<meta property=\"og:type\" content=\"article\" \/>\n<meta property=\"og:title\" content=\"Estrutura - NPGA\" \/>\n<meta property=\"og:description\" content=\"Leia Mais\" \/>\n<meta property=\"og:url\" content=\"https:\/\/npga.ufba.br\/en\/npga\/estrutura\/\" \/>\n<meta property=\"og:site_name\" content=\"NPGA\" \/>\n<meta property=\"article:modified_time\" content=\"2021-05-05T01:59:46+00:00\" \/>\n<meta name=\"twitter:card\" content=\"summary_large_image\" \/>\n<meta name=\"twitter:label1\" content=\"Est. reading time\" \/>\n\t<meta name=\"twitter:data1\" content=\"2 minutes\" \/>\n<script type=\"application\/ld+json\" class=\"yoast-schema-graph\">{\"@context\":\"https:\/\/schema.org\",\"@graph\":[{\"@type\":\"WebPage\",\"@id\":\"https:\/\/npga.ufba.br\/npga\/estrutura\/\",\"url\":\"https:\/\/npga.ufba.br\/npga\/estrutura\/\",\"name\":\"Estrutura - NPGA\",\"isPartOf\":{\"@id\":\"https:\/\/npga.ufba.br\/en\/#website\"},\"datePublished\":\"2020-06-01T22:57:13+00:00\",\"dateModified\":\"2021-05-05T01:59:46+00:00\",\"breadcrumb\":{\"@id\":\"https:\/\/npga.ufba.br\/npga\/estrutura\/#breadcrumb\"},\"inLanguage\":\"en-US\",\"potentialAction\":[{\"@type\":\"ReadAction\",\"target\":[\"https:\/\/npga.ufba.br\/npga\/estrutura\/\"]}]},{\"@type\":\"BreadcrumbList\",\"@id\":\"https:\/\/npga.ufba.br\/npga\/estrutura\/#breadcrumb\",\"itemListElement\":[{\"@type\":\"ListItem\",\"position\":1,\"name\":\"In\u00edcio\",\"item\":\"https:\/\/npga.ufba.br\/\"},{\"@type\":\"ListItem\",\"position\":2,\"name\":\"NPGA\",\"item\":\"https:\/\/npga.ufba.br\/npga\/\"},{\"@type\":\"ListItem\",\"position\":3,\"name\":\"Estrutura\"}]},{\"@type\":\"WebSite\",\"@id\":\"https:\/\/npga.ufba.br\/en\/#website\",\"url\":\"https:\/\/npga.ufba.br\/en\/\",\"name\":\"NPGA\",\"description\":\"N\u00facleo de P\u00f3s-Gradua\u00e7\u00e3o em Administra\u00e7\u00e3o\",\"publisher\":{\"@id\":\"https:\/\/npga.ufba.br\/en\/#organization\"},\"potentialAction\":[{\"@type\":\"SearchAction\",\"target\":{\"@type\":\"EntryPoint\",\"urlTemplate\":\"https:\/\/npga.ufba.br\/en\/?s={search_term_string}\"},\"query-input\":{\"@type\":\"PropertyValueSpecification\",\"valueRequired\":true,\"valueName\":\"search_term_string\"}}],\"inLanguage\":\"en-US\"},{\"@type\":\"Organization\",\"@id\":\"https:\/\/npga.ufba.br\/en\/#organization\",\"name\":\"NPGA\",\"url\":\"https:\/\/npga.ufba.br\/en\/\",\"logo\":{\"@type\":\"ImageObject\",\"inLanguage\":\"en-US\",\"@id\":\"https:\/\/npga.ufba.br\/en\/#\/schema\/logo\/image\/\",\"url\":\"https:\/\/npga.ufba.br\/wp-content\/uploads\/2020\/06\/marcasunidades_NPGA-e1591028086985.png\",\"contentUrl\":\"https:\/\/npga.ufba.br\/wp-content\/uploads\/2020\/06\/marcasunidades_NPGA-e1591028086985.png\",\"width\":340,\"height\":135,\"caption\":\"NPGA\"},\"image\":{\"@id\":\"https:\/\/npga.ufba.br\/en\/#\/schema\/logo\/image\/\"}}]}<\/script>\n<!-- \/ Yoast SEO plugin. -->","yoast_head_json":{"title":"Estrutura - NPGA","robots":{"index":"index","follow":"follow","max-snippet":"max-snippet:-1","max-image-preview":"max-image-preview:large","max-video-preview":"max-video-preview:-1"},"canonical":"https:\/\/npga.ufba.br\/en\/npga\/estrutura\/","og_locale":"en_US","og_type":"article","og_title":"Estrutura - NPGA","og_description":"Leia Mais","og_url":"https:\/\/npga.ufba.br\/en\/npga\/estrutura\/","og_site_name":"NPGA","article_modified_time":"2021-05-05T01:59:46+00:00","twitter_card":"summary_large_image","twitter_misc":{"Est. reading time":"2 minutes"},"schema":{"@context":"https:\/\/schema.org","@graph":[{"@type":"WebPage","@id":"https:\/\/npga.ufba.br\/npga\/estrutura\/","url":"https:\/\/npga.ufba.br\/npga\/estrutura\/","name":"Estrutura - NPGA","isPartOf":{"@id":"https:\/\/npga.ufba.br\/en\/#website"},"datePublished":"2020-06-01T22:57:13+00:00","dateModified":"2021-05-05T01:59:46+00:00","breadcrumb":{"@id":"https:\/\/npga.ufba.br\/npga\/estrutura\/#breadcrumb"},"inLanguage":"en-US","potentialAction":[{"@type":"ReadAction","target":["https:\/\/npga.ufba.br\/npga\/estrutura\/"]}]},{"@type":"BreadcrumbList","@id":"https:\/\/npga.ufba.br\/npga\/estrutura\/#breadcrumb","itemListElement":[{"@type":"ListItem","position":1,"name":"In\u00edcio","item":"https:\/\/npga.ufba.br\/"},{"@type":"ListItem","position":2,"name":"NPGA","item":"https:\/\/npga.ufba.br\/npga\/"},{"@type":"ListItem","position":3,"name":"Estrutura"}]},{"@type":"WebSite","@id":"https:\/\/npga.ufba.br\/en\/#website","url":"https:\/\/npga.ufba.br\/en\/","name":"NPGA","description":"N\u00facleo de P\u00f3s-Gradua\u00e7\u00e3o em Administra\u00e7\u00e3o","publisher":{"@id":"https:\/\/npga.ufba.br\/en\/#organization"},"potentialAction":[{"@type":"SearchAction","target":{"@type":"EntryPoint","urlTemplate":"https:\/\/npga.ufba.br\/en\/?s={search_term_string}"},"query-input":{"@type":"PropertyValueSpecification","valueRequired":true,"valueName":"search_term_string"}}],"inLanguage":"en-US"},{"@type":"Organization","@id":"https:\/\/npga.ufba.br\/en\/#organization","name":"NPGA","url":"https:\/\/npga.ufba.br\/en\/","logo":{"@type":"ImageObject","inLanguage":"en-US","@id":"https:\/\/npga.ufba.br\/en\/#\/schema\/logo\/image\/","url":"https:\/\/npga.ufba.br\/wp-content\/uploads\/2020\/06\/marcasunidades_NPGA-e1591028086985.png","contentUrl":"https:\/\/npga.ufba.br\/wp-content\/uploads\/2020\/06\/marcasunidades_NPGA-e1591028086985.png","width":340,"height":135,"caption":"NPGA"},"image":{"@id":"https:\/\/npga.ufba.br\/en\/#\/schema\/logo\/image\/"}}]}},"_links":{"self":[{"href":"https:\/\/npga.ufba.br\/en\/wp-json\/wp\/v2\/pages\/1933","targetHints":{"allow":["GET"]}}],"collection":[{"href":"https:\/\/npga.ufba.br\/en\/wp-json\/wp\/v2\/pages"}],"about":[{"href":"https:\/\/npga.ufba.br\/en\/wp-json\/wp\/v2\/types\/page"}],"author":[{"embeddable":true,"href":"https:\/\/npga.ufba.br\/en\/wp-json\/wp\/v2\/users\/1"}],"replies":[{"embeddable":true,"href":"https:\/\/npga.ufba.br\/en\/wp-json\/wp\/v2\/comments?post=1933"}],"version-history":[{"count":0,"href":"https:\/\/npga.ufba.br\/en\/wp-json\/wp\/v2\/pages\/1933\/revisions"}],"up":[{"embeddable":true,"href":"https:\/\/npga.ufba.br\/en\/wp-json\/wp\/v2\/pages\/1939"}],"wp:attachment":[{"href":"https:\/\/npga.ufba.br\/en\/wp-json\/wp\/v2\/media?parent=1933"}],"curies":[{"name":"wp","href":"https:\/\/api.w.org\/{rel}","templated":true}]}}