{"id":1951,"date":"2020-06-01T20:17:24","date_gmt":"2020-06-01T23:17:24","guid":{"rendered":"http:\/\/npga.ufba.br\/professores-copy\/"},"modified":"2025-03-06T11:42:04","modified_gmt":"2025-03-06T14:42:04","slug":"professores","status":"publish","type":"page","link":"https:\/\/npga.ufba.br\/en\/mestrado\/professores\/","title":{"rendered":"Faculty"},"content":{"rendered":"<div class=\"vc_row wpb_row vc_row-fluid\"><div class=\"wpb_column vc_column_container vc_col-sm-12\"><div class=\"vc_column-inner\"><div class=\"wpb_wrapper\"><div class=\"vc_empty_space\"   style=\"height: 50px\"><span class=\"vc_empty_space_inner\"><\/span><\/div>\n\t<div class=\"wpb_text_column wpb_content_element\" >\n\t\t<div class=\"wpb_wrapper\">\n\t\t\t<h2 style=\"text-align: center; font-weight: normal;\">Faculty<\/h2>\n\n\t\t<\/div>\n\t<\/div>\n<div class=\"vc_empty_space\"   style=\"height: 50px\"><span class=\"vc_empty_space_inner\"><\/span><\/div><\/div><\/div><\/div><\/div><div class=\"vc_row wpb_row vc_row-fluid\"><div class=\"container\"><div class=\"sd-centered-wrapper\"><div class=\"wpb_column vc_column_container vc_col-sm-12\"><div class=\"vc_column-inner\"><div class=\"wpb_wrapper\"><div class=\"vc_tta-container\" data-vc-action=\"collapseAll\"><div class=\"vc_general vc_tta vc_tta-accordion vc_tta-color-grey vc_tta-style-classic vc_tta-shape-rounded vc_tta-spacing-1 vc_tta-gap-5 vc_tta-controls-align-left vc_tta-o-all-clickable\"><div class=\"vc_tta-panels-container\"><div class=\"vc_tta-panels\"><div class=\"vc_tta-panel\" id=\"1618413204510-8691fe69-78f5\" data-vc-content=\".vc_tta-panel-body\"><div class=\"vc_tta-panel-heading\"><h4 class=\"vc_tta-panel-title vc_tta-controls-icon-position-left\"><a href=\"#1618413204510-8691fe69-78f5\" data-vc-accordion data-vc-container=\".vc_tta-container\"><span class=\"vc_tta-title-text\">Permanent faculty<\/span><i class=\"vc_tta-controls-icon vc_tta-controls-icon-plus\"><\/i><\/a><\/h4><\/div><div class=\"vc_tta-panel-body\">\n\t<div class=\"wpb_text_column wpb_content_element\" >\n\t\t<div class=\"wpb_wrapper\">\n\t\t\t<p><a href=\"https:\/\/npga.ufba.br\/en\/professores\/ana-rita-silva-sacramento\/#more-1822\" target=\"_blank\" rel=\"noopener\">Ana Rita Silva Sacramento<\/a><br \/>\n<a href=\"http:\/\/npga.ufba.br\/en\/professores\/andrea-ventura\/\" target=\"_blank\" rel=\"noopener noreferrer\">Andrea Cardoso Ventura<\/a><br \/>\n<a href=\"http:\/\/npga.ufba.br\/en\/professores\/antonio-sergio-araujo-fernandes\/\" target=\"_blank\" rel=\"noopener noreferrer\">Ant\u00f4nio S\u00e9rgio De Ara\u00fajo Fernandes<\/a><br \/>\n<a href=\"http:\/\/npga.ufba.br\/en\/professores\/ariadne-scalfoni-rigo\/\" target=\"_blank\" rel=\"noopener noreferrer\">Ari\u00e1dne Scalfoni Rigo<\/a><br \/>\n<a href=\"https:\/\/npga.ufba.br\/en\/professores\/daniela-campos-bahia-moscon\/#more-2891\" target=\"_blank\" rel=\"noopener\">Daniela Campos Bahia Moscon<\/a><br \/>\n<a href=\"https:\/\/npga.ufba.br\/en\/professores\/daniele-pereira-canedo\/#more-3031\" target=\"_blank\" rel=\"noopener\">Daniele Pereira Canedo<\/a><br \/>\n<a href=\"https:\/\/npga.ufba.br\/en\/professores\/diva-ester-okazaki-rowe\/\" target=\"_blank\" rel=\"noopener noreferrer\">Diva Ester Okazaki Rowe<\/a><br \/>\n<a href=\"http:\/\/npga.ufba.br\/en\/professores\/eduardo-paes-barreto-davel\/\" target=\"_blank\" rel=\"noopener noreferrer\">Eduardo Paes Barreto Davel<\/a><br \/>\n<a href=\"https:\/\/npga.ufba.br\/en\/professores\/elisabeth-regina-loiola-da-cruz-souza\/#1706033737055-28cad372-5199\" target=\"_blank\" rel=\"noopener\">Elizabeth Regina Loiola da Cruz Souza<\/a><br \/>\n<a href=\"http:\/\/npga.ufba.br\/en\/professores\/elizabeth-matos-ribeiro\/\" target=\"_blank\" rel=\"noopener noreferrer\">Elizabeth Matos Ribeiro<\/a><br \/>\n<a href=\"http:\/\/npga.ufba.br\/en\/professores\/ernani-marques-dos-santos\/\" target=\"_blank\" rel=\"noopener noreferrer\">Ernani Marques dos Santos<\/a><br \/>\n<a href=\"https:\/\/npga.ufba.br\/en\/professores\/felipe-tumenas-marques\/#more-4487\" target=\"_blank\" rel=\"noopener\">Felipe Tumenas Marques<\/a><br \/>\n<a href=\"https:\/\/npga.ufba.br\/en\/professores\/fernando-antonio-de-melo-pereira\/\" target=\"_blank\" rel=\"noopener noreferrer\">Fernando Ant\u00f4nio de Melo Pereira Lhamas<\/a><br \/>\n<a href=\"http:\/\/npga.ufba.br\/en\/professores\/genauto-carvalho-de-franca-filho\/\" target=\"_blank\" rel=\"noopener noreferrer\">Genauto Carvalho de Fran\u00e7a Filho<\/a><br \/>\n<a href=\"http:\/\/npga.ufba.br\/en\/professores\/jose-celio\/\" target=\"_blank\" rel=\"noopener noreferrer\">Jos\u00e9 C\u00e9lio Silveira De Andrade<\/a><br \/>\n<a href=\"https:\/\/npga.ufba.br\/en\/professores\/julio-cesar-pedrossoli\/#more-3034\" target=\"_blank\" rel=\"noopener\">J\u00falio Cesar Pedrassoli<\/a><br \/>\n<a href=\"https:\/\/npga.ufba.br\/en\/professores\/lindomar-pinto-da-silva\/\" target=\"_blank\" rel=\"noopener noreferrer\">Lindomar Pinto da Silva<\/a><br \/>\n<a href=\"https:\/\/npga.ufba.br\/en\/professores\/luciana-alves-rodas-vera\/#more-3749\" target=\"_blank\" rel=\"noopener\">Luciana Alves Rodas Vera<\/a><br \/>\n<a href=\"http:\/\/npga.ufba.br\/en\/professores\/maria-elisabete-pereira-dos-santos\/\" target=\"_blank\" rel=\"noopener noreferrer\">Maria Elisabete Pereira dos Santos<\/a><br \/>\n<a href=\"http:\/\/npga.ufba.br\/en\/professores\/mauro-de-oliveira-magalhaes\/\" target=\"_blank\" rel=\"noopener noreferrer\">Mauro de Oliveira Magalh\u00e3es<\/a><br \/>\n<a href=\"https:\/\/npga.ufba.br\/en\/professores\/morgana-gertrudes-martins-krieger\/\" target=\"_blank\" rel=\"noopener\">Morgana Gertrudes Martins Krieger<\/a><br \/>\n<a href=\"https:\/\/npga.ufba.br\/en\/professores\/olivan-da-silva-rabelo\/\" target=\"_blank\" rel=\"noopener noreferrer\">Olivan da Silva Rabelo<\/a><br \/>\n<a href=\"http:\/\/npga.ufba.br\/en\/professores\/paulo-soares-figueiredo\/\" target=\"_blank\" rel=\"noopener noreferrer\">Paulo Soares De Figueiredo<\/a><br \/>\n<a href=\"https:\/\/npga.ufba.br\/en\/professores\/renata-rossi\/#more-2917\" target=\"_blank\" rel=\"noopener\">Renata Alvarez Rossi<\/a><br \/>\n<a href=\"http:\/\/npga.ufba.br\/en\/professores\/roberto-brazileiro-paixao\/\" target=\"_blank\" rel=\"noopener noreferrer\">Roberto Brazileiro Paix\u00e3o<\/a><br \/>\n<a href=\"http:\/\/npga.ufba.br\/en\/professores\/sonia-maria-da-silva-gomes\/\" target=\"_blank\" rel=\"noopener noreferrer\">Sonia Maria da Silva Gomes<\/a><br \/>\n<a href=\"http:\/\/npga.ufba.br\/en\/professores\/tania-maria-diederichs-fischer\/\" target=\"_blank\" rel=\"noopener noreferrer\">Tania Maria Diederichs Fischer<\/a><br \/>\n<a title=\"T\u00e2nia Moura Benevides\" href=\"https:\/\/npga.ufba.br\/en\/professores\/tania-moura-benevides\/\" target=\"_blank\" rel=\"noopener\">T\u00e2nia Moura Benevides<\/a><br \/>\n<a title=\"Vera L\u00facia Peixoto Santos Mendes\" href=\"https:\/\/npga.ufba.br\/en\/professores\/vera-lucia-peixoto-santos-mendes\/\" target=\"_blank\" rel=\"noopener\">Vera L\u00facia Peixoto Santos Mendes<\/a><\/p>\n\n\t\t<\/div>\n\t<\/div>\n<\/div><\/div><div class=\"vc_tta-panel\" id=\"1618413204558-72324145-28c7\" data-vc-content=\".vc_tta-panel-body\"><div class=\"vc_tta-panel-heading\"><h4 class=\"vc_tta-panel-title vc_tta-controls-icon-position-left\"><a href=\"#1618413204558-72324145-28c7\" data-vc-accordion data-vc-container=\".vc_tta-container\"><span class=\"vc_tta-title-text\">Colaborating faculty<\/span><i class=\"vc_tta-controls-icon vc_tta-controls-icon-plus\"><\/i><\/a><\/h4><\/div><div class=\"vc_tta-panel-body\">\n\t<div class=\"wpb_text_column wpb_content_element\" >\n\t\t<div class=\"wpb_wrapper\">\n\t\t\t<p><a href=\"https:\/\/npga.ufba.br\/en\/professores\/adriano-leal-bruni\/#more-1265\" target=\"_blank\" rel=\"noopener\">Adriano Leal Bruni<\/a><br \/>\n<a href=\"https:\/\/npga.ufba.br\/en\/professores\/andre-luis-nascimento-dos-santos\/\" target=\"_blank\" rel=\"noopener\">Andr\u00e9 Lu\u00eds Nascimento dos Santos<\/a><br \/>\n<a href=\"https:\/\/npga.ufba.br\/en\/professores\/antonio-francisco-de-almeida-da-silva-junior\/#more-1484\" target=\"_blank\" rel=\"noopener\">Ant\u00f4nio Francisco de Almeida da Silva Junior<\/a><br \/>\n<a href=\"https:\/\/npga.ufba.br\/en\/professores\/edgilson-tavares-de-azevedo\/#more-3746\" target=\"_blank\" rel=\"noopener\">Edgilson Tavares de Ara\u00fajo<\/a><br \/>\n<a href=\"https:\/\/npga.ufba.br\/en\/professores\/elsa-sousa-kraychete\/#more-3026\" target=\"_blank\" rel=\"noopener\">Elsa Sousa Kraychete<\/a><br \/>\n<a href=\"http:\/\/npga.ufba.br\/en\/professores\/jefferson-david-araujo-sales\/\" target=\"_blank\" rel=\"noopener noreferrer\">Jefferson David Ara\u00fajo Sales<\/a><br \/>\n<a href=\"https:\/\/npga.ufba.br\/en\/professores\/joao-martins-tude\/#more-2931\" target=\"_blank\" rel=\"noopener\">Jo\u00e3o Martins Tude<\/a><br \/>\n<a href=\"https:\/\/npga.ufba.br\/en\/professores\/luiza-reis-teixeira\/\" target=\"_blank\" rel=\"noopener\">Luiza Reis Teixeira<\/a><br \/>\n<a href=\"https:\/\/npga.ufba.br\/en\/professores\/rodrigo-ladeira\/\" target=\"_blank\" rel=\"noopener\">Rodrigo Ladeira<\/a><\/p>\n\n\t\t<\/div>\n\t<\/div>\n<\/div><\/div><\/div><\/div><\/div><\/div><\/div><\/div><\/div><\/div><\/div><\/div><div class=\"vc_row wpb_row vc_row-fluid\"><div class=\"wpb_column vc_column_container vc_col-sm-12\"><div class=\"vc_column-inner\"><div class=\"wpb_wrapper\"><div class=\"vc_empty_space\"   style=\"height: 50px\"><span class=\"vc_empty_space_inner\"><\/span><\/div><\/div><\/div><\/div><\/div>","protected":false},"excerpt":{"rendered":"<p><a class=\"more-link\" href=\"https:\/\/npga.ufba.br\/en\/mestrado\/professores\/#more-1951\">Leia Mais<\/a><\/p>","protected":false},"author":1,"featured_media":0,"parent":860,"menu_order":0,"comment_status":"closed","ping_status":"closed","template":"full-width-page.php","meta":{"footnotes":""},"class_list":["post-1951","page","type-page","status-publish","hentry"],"yoast_head":"<!-- This site is optimized with the Yoast SEO plugin v25.5 - https:\/\/yoast.com\/wordpress\/plugins\/seo\/ -->\n<title>Professores - NPGA<\/title>\n<meta name=\"robots\" content=\"index, follow, max-snippet:-1, max-image-preview:large, max-video-preview:-1\" \/>\n<link rel=\"canonical\" href=\"https:\/\/npga.ufba.br\/en\/mestrado\/professores\/\" \/>\n<meta property=\"og:locale\" content=\"en_US\" \/>\n<meta property=\"og:type\" content=\"article\" \/>\n<meta property=\"og:title\" content=\"Professores - NPGA\" \/>\n<meta property=\"og:description\" content=\"Leia Mais\" \/>\n<meta property=\"og:url\" content=\"https:\/\/npga.ufba.br\/en\/mestrado\/professores\/\" \/>\n<meta property=\"og:site_name\" content=\"NPGA\" \/>\n<meta property=\"article:modified_time\" content=\"2025-03-06T14:42:04+00:00\" \/>\n<meta name=\"twitter:card\" content=\"summary_large_image\" \/>\n<meta name=\"twitter:label1\" content=\"Est. reading time\" \/>\n\t<meta name=\"twitter:data1\" content=\"1 minute\" \/>\n<script type=\"application\/ld+json\" class=\"yoast-schema-graph\">{\"@context\":\"https:\/\/schema.org\",\"@graph\":[{\"@type\":\"WebPage\",\"@id\":\"https:\/\/npga.ufba.br\/mestrado\/professores\/\",\"url\":\"https:\/\/npga.ufba.br\/mestrado\/professores\/\",\"name\":\"Professores - NPGA\",\"isPartOf\":{\"@id\":\"https:\/\/npga.ufba.br\/en\/#website\"},\"datePublished\":\"2020-06-01T23:17:24+00:00\",\"dateModified\":\"2025-03-06T14:42:04+00:00\",\"breadcrumb\":{\"@id\":\"https:\/\/npga.ufba.br\/mestrado\/professores\/#breadcrumb\"},\"inLanguage\":\"en-US\",\"potentialAction\":[{\"@type\":\"ReadAction\",\"target\":[\"https:\/\/npga.ufba.br\/mestrado\/professores\/\"]}]},{\"@type\":\"BreadcrumbList\",\"@id\":\"https:\/\/npga.ufba.br\/mestrado\/professores\/#breadcrumb\",\"itemListElement\":[{\"@type\":\"ListItem\",\"position\":1,\"name\":\"In\u00edcio\",\"item\":\"https:\/\/npga.ufba.br\/\"},{\"@type\":\"ListItem\",\"position\":2,\"name\":\"Mestrado\",\"item\":\"https:\/\/npga.ufba.br\/mestrado\/\"},{\"@type\":\"ListItem\",\"position\":3,\"name\":\"Professores\"}]},{\"@type\":\"WebSite\",\"@id\":\"https:\/\/npga.ufba.br\/en\/#website\",\"url\":\"https:\/\/npga.ufba.br\/en\/\",\"name\":\"NPGA\",\"description\":\"N\u00facleo de P\u00f3s-Gradua\u00e7\u00e3o em Administra\u00e7\u00e3o\",\"publisher\":{\"@id\":\"https:\/\/npga.ufba.br\/en\/#organization\"},\"potentialAction\":[{\"@type\":\"SearchAction\",\"target\":{\"@type\":\"EntryPoint\",\"urlTemplate\":\"https:\/\/npga.ufba.br\/en\/?s={search_term_string}\"},\"query-input\":{\"@type\":\"PropertyValueSpecification\",\"valueRequired\":true,\"valueName\":\"search_term_string\"}}],\"inLanguage\":\"en-US\"},{\"@type\":\"Organization\",\"@id\":\"https:\/\/npga.ufba.br\/en\/#organization\",\"name\":\"NPGA\",\"url\":\"https:\/\/npga.ufba.br\/en\/\",\"logo\":{\"@type\":\"ImageObject\",\"inLanguage\":\"en-US\",\"@id\":\"https:\/\/npga.ufba.br\/en\/#\/schema\/logo\/image\/\",\"url\":\"https:\/\/npga.ufba.br\/wp-content\/uploads\/2020\/06\/marcasunidades_NPGA-e1591028086985.png\",\"contentUrl\":\"https:\/\/npga.ufba.br\/wp-content\/uploads\/2020\/06\/marcasunidades_NPGA-e1591028086985.png\",\"width\":340,\"height\":135,\"caption\":\"NPGA\"},\"image\":{\"@id\":\"https:\/\/npga.ufba.br\/en\/#\/schema\/logo\/image\/\"}}]}<\/script>\n<!-- \/ Yoast SEO plugin. -->","yoast_head_json":{"title":"Professores - NPGA","robots":{"index":"index","follow":"follow","max-snippet":"max-snippet:-1","max-image-preview":"max-image-preview:large","max-video-preview":"max-video-preview:-1"},"canonical":"https:\/\/npga.ufba.br\/en\/mestrado\/professores\/","og_locale":"en_US","og_type":"article","og_title":"Professores - NPGA","og_description":"Leia Mais","og_url":"https:\/\/npga.ufba.br\/en\/mestrado\/professores\/","og_site_name":"NPGA","article_modified_time":"2025-03-06T14:42:04+00:00","twitter_card":"summary_large_image","twitter_misc":{"Est. reading time":"1 minute"},"schema":{"@context":"https:\/\/schema.org","@graph":[{"@type":"WebPage","@id":"https:\/\/npga.ufba.br\/mestrado\/professores\/","url":"https:\/\/npga.ufba.br\/mestrado\/professores\/","name":"Professores - NPGA","isPartOf":{"@id":"https:\/\/npga.ufba.br\/en\/#website"},"datePublished":"2020-06-01T23:17:24+00:00","dateModified":"2025-03-06T14:42:04+00:00","breadcrumb":{"@id":"https:\/\/npga.ufba.br\/mestrado\/professores\/#breadcrumb"},"inLanguage":"en-US","potentialAction":[{"@type":"ReadAction","target":["https:\/\/npga.ufba.br\/mestrado\/professores\/"]}]},{"@type":"BreadcrumbList","@id":"https:\/\/npga.ufba.br\/mestrado\/professores\/#breadcrumb","itemListElement":[{"@type":"ListItem","position":1,"name":"In\u00edcio","item":"https:\/\/npga.ufba.br\/"},{"@type":"ListItem","position":2,"name":"Mestrado","item":"https:\/\/npga.ufba.br\/mestrado\/"},{"@type":"ListItem","position":3,"name":"Professores"}]},{"@type":"WebSite","@id":"https:\/\/npga.ufba.br\/en\/#website","url":"https:\/\/npga.ufba.br\/en\/","name":"NPGA","description":"N\u00facleo de P\u00f3s-Gradua\u00e7\u00e3o em Administra\u00e7\u00e3o","publisher":{"@id":"https:\/\/npga.ufba.br\/en\/#organization"},"potentialAction":[{"@type":"SearchAction","target":{"@type":"EntryPoint","urlTemplate":"https:\/\/npga.ufba.br\/en\/?s={search_term_string}"},"query-input":{"@type":"PropertyValueSpecification","valueRequired":true,"valueName":"search_term_string"}}],"inLanguage":"en-US"},{"@type":"Organization","@id":"https:\/\/npga.ufba.br\/en\/#organization","name":"NPGA","url":"https:\/\/npga.ufba.br\/en\/","logo":{"@type":"ImageObject","inLanguage":"en-US","@id":"https:\/\/npga.ufba.br\/en\/#\/schema\/logo\/image\/","url":"https:\/\/npga.ufba.br\/wp-content\/uploads\/2020\/06\/marcasunidades_NPGA-e1591028086985.png","contentUrl":"https:\/\/npga.ufba.br\/wp-content\/uploads\/2020\/06\/marcasunidades_NPGA-e1591028086985.png","width":340,"height":135,"caption":"NPGA"},"image":{"@id":"https:\/\/npga.ufba.br\/en\/#\/schema\/logo\/image\/"}}]}},"_links":{"self":[{"href":"https:\/\/npga.ufba.br\/en\/wp-json\/wp\/v2\/pages\/1951","targetHints":{"allow":["GET"]}}],"collection":[{"href":"https:\/\/npga.ufba.br\/en\/wp-json\/wp\/v2\/pages"}],"about":[{"href":"https:\/\/npga.ufba.br\/en\/wp-json\/wp\/v2\/types\/page"}],"author":[{"embeddable":true,"href":"https:\/\/npga.ufba.br\/en\/wp-json\/wp\/v2\/users\/1"}],"replies":[{"embeddable":true,"href":"https:\/\/npga.ufba.br\/en\/wp-json\/wp\/v2\/comments?post=1951"}],"version-history":[{"count":0,"href":"https:\/\/npga.ufba.br\/en\/wp-json\/wp\/v2\/pages\/1951\/revisions"}],"up":[{"embeddable":true,"href":"https:\/\/npga.ufba.br\/en\/wp-json\/wp\/v2\/pages\/860"}],"wp:attachment":[{"href":"https:\/\/npga.ufba.br\/en\/wp-json\/wp\/v2\/media?parent=1951"}],"curies":[{"name":"wp","href":"https:\/\/api.w.org\/{rel}","templated":true}]}}