{"id":1981,"date":"2020-06-01T20:41:17","date_gmt":"2020-06-01T23:41:17","guid":{"rendered":"http:\/\/npga.ufba.br\/oportunidades-copy-2\/"},"modified":"2024-06-07T14:44:03","modified_gmt":"2024-06-07T17:44:03","slug":"forumeea","status":"publish","type":"page","link":"https:\/\/npga.ufba.br\/en\/pesquisa\/forumeea\/","title":{"rendered":"Forum E&amp;A"},"content":{"rendered":"<div class=\"vc_row wpb_row vc_row-fluid\"><div class=\"container\"><div class=\"sd-centered-wrapper\"><div class=\"wpb_column vc_column_container vc_col-sm-12\"><div class=\"vc_column-inner\"><div class=\"wpb_wrapper\"><div class=\"vc_empty_space\"   style=\"height: 50px\"><span class=\"vc_empty_space_inner\"><\/span><\/div>\n\t<div class=\"wpb_text_column wpb_content_element\" >\n\t\t<div class=\"wpb_wrapper\">\n\t\t\t<h2 style=\"text-align: center; font-weight: normal;\">Forum On Education And Management<\/h2>\n\n\t\t<\/div>\n\t<\/div>\n<div class=\"vc_empty_space\"   style=\"height: 30px\"><span class=\"vc_empty_space_inner\"><\/span><\/div><\/div><\/div><\/div><\/div><\/div><\/div><div class=\"vc_row wpb_row vc_row-fluid\"><div class=\"container\"><div class=\"sd-centered-wrapper\"><div class=\"wpb_column vc_column_container vc_col-sm-12\"><div class=\"vc_column-inner\"><div class=\"wpb_wrapper\"><div class=\"vc_tta-container\" data-vc-action=\"collapseAll\"><div class=\"vc_general vc_tta vc_tta-accordion vc_tta-color-grey vc_tta-style-classic vc_tta-shape-rounded vc_tta-spacing-1 vc_tta-gap-5 vc_tta-controls-align-left vc_tta-o-all-clickable\"><div class=\"vc_tta-panels-container\"><div class=\"vc_tta-panels\"><div class=\"vc_tta-panel\" id=\"1607045086598-9ffac993-dbee\" data-vc-content=\".vc_tta-panel-body\"><div class=\"vc_tta-panel-heading\"><h4 class=\"vc_tta-panel-title vc_tta-controls-icon-position-left\"><a href=\"#1607045086598-9ffac993-dbee\" data-vc-accordion data-vc-container=\".vc_tta-container\"><span class=\"vc_tta-title-text\">Purpose<\/span><i class=\"vc_tta-controls-icon vc_tta-controls-icon-plus\"><\/i><\/a><\/h4><\/div><div class=\"vc_tta-panel-body\">\n\t<div class=\"wpb_text_column wpb_content_element\" >\n\t\t<div class=\"wpb_wrapper\">\n\t\t\t<p>The Forum for Education and Administration, And To propose a space for sharing, reflection and debate on ideas, innovations, and practices that are targeted to the teaching and learning in the field of business Administration.<\/p>\n<p>At each meeting, one person gives an idea of the theoretical or practical education. Then, the reflection and class discussion is open to everyone in attendance.<\/p>\n<p>This activity involves the teacher in the same line of research, Education, lifelong Learning and the Management of the Core of the Post-graduate diploma in business Administration (NPGA), in the same line of research, Teaching, and Learning Management, and Social Development of the territory\u201d of the Interdisciplinary Centre for the Development and Management of Social work (CIAGS), the Collective HELD in the Research on the Organization, the Culture, and the Arts), but also with other teachers and members of the EAUFBA.<\/p>\n\n\t\t<\/div>\n\t<\/div>\n<\/div><\/div><div class=\"vc_tta-panel\" id=\"1607045086633-910f2b43-856b\" data-vc-content=\".vc_tta-panel-body\"><div class=\"vc_tta-panel-heading\"><h4 class=\"vc_tta-panel-title vc_tta-controls-icon-position-left\"><a href=\"#1607045086633-910f2b43-856b\" data-vc-accordion data-vc-container=\".vc_tta-container\"><span class=\"vc_tta-title-text\">Location<\/span><i class=\"vc_tta-controls-icon vc_tta-controls-icon-plus\"><\/i><\/a><\/h4><\/div><div class=\"vc_tta-panel-body\">\n\t<div class=\"wpb_text_column wpb_content_element\" >\n\t\t<div class=\"wpb_wrapper\">\n\t\t\t<p>In the Forum, And it&amp;A takes place on the first Wednesday of each month, from 12:15 to 13:45 pm in the meeting room:<\/p>\n<p><a href=\"http:\/\/us02web.zoom.us\/j\/85242135202\" target=\"_blank\" rel=\"noopener noreferrer\">http:\/\/us02web.zoom.us\/j\/85242135202<\/a><\/p>\n\n\t\t<\/div>\n\t<\/div>\n<\/div><\/div><div class=\"vc_tta-panel\" id=\"1607045163310-e33fbd34-664a\" data-vc-content=\".vc_tta-panel-body\"><div class=\"vc_tta-panel-heading\"><h4 class=\"vc_tta-panel-title vc_tta-controls-icon-position-left\"><a href=\"#1607045163310-e33fbd34-664a\" data-vc-accordion data-vc-container=\".vc_tta-container\"><span class=\"vc_tta-title-text\">Programming<\/span><i class=\"vc_tta-controls-icon vc_tta-controls-icon-plus\"><\/i><\/a><\/h4><\/div><div class=\"vc_tta-panel-body\">\n\t<div class=\"wpb_text_column wpb_content_element\" >\n\t\t<div class=\"wpb_wrapper\">\n\t\t\t<p>Details about the program can be found on the Instagram of the Collective HELD:<\/p>\n<p><a href=\"http:\/\/www.instagram.com\/oca_coletivo\" target=\"_blank\" rel=\"noopener noreferrer\">http:\/\/www.instagram.com\/oca_coletivo<\/a><\/p>\n<p>\u2800\u2800\u2800\u2800\u2800\u2800\u2800\u2800<\/p>\n\n\t\t<\/div>\n\t<\/div>\n<div  class=\"vc_toggle vc_toggle_default vc_toggle_color_default  vc_toggle_size_md\"><div class=\"vc_toggle_title\"><h4>2023<\/h4><i class=\"vc_toggle_icon\"><\/i><\/div><div class=\"vc_toggle_content\"><p>Ciclo Tem\u00e1tico &#8211; Educa\u00e7\u00e3o Empreendedora na Universidade: Experi\u00eancias e Inova\u00e7\u00f5es Educacionais<br \/>\n29\/3\/2023 &#8211; TCC, Start e as A\u00e7\u00f5es de Educa\u00e7\u00e3o Empreendedora \u2013 Geraldo Campos (Sapienza)<br \/>\n5\/4\/2023 &#8211; Videocasos no Ensino do Empreendedorismo &#8211; Rose Mary Almeida Lopes (ANEGEPE)<br \/>\n12\/4\/2023 &#8211; C\u00e9lulas Empreendedoras: Inova\u00e7\u00e3o Aberta na Educa\u00e7\u00e3o do Ensino Superior &#8211; Gen\u00e9sio Gomes (UPE\/C\u00e9lulas Empreendedoras)<br \/>\n19\/4\/2023 &#8211; M\u00e9todo C.H.O.Q.U.E: Tratamento para o Surto Empreendedor \u2013 Marcus Linhares (IFPI)<br \/>\n26\/4\/2023 &#8211; Educa\u00e7\u00e3o para o Empreendedorismo:\u00a0 A Experi\u00eancia de Portf\u00f3lio de a\u00e7\u00f5es &#8211; C\u00e2ndido Borges (UFG)<br \/>\n3\/5\/2023 &#8211; Aprendizagem Empreendedora a partir de Experi\u00eancias e Desafios Pr\u00e1ticos &#8211; Edson Sadao Iizuka (FEI)<br \/>\n10\/5\/2023 &#8211; Vida Real, Lego e Ensino de Empreendedorismo &#8211; Luciana Padovez Cualheta (FGV)<br \/>\n17\/5\/2023 \u2013 Fatos e Afetos na Forma\u00e7\u00e3o Empreendedora &#8211; Ant\u00f4nia M\u00e1rcia Rodrigues Sousa (UFC)<br \/>\n24\/5\/2023 &#8211; Experi\u00eancia de Inova\u00e7\u00e3o Educacional para o Empreendedorismo: O Caso MINOR &#8211; Sandra Mariano (UFF)<br \/>\n31\/5\/2023 &#8211; O M\u00e9todo Placemaking Effectual no Ensino de Empreendedorismo na P\u00f3s-Gradua\u00e7\u00e3o \u2013 Magnus Emmendoefer (UFV)<br \/>\n7\/6\/2023 &#8211; T\u00e9cnica de Ensino Multidimensional na Educa\u00e7\u00e3o Empreendedora &#8211; Andrea Aparecida da Costa Mineiro (UNIFEI)<br \/>\n6\/9\/2023 &#8211; Pr\u00e1ticas de Protagonismo Discente em Administra\u00e7\u00e3o &#8211; Beatriz Quiroz Villardi (UFRRJ)<br \/>\n4\/10\/2023 &#8211; Mindfulness na Educa\u00e7\u00e3o em Administra\u00e7\u00e3o &#8211; Rog\u00e9rio Calia (USP\/Ribeir\u00e3o Preto)<br \/>\n1\/11\/2023 &#8211; Criatividade no Ensino-Aprendizagem do Est\u00e1gio no Curso de Administra\u00e7\u00e3o &#8211; Guilherme Marback Neto (EAUFBA)<\/p>\n<\/div><\/div><div  class=\"vc_toggle vc_toggle_default vc_toggle_color_default  vc_toggle_size_md\"><div class=\"vc_toggle_title\"><h4>2022<\/h4><i class=\"vc_toggle_icon\"><\/i><\/div><div class=\"vc_toggle_content\"><p>9\/3\/2022 &#8211; A Pr\u00e1tica da Imers\u00e3o no Ensino da Sustentabilidade em Administra\u00e7\u00e3o &#8211; Gabriela Alem Appugliese (EAESP\/FGV)<br \/>\n6\/4\/2022 &#8211; Cria\u00e7\u00e3o de Narrativas no Ensino-aprendizagem em Administra\u00e7\u00e3o &#8211; Camilla Rodrigues Netto da Costa Rocha. Debate de Henrique C. Muzzio de Paiva Barroso (UFPE e coordenador da Divis\u00e3o EPQ da ANPAD), Anielson Barbosa da Silva (UFPB) e Eduardo Davel (EAUFBA). Uma parceria entre EAUFBA, UFPB e ANPAD (Divis\u00e3o EPQ)<br \/>\n4\/5\/2022 &#8211; Autodirecionamento e Transforma\u00e7\u00f5es no Contexto do Ensino de Administra\u00e7\u00e3o &#8211; Thales Batista de Lima (UFPB)<br \/>\n1\/6\/2022 &#8211; Hackathon como Estrat\u00e9gia de Ensino em Administra\u00e7\u00e3o &#8211; Jos\u00e9 Jorge Lima Dias Jr.\u00a0 (UFPB)<br \/>\n3\/8\/2022 &#8211; Sociomaterialidade no Ensino e Aprendizagem em Administra\u00e7\u00e3o &#8211; Cec\u00edlia O. Bezerra (EAUFBA)<br \/>\n14\/9\/2022 &#8211; Sustentabilidade no Ensino e Aprendizagem em Administra\u00e7\u00e3o &#8211; Ana L\u00facia de Ara\u00fajo Lima Coelho (UFPB)<br \/>\n5\/10\/2022 &#8211; Emo\u00e7\u00e3o na Educa\u00e7\u00e3o Empreendedora &#8211; Alexandre L. de \u00c1vila (EAUFBA)<br \/>\n9\/11\/2022 &#8211; Pesquisa em Educa\u00e7\u00e3o na \u00c1rea da Administra\u00e7\u00e3o: Um Balan\u00e7o de Tend\u00eancias e Perspectivas &#8211; Henrique C. Muzzio de Paiva Barroso (UFPE)<br \/>\n7\/12\/2022 &#8211; Encantamento e Gratid\u00e3o no Ensino em Administra\u00e7\u00e3o &#8211; Marcos Alexandre de Melo Barros (UFPE)<\/p>\n<\/div><\/div><div  class=\"vc_toggle vc_toggle_default vc_toggle_color_default  vc_toggle_size_md\"><div class=\"vc_toggle_title\"><h4>2021<\/h4><i class=\"vc_toggle_icon\"><\/i><\/div><div class=\"vc_toggle_content\"><p>13\/1\/2021 \u2013 Intent \u2013 Integrated Training for Creative Leadership \u2013 by Andr\u00e9 Luiz Silva (EAESP\/FGV)<br \/>\n3\/2\/2021 \u2013 MEDIATTA as a cutting-edge Practice in Entrepreneurship Education \u2013 Marcio Pascoal Cassandre (EMU)<br \/>\n3\/3\/2021 \u2013 Panel-News, cutting-edge Practice of Teaching, Administration, Anielson Barbosa da Silva (UFPB)<br \/>\n7\/4\/2021 \u2013 Reinventing Education in the Administration \u2013 for the Silver C. Gold (EAUFBA)<br \/>\n5\/5\/2021 \u2013 the History of Comic books as an Innovative Practice in Teaching, Administration, Gabriela Tavares dos Santos (UFPB)<br \/>\n2\/6\/2021 Training, Integrated and Sustainability in the School of Management \u2013 by-Fernanda-Career (EAESP\/FGV)<br \/>\n4\/8\/2021 \u2013 role of Critical Thinking in Education Management: Practices and Challenges, Carolina Machado Saraiva (UFOP)<br \/>\n1\/9\/2021 \u2013 problem-Based Learning in vocational Education in the Administration of Ana Carolina Kruta from the Will of Bishop (UFPB)<br \/>\n6\/10\/2021 \u2013 Imagination of Management: The City as a Space and as a Source of Learning, Cintia Medeiros (HTML)<br \/>\n3\/11\/2021 Education in business Administration, returned to the world by Paula Ferraz (EAUFBA)<\/p>\n<\/div><\/div><div  class=\"vc_toggle vc_toggle_default vc_toggle_color_default  vc_toggle_size_md\"><div class=\"vc_toggle_title\"><h4>2020<\/h4><i class=\"vc_toggle_icon\"><\/i><\/div><div class=\"vc_toggle_content\"><p>5\/8\/2020 \u2013 A Research Agenda for Entrepreneurship Education \u2013 for the Gracyanne F., de Araujo (FUS)<br \/>\n2\/9\/2020 Education, Manufacturing, Administration, why She Leaves (EAUFBA)<br \/>\n7\/10\/2020 \u2013 business Education, and the Humanities, by Simony A. Marins (EAUFBA)<br \/>\n4\/11\/2020 \u2013 Learning-Deep \u2013 by-Sally L. Leaves (EAUFBA)<br \/>\n2\/12\/2020 Teaching Entrepreneurship on the basis of the Approach of the Practice, by Alexander L., Etc. (EAUFBA)<\/p>\n<\/div><\/div><\/div><\/div><\/div><\/div><\/div><\/div><\/div><\/div><\/div><\/div><\/div><\/div><div class=\"vc_row wpb_row vc_row-fluid\"><div class=\"wpb_column vc_column_container vc_col-sm-12\"><div class=\"vc_column-inner\"><div class=\"wpb_wrapper\"><div class=\"vc_empty_space\"   style=\"height: 50px\"><span class=\"vc_empty_space_inner\"><\/span><\/div><\/div><\/div><\/div><\/div>","protected":false},"excerpt":{"rendered":"<p><a class=\"more-link\" href=\"https:\/\/npga.ufba.br\/en\/pesquisa\/forumeea\/#more-1981\">Leia Mais<\/a><\/p>","protected":false},"author":1,"featured_media":0,"parent":786,"menu_order":0,"comment_status":"closed","ping_status":"closed","template":"full-width-page.php","meta":{"footnotes":""},"class_list":["post-1981","page","type-page","status-publish","hentry"],"yoast_head":"<!-- This site is optimized with the Yoast SEO plugin v25.5 - https:\/\/yoast.com\/wordpress\/plugins\/seo\/ -->\n<title>F\u00f3rum E&amp;A - NPGA<\/title>\n<meta name=\"robots\" content=\"index, follow, max-snippet:-1, max-image-preview:large, max-video-preview:-1\" \/>\n<link rel=\"canonical\" href=\"https:\/\/npga.ufba.br\/en\/pesquisa\/forumeea\/\" \/>\n<meta property=\"og:locale\" content=\"en_US\" \/>\n<meta property=\"og:type\" content=\"article\" \/>\n<meta property=\"og:title\" content=\"F\u00f3rum E&amp;A - NPGA\" \/>\n<meta property=\"og:description\" content=\"Leia Mais\" \/>\n<meta property=\"og:url\" content=\"https:\/\/npga.ufba.br\/en\/pesquisa\/forumeea\/\" \/>\n<meta property=\"og:site_name\" content=\"NPGA\" \/>\n<meta property=\"article:modified_time\" content=\"2024-06-07T17:44:03+00:00\" \/>\n<meta name=\"twitter:card\" content=\"summary_large_image\" \/>\n<meta name=\"twitter:label1\" content=\"Est. reading time\" \/>\n\t<meta name=\"twitter:data1\" content=\"4 minutes\" \/>\n<script type=\"application\/ld+json\" class=\"yoast-schema-graph\">{\"@context\":\"https:\/\/schema.org\",\"@graph\":[{\"@type\":\"WebPage\",\"@id\":\"https:\/\/npga.ufba.br\/pesquisa\/forumeea\/\",\"url\":\"https:\/\/npga.ufba.br\/pesquisa\/forumeea\/\",\"name\":\"F\u00f3rum E&A - NPGA\",\"isPartOf\":{\"@id\":\"https:\/\/npga.ufba.br\/en\/#website\"},\"datePublished\":\"2020-06-01T23:41:17+00:00\",\"dateModified\":\"2024-06-07T17:44:03+00:00\",\"breadcrumb\":{\"@id\":\"https:\/\/npga.ufba.br\/pesquisa\/forumeea\/#breadcrumb\"},\"inLanguage\":\"en-US\",\"potentialAction\":[{\"@type\":\"ReadAction\",\"target\":[\"https:\/\/npga.ufba.br\/pesquisa\/forumeea\/\"]}]},{\"@type\":\"BreadcrumbList\",\"@id\":\"https:\/\/npga.ufba.br\/pesquisa\/forumeea\/#breadcrumb\",\"itemListElement\":[{\"@type\":\"ListItem\",\"position\":1,\"name\":\"In\u00edcio\",\"item\":\"https:\/\/npga.ufba.br\/\"},{\"@type\":\"ListItem\",\"position\":2,\"name\":\"Pesquisa\",\"item\":\"https:\/\/npga.ufba.br\/pesquisa\/\"},{\"@type\":\"ListItem\",\"position\":3,\"name\":\"F\u00f3rum E&#038;A\"}]},{\"@type\":\"WebSite\",\"@id\":\"https:\/\/npga.ufba.br\/en\/#website\",\"url\":\"https:\/\/npga.ufba.br\/en\/\",\"name\":\"NPGA\",\"description\":\"N\u00facleo de P\u00f3s-Gradua\u00e7\u00e3o em Administra\u00e7\u00e3o\",\"publisher\":{\"@id\":\"https:\/\/npga.ufba.br\/en\/#organization\"},\"potentialAction\":[{\"@type\":\"SearchAction\",\"target\":{\"@type\":\"EntryPoint\",\"urlTemplate\":\"https:\/\/npga.ufba.br\/en\/?s={search_term_string}\"},\"query-input\":{\"@type\":\"PropertyValueSpecification\",\"valueRequired\":true,\"valueName\":\"search_term_string\"}}],\"inLanguage\":\"en-US\"},{\"@type\":\"Organization\",\"@id\":\"https:\/\/npga.ufba.br\/en\/#organization\",\"name\":\"NPGA\",\"url\":\"https:\/\/npga.ufba.br\/en\/\",\"logo\":{\"@type\":\"ImageObject\",\"inLanguage\":\"en-US\",\"@id\":\"https:\/\/npga.ufba.br\/en\/#\/schema\/logo\/image\/\",\"url\":\"https:\/\/npga.ufba.br\/wp-content\/uploads\/2020\/06\/marcasunidades_NPGA-e1591028086985.png\",\"contentUrl\":\"https:\/\/npga.ufba.br\/wp-content\/uploads\/2020\/06\/marcasunidades_NPGA-e1591028086985.png\",\"width\":340,\"height\":135,\"caption\":\"NPGA\"},\"image\":{\"@id\":\"https:\/\/npga.ufba.br\/en\/#\/schema\/logo\/image\/\"}}]}<\/script>\n<!-- \/ Yoast SEO plugin. -->","yoast_head_json":{"title":"F\u00f3rum E&A - NPGA","robots":{"index":"index","follow":"follow","max-snippet":"max-snippet:-1","max-image-preview":"max-image-preview:large","max-video-preview":"max-video-preview:-1"},"canonical":"https:\/\/npga.ufba.br\/en\/pesquisa\/forumeea\/","og_locale":"en_US","og_type":"article","og_title":"F\u00f3rum E&A - NPGA","og_description":"Leia Mais","og_url":"https:\/\/npga.ufba.br\/en\/pesquisa\/forumeea\/","og_site_name":"NPGA","article_modified_time":"2024-06-07T17:44:03+00:00","twitter_card":"summary_large_image","twitter_misc":{"Est. reading time":"4 minutes"},"schema":{"@context":"https:\/\/schema.org","@graph":[{"@type":"WebPage","@id":"https:\/\/npga.ufba.br\/pesquisa\/forumeea\/","url":"https:\/\/npga.ufba.br\/pesquisa\/forumeea\/","name":"F\u00f3rum E&A - NPGA","isPartOf":{"@id":"https:\/\/npga.ufba.br\/en\/#website"},"datePublished":"2020-06-01T23:41:17+00:00","dateModified":"2024-06-07T17:44:03+00:00","breadcrumb":{"@id":"https:\/\/npga.ufba.br\/pesquisa\/forumeea\/#breadcrumb"},"inLanguage":"en-US","potentialAction":[{"@type":"ReadAction","target":["https:\/\/npga.ufba.br\/pesquisa\/forumeea\/"]}]},{"@type":"BreadcrumbList","@id":"https:\/\/npga.ufba.br\/pesquisa\/forumeea\/#breadcrumb","itemListElement":[{"@type":"ListItem","position":1,"name":"In\u00edcio","item":"https:\/\/npga.ufba.br\/"},{"@type":"ListItem","position":2,"name":"Pesquisa","item":"https:\/\/npga.ufba.br\/pesquisa\/"},{"@type":"ListItem","position":3,"name":"F\u00f3rum E&#038;A"}]},{"@type":"WebSite","@id":"https:\/\/npga.ufba.br\/en\/#website","url":"https:\/\/npga.ufba.br\/en\/","name":"NPGA","description":"N\u00facleo de P\u00f3s-Gradua\u00e7\u00e3o em Administra\u00e7\u00e3o","publisher":{"@id":"https:\/\/npga.ufba.br\/en\/#organization"},"potentialAction":[{"@type":"SearchAction","target":{"@type":"EntryPoint","urlTemplate":"https:\/\/npga.ufba.br\/en\/?s={search_term_string}"},"query-input":{"@type":"PropertyValueSpecification","valueRequired":true,"valueName":"search_term_string"}}],"inLanguage":"en-US"},{"@type":"Organization","@id":"https:\/\/npga.ufba.br\/en\/#organization","name":"NPGA","url":"https:\/\/npga.ufba.br\/en\/","logo":{"@type":"ImageObject","inLanguage":"en-US","@id":"https:\/\/npga.ufba.br\/en\/#\/schema\/logo\/image\/","url":"https:\/\/npga.ufba.br\/wp-content\/uploads\/2020\/06\/marcasunidades_NPGA-e1591028086985.png","contentUrl":"https:\/\/npga.ufba.br\/wp-content\/uploads\/2020\/06\/marcasunidades_NPGA-e1591028086985.png","width":340,"height":135,"caption":"NPGA"},"image":{"@id":"https:\/\/npga.ufba.br\/en\/#\/schema\/logo\/image\/"}}]}},"_links":{"self":[{"href":"https:\/\/npga.ufba.br\/en\/wp-json\/wp\/v2\/pages\/1981","targetHints":{"allow":["GET"]}}],"collection":[{"href":"https:\/\/npga.ufba.br\/en\/wp-json\/wp\/v2\/pages"}],"about":[{"href":"https:\/\/npga.ufba.br\/en\/wp-json\/wp\/v2\/types\/page"}],"author":[{"embeddable":true,"href":"https:\/\/npga.ufba.br\/en\/wp-json\/wp\/v2\/users\/1"}],"replies":[{"embeddable":true,"href":"https:\/\/npga.ufba.br\/en\/wp-json\/wp\/v2\/comments?post=1981"}],"version-history":[{"count":0,"href":"https:\/\/npga.ufba.br\/en\/wp-json\/wp\/v2\/pages\/1981\/revisions"}],"up":[{"embeddable":true,"href":"https:\/\/npga.ufba.br\/en\/wp-json\/wp\/v2\/pages\/786"}],"wp:attachment":[{"href":"https:\/\/npga.ufba.br\/en\/wp-json\/wp\/v2\/media?parent=1981"}],"curies":[{"name":"wp","href":"https:\/\/api.w.org\/{rel}","templated":true}]}}