{"id":1989,"date":"2020-06-01T20:45:29","date_gmt":"2020-06-01T23:45:29","guid":{"rendered":"http:\/\/npga.ufba.br\/organizacoes-copy\/"},"modified":"2022-06-15T15:15:41","modified_gmt":"2022-06-15T18:15:41","slug":"formularios","status":"publish","type":"page","link":"https:\/\/npga.ufba.br\/en\/estudantes\/formularios\/","title":{"rendered":"Forms"},"content":{"rendered":"<div class=\"vc_row wpb_row vc_row-fluid\"><div class=\"container\"><div class=\"sd-centered-wrapper\"><div class=\"wpb_column vc_column_container vc_col-sm-12\"><div class=\"vc_column-inner\"><div class=\"wpb_wrapper\"><div class=\"vc_empty_space\"   style=\"height: 50px\"><span class=\"vc_empty_space_inner\"><\/span><\/div>\n\t<div class=\"wpb_text_column wpb_content_element\" >\n\t\t<div class=\"wpb_wrapper\">\n\t\t\t<h2 style=\"text-align: center; font-weight: normal;\">Forms<\/h2>\n\n\t\t<\/div>\n\t<\/div>\n<div class=\"vc_empty_space\"   style=\"height: 30px\"><span class=\"vc_empty_space_inner\"><\/span><\/div><\/div><\/div><\/div><\/div><\/div><\/div><div class=\"vc_row wpb_row vc_row-fluid\"><div class=\"container\"><div class=\"sd-centered-wrapper\"><div class=\"wpb_column vc_column_container vc_col-sm-12\"><div class=\"vc_column-inner\"><div class=\"wpb_wrapper\">\n<div class=\"vc_grid-container-wrapper vc_clearfix\">\n\t<div class=\"vc_grid-container vc_clearfix wpb_content_element vc_basic_grid\" data-initial-loading-animation=\"none\" data-vc-grid-settings=\"{&quot;page_id&quot;:1989,&quot;style&quot;:&quot;all&quot;,&quot;action&quot;:&quot;vc_get_vc_grid_data&quot;,&quot;shortcode_id&quot;:&quot;1655316641581-86dc339b-fb19-2&quot;,&quot;tag&quot;:&quot;vc_basic_grid&quot;}\" data-vc-request=\"https:\/\/npga.ufba.br\/wp-admin\/admin-ajax.php\" data-vc-post-id=\"1989\" data-vc-public-nonce=\"8e6195c430\">\n\t\t<div class=\"vc_grid vc_row vc_pageable-wrapper vc_hook_hover\" data-vc-pageable-content=\"true\"><div class=\"vc_pageable-slide-wrapper vc_clearfix\" data-vc-grid-content=\"true\"><div class=\"vc_grid-item vc_clearfix vc_col-sm-12 vc_grid-item-zone-c-bottom\"><div class=\"vc_grid-item-mini vc_clearfix\"><div class=\"vc_gitem-animated-block\" \"><\/div><div class=\"vc_gitem-zone vc_gitem-zone-c\"><div class=\"vc_gitem-zone-mini\"><div class=\"vc_gitem_row vc_row vc_gitem-row-position-top\"><div class=\"vc_col-sm-5 vc_gitem-col vc_gitem-col-align-\"><div class=\"vc_custom_heading vc_gitem-post-data vc_gitem-post-data-source-post_title\" ><h6 style=\"text-align: left\" >Solicita\u00e7\u00e3o de Apoio &#8211; IN n\u00ba 01_2013<\/h6><\/div><\/div><div class=\"vc_col-sm-5 vc_gitem-col vc_gitem-col-align-\"><div class=\"vc_btn3-container vc_btn3-left\"><a onmouseleave=\"this.style.borderColor='#0191c6'; this.style.backgroundColor='transparent'; this.style.color='#0191c6'\" onmouseenter=\"this.style.borderColor='#0191c6'; this.style.backgroundColor='#0191c6'; this.style.color='#ffffff';\" style=\"border-color:#0191c6; color:#0191c6;\" class=\"vc_general vc_btn3 vc_btn3-size-xs vc_btn3-shape-rounded vc_btn3-style-outline-custom\" a href=\"https:\/\/npga.ufba.br\/en\/formularios\/solicitacao-de-apoio-in-no-01_2013\/\" title=\"Ver documento\">Ver documento<\/a><\/div><\/div><\/div><\/div><\/div><\/div><div class=\"vc_clearfix\"><\/div><\/div><div class=\"vc_grid-item vc_clearfix vc_col-sm-12 vc_grid-item-zone-c-bottom\"><div class=\"vc_grid-item-mini vc_clearfix\"><div class=\"vc_gitem-animated-block\" \"><\/div><div class=\"vc_gitem-zone vc_gitem-zone-c\"><div class=\"vc_gitem-zone-mini\"><div class=\"vc_gitem_row vc_row vc_gitem-row-position-top\"><div class=\"vc_col-sm-5 vc_gitem-col vc_gitem-col-align-\"><div class=\"vc_custom_heading vc_gitem-post-data vc_gitem-post-data-source-post_title\" ><h6 style=\"text-align: left\" >Solicita\u00e7\u00e3o de Co-Orientador<\/h6><\/div><\/div><div class=\"vc_col-sm-5 vc_gitem-col vc_gitem-col-align-\"><div class=\"vc_btn3-container vc_btn3-left\"><a onmouseleave=\"this.style.borderColor='#0191c6'; this.style.backgroundColor='transparent'; this.style.color='#0191c6'\" onmouseenter=\"this.style.borderColor='#0191c6'; this.style.backgroundColor='#0191c6'; this.style.color='#ffffff';\" style=\"border-color:#0191c6; color:#0191c6;\" class=\"vc_general vc_btn3 vc_btn3-size-xs vc_btn3-shape-rounded vc_btn3-style-outline-custom\" a href=\"https:\/\/npga.ufba.br\/en\/formularios\/solicitacao-de-co-orientador\/\" title=\"Ver documento\">Ver documento<\/a><\/div><\/div><\/div><\/div><\/div><\/div><div class=\"vc_clearfix\"><\/div><\/div><div class=\"vc_grid-item vc_clearfix vc_col-sm-12 vc_grid-item-zone-c-bottom\"><div class=\"vc_grid-item-mini vc_clearfix\"><div class=\"vc_gitem-animated-block\" \"><\/div><div class=\"vc_gitem-zone vc_gitem-zone-c\"><div class=\"vc_gitem-zone-mini\"><div class=\"vc_gitem_row vc_row vc_gitem-row-position-top\"><div class=\"vc_col-sm-5 vc_gitem-col vc_gitem-col-align-\"><div class=\"vc_custom_heading vc_gitem-post-data vc_gitem-post-data-source-post_title\" ><h6 style=\"text-align: left\" >Solicita\u00e7\u00e3o de Concess\u00e3o bolsas M e D Demanda Social e Relat\u00f3rio &#8211; IN n\u00ba 01_2014<\/h6><\/div><\/div><div class=\"vc_col-sm-5 vc_gitem-col vc_gitem-col-align-\"><div class=\"vc_btn3-container vc_btn3-left\"><a onmouseleave=\"this.style.borderColor='#0191c6'; this.style.backgroundColor='transparent'; this.style.color='#0191c6'\" onmouseenter=\"this.style.borderColor='#0191c6'; this.style.backgroundColor='#0191c6'; this.style.color='#ffffff';\" style=\"border-color:#0191c6; color:#0191c6;\" class=\"vc_general vc_btn3 vc_btn3-size-xs vc_btn3-shape-rounded vc_btn3-style-outline-custom\" a href=\"https:\/\/npga.ufba.br\/en\/formularios\/solicitacao-de-concessao-bolsas-m-e-d-demanda-social-in-no-01_2014\/\" title=\"Ver documento\">Ver documento<\/a><\/div><\/div><\/div><\/div><\/div><\/div><div class=\"vc_clearfix\"><\/div><\/div><div class=\"vc_grid-item vc_clearfix vc_col-sm-12 vc_grid-item-zone-c-bottom\"><div class=\"vc_grid-item-mini vc_clearfix\"><div class=\"vc_gitem-animated-block\" \"><\/div><div class=\"vc_gitem-zone vc_gitem-zone-c\"><div class=\"vc_gitem-zone-mini\"><div class=\"vc_gitem_row vc_row vc_gitem-row-position-top\"><div class=\"vc_col-sm-5 vc_gitem-col vc_gitem-col-align-\"><div class=\"vc_custom_heading vc_gitem-post-data vc_gitem-post-data-source-post_title\" ><h6 style=\"text-align: left\" >Solicita\u00e7\u00e3o de Dilata\u00e7\u00e3o de Prazos para Conclus\u00e3o dos Cursos &#8211; IN n\u00ba 02_2013<\/h6><\/div><\/div><div class=\"vc_col-sm-5 vc_gitem-col vc_gitem-col-align-\"><div class=\"vc_btn3-container vc_btn3-left\"><a onmouseleave=\"this.style.borderColor='#0191c6'; this.style.backgroundColor='transparent'; this.style.color='#0191c6'\" onmouseenter=\"this.style.borderColor='#0191c6'; this.style.backgroundColor='#0191c6'; this.style.color='#ffffff';\" style=\"border-color:#0191c6; color:#0191c6;\" class=\"vc_general vc_btn3 vc_btn3-size-xs vc_btn3-shape-rounded vc_btn3-style-outline-custom\" a href=\"https:\/\/npga.ufba.br\/en\/formularios\/solicitacao-de-prorrogacao-de-prazos-para-conclusao-dos-cursos-in-no-02_2013\/\" title=\"Ver documento\">Ver documento<\/a><\/div><\/div><\/div><\/div><\/div><\/div><div class=\"vc_clearfix\"><\/div><\/div><div class=\"vc_grid-item vc_clearfix vc_col-sm-12 vc_grid-item-zone-c-bottom\"><div class=\"vc_grid-item-mini vc_clearfix\"><div class=\"vc_gitem-animated-block\" \"><\/div><div class=\"vc_gitem-zone vc_gitem-zone-c\"><div class=\"vc_gitem-zone-mini\"><div class=\"vc_gitem_row vc_row vc_gitem-row-position-top\"><div class=\"vc_col-sm-5 vc_gitem-col vc_gitem-col-align-\"><div class=\"vc_custom_heading vc_gitem-post-data vc_gitem-post-data-source-post_title\" ><h6 style=\"text-align: left\" >Solicita\u00e7\u00e3o de Forma\u00e7\u00e3o docente (Ensino e aprendizagem \/ Est\u00e1gio docente) &#8211; IN n\u00ba 03_2013<\/h6><\/div><\/div><div class=\"vc_col-sm-5 vc_gitem-col vc_gitem-col-align-\"><div class=\"vc_btn3-container vc_btn3-left\"><a onmouseleave=\"this.style.borderColor='#0191c6'; this.style.backgroundColor='transparent'; this.style.color='#0191c6'\" onmouseenter=\"this.style.borderColor='#0191c6'; this.style.backgroundColor='#0191c6'; this.style.color='#ffffff';\" style=\"border-color:#0191c6; color:#0191c6;\" class=\"vc_general vc_btn3 vc_btn3-size-xs vc_btn3-shape-rounded vc_btn3-style-outline-custom\" a href=\"https:\/\/npga.ufba.br\/en\/formularios\/solicitacao-de-formacao-docente-ensino-e-aprendizagem-estagio-docente-in-no-03_2013\/\" title=\"Ver documento\">Ver documento<\/a><\/div><\/div><\/div><\/div><\/div><\/div><div class=\"vc_clearfix\"><\/div><\/div><div class=\"vc_grid-item vc_clearfix vc_col-sm-12 vc_grid-item-zone-c-bottom\"><div class=\"vc_grid-item-mini vc_clearfix\"><div class=\"vc_gitem-animated-block\" \"><\/div><div class=\"vc_gitem-zone vc_gitem-zone-c\"><div class=\"vc_gitem-zone-mini\"><div class=\"vc_gitem_row vc_row vc_gitem-row-position-top\"><div class=\"vc_col-sm-5 vc_gitem-col vc_gitem-col-align-\"><div class=\"vc_custom_heading vc_gitem-post-data vc_gitem-post-data-source-post_title\" ><h6 style=\"text-align: left\" >Solicita\u00e7\u00e3o de Mudan\u00e7a de Orientador &#8211; IN n\u00ba 06_2013<\/h6><\/div><\/div><div class=\"vc_col-sm-5 vc_gitem-col vc_gitem-col-align-\"><div class=\"vc_btn3-container vc_btn3-left\"><a onmouseleave=\"this.style.borderColor='#0191c6'; this.style.backgroundColor='transparent'; this.style.color='#0191c6'\" onmouseenter=\"this.style.borderColor='#0191c6'; this.style.backgroundColor='#0191c6'; this.style.color='#ffffff';\" style=\"border-color:#0191c6; color:#0191c6;\" class=\"vc_general vc_btn3 vc_btn3-size-xs vc_btn3-shape-rounded vc_btn3-style-outline-custom\" a href=\"https:\/\/npga.ufba.br\/en\/formularios\/solicitacao-de-mudanca-de-orientador-in-no-06_2013\/\" title=\"Ver documento\">Ver documento<\/a><\/div><\/div><\/div><\/div><\/div><\/div><div class=\"vc_clearfix\"><\/div><\/div><div class=\"vc_grid-item vc_clearfix vc_col-sm-12 vc_grid-item-zone-c-bottom\"><div class=\"vc_grid-item-mini vc_clearfix\"><div class=\"vc_gitem-animated-block\" \"><\/div><div class=\"vc_gitem-zone vc_gitem-zone-c\"><div class=\"vc_gitem-zone-mini\"><div class=\"vc_gitem_row vc_row vc_gitem-row-position-top\"><div class=\"vc_col-sm-5 vc_gitem-col vc_gitem-col-align-\"><div class=\"vc_custom_heading vc_gitem-post-data vc_gitem-post-data-source-post_title\" ><h6 style=\"text-align: left\" >Solicita\u00e7\u00e3o de Progress\u00e3o estudantes de mestrado para doutorado &#8211; IN n\u00ba 07_2013<\/h6><\/div><\/div><div class=\"vc_col-sm-5 vc_gitem-col vc_gitem-col-align-\"><div class=\"vc_btn3-container vc_btn3-left\"><a onmouseleave=\"this.style.borderColor='#0191c6'; this.style.backgroundColor='transparent'; this.style.color='#0191c6'\" onmouseenter=\"this.style.borderColor='#0191c6'; this.style.backgroundColor='#0191c6'; this.style.color='#ffffff';\" style=\"border-color:#0191c6; color:#0191c6;\" class=\"vc_general vc_btn3 vc_btn3-size-xs vc_btn3-shape-rounded vc_btn3-style-outline-custom\" a href=\"https:\/\/npga.ufba.br\/en\/formularios\/solicitacao-de-progressao-estudantes-de-mestrado-para-doutorado-in-no-07_2013\/\" title=\"Ver documento\">Ver documento<\/a><\/div><\/div><\/div><\/div><\/div><\/div><div class=\"vc_clearfix\"><\/div><\/div><div class=\"vc_grid-item vc_clearfix vc_col-sm-12 vc_grid-item-zone-c-bottom\"><div class=\"vc_grid-item-mini vc_clearfix\"><div class=\"vc_gitem-animated-block\" \"><\/div><div class=\"vc_gitem-zone vc_gitem-zone-c\"><div class=\"vc_gitem-zone-mini\"><div class=\"vc_gitem_row vc_row vc_gitem-row-position-top\"><div class=\"vc_col-sm-5 vc_gitem-col vc_gitem-col-align-\"><div class=\"vc_custom_heading vc_gitem-post-data vc_gitem-post-data-source-post_title\" ><h6 style=\"text-align: left\" >Solicita\u00e7\u00e3o para Aproveitamento de Estudos &#8211; IN n\u00ba 01_2025<\/h6><\/div><\/div><div class=\"vc_col-sm-5 vc_gitem-col vc_gitem-col-align-\"><div class=\"vc_btn3-container vc_btn3-left\"><a onmouseleave=\"this.style.borderColor='#0191c6'; this.style.backgroundColor='transparent'; this.style.color='#0191c6'\" onmouseenter=\"this.style.borderColor='#0191c6'; this.style.backgroundColor='#0191c6'; this.style.color='#ffffff';\" style=\"border-color:#0191c6; color:#0191c6;\" class=\"vc_general vc_btn3 vc_btn3-size-xs vc_btn3-shape-rounded vc_btn3-style-outline-custom\" a href=\"https:\/\/npga.ufba.br\/en\/formularios\/solicitacao-para-aproveitamento-de-estudos-in-01_2025\/\" title=\"Ver documento\">Ver documento<\/a><\/div><\/div><\/div><\/div><\/div><\/div><div class=\"vc_clearfix\"><\/div><\/div><\/div><\/div>\n\t<\/div>\n<\/div><\/div><\/div><\/div><\/div><\/div><\/div><div class=\"vc_row wpb_row vc_row-fluid\"><div class=\"wpb_column vc_column_container vc_col-sm-12\"><div class=\"vc_column-inner\"><div class=\"wpb_wrapper\"><div class=\"vc_empty_space\"   style=\"height: 50px\"><span class=\"vc_empty_space_inner\"><\/span><\/div><\/div><\/div><\/div><\/div>","protected":false},"excerpt":{"rendered":"<p><a class=\"more-link\" href=\"https:\/\/npga.ufba.br\/en\/estudantes\/formularios\/#more-1989\">Leia Mais<\/a><\/p>","protected":false},"author":1,"featured_media":0,"parent":783,"menu_order":0,"comment_status":"closed","ping_status":"closed","template":"full-width-page.php","meta":{"footnotes":""},"class_list":["post-1989","page","type-page","status-publish","hentry"],"yoast_head":"<!-- This site is optimized with the Yoast SEO plugin v25.5 - https:\/\/yoast.com\/wordpress\/plugins\/seo\/ -->\n<title>Formul\u00e1rios - NPGA<\/title>\n<meta name=\"robots\" content=\"index, follow, max-snippet:-1, max-image-preview:large, max-video-preview:-1\" \/>\n<link rel=\"canonical\" href=\"https:\/\/npga.ufba.br\/en\/estudantes\/formularios\/\" \/>\n<meta property=\"og:locale\" content=\"en_US\" \/>\n<meta property=\"og:type\" content=\"article\" \/>\n<meta property=\"og:title\" content=\"Formul\u00e1rios - NPGA\" \/>\n<meta property=\"og:description\" content=\"Leia Mais\" \/>\n<meta property=\"og:url\" content=\"https:\/\/npga.ufba.br\/en\/estudantes\/formularios\/\" \/>\n<meta property=\"og:site_name\" content=\"NPGA\" \/>\n<meta property=\"article:modified_time\" content=\"2022-06-15T18:15:41+00:00\" \/>\n<meta name=\"twitter:card\" content=\"summary_large_image\" \/>\n<meta name=\"twitter:label1\" content=\"Est. reading time\" \/>\n\t<meta name=\"twitter:data1\" content=\"1 minute\" \/>\n<script type=\"application\/ld+json\" class=\"yoast-schema-graph\">{\"@context\":\"https:\/\/schema.org\",\"@graph\":[{\"@type\":\"WebPage\",\"@id\":\"https:\/\/npga.ufba.br\/estudantes\/formularios\/\",\"url\":\"https:\/\/npga.ufba.br\/estudantes\/formularios\/\",\"name\":\"Formul\u00e1rios - NPGA\",\"isPartOf\":{\"@id\":\"https:\/\/npga.ufba.br\/en\/#website\"},\"datePublished\":\"2020-06-01T23:45:29+00:00\",\"dateModified\":\"2022-06-15T18:15:41+00:00\",\"breadcrumb\":{\"@id\":\"https:\/\/npga.ufba.br\/estudantes\/formularios\/#breadcrumb\"},\"inLanguage\":\"en-US\",\"potentialAction\":[{\"@type\":\"ReadAction\",\"target\":[\"https:\/\/npga.ufba.br\/estudantes\/formularios\/\"]}]},{\"@type\":\"BreadcrumbList\",\"@id\":\"https:\/\/npga.ufba.br\/estudantes\/formularios\/#breadcrumb\",\"itemListElement\":[{\"@type\":\"ListItem\",\"position\":1,\"name\":\"In\u00edcio\",\"item\":\"https:\/\/npga.ufba.br\/\"},{\"@type\":\"ListItem\",\"position\":2,\"name\":\"Estudantes\",\"item\":\"https:\/\/npga.ufba.br\/estudantes\/\"},{\"@type\":\"ListItem\",\"position\":3,\"name\":\"Formul\u00e1rios\"}]},{\"@type\":\"WebSite\",\"@id\":\"https:\/\/npga.ufba.br\/en\/#website\",\"url\":\"https:\/\/npga.ufba.br\/en\/\",\"name\":\"NPGA\",\"description\":\"N\u00facleo de P\u00f3s-Gradua\u00e7\u00e3o em Administra\u00e7\u00e3o\",\"publisher\":{\"@id\":\"https:\/\/npga.ufba.br\/en\/#organization\"},\"potentialAction\":[{\"@type\":\"SearchAction\",\"target\":{\"@type\":\"EntryPoint\",\"urlTemplate\":\"https:\/\/npga.ufba.br\/en\/?s={search_term_string}\"},\"query-input\":{\"@type\":\"PropertyValueSpecification\",\"valueRequired\":true,\"valueName\":\"search_term_string\"}}],\"inLanguage\":\"en-US\"},{\"@type\":\"Organization\",\"@id\":\"https:\/\/npga.ufba.br\/en\/#organization\",\"name\":\"NPGA\",\"url\":\"https:\/\/npga.ufba.br\/en\/\",\"logo\":{\"@type\":\"ImageObject\",\"inLanguage\":\"en-US\",\"@id\":\"https:\/\/npga.ufba.br\/en\/#\/schema\/logo\/image\/\",\"url\":\"https:\/\/npga.ufba.br\/wp-content\/uploads\/2020\/06\/marcasunidades_NPGA-e1591028086985.png\",\"contentUrl\":\"https:\/\/npga.ufba.br\/wp-content\/uploads\/2020\/06\/marcasunidades_NPGA-e1591028086985.png\",\"width\":340,\"height\":135,\"caption\":\"NPGA\"},\"image\":{\"@id\":\"https:\/\/npga.ufba.br\/en\/#\/schema\/logo\/image\/\"}}]}<\/script>\n<!-- \/ Yoast SEO plugin. -->","yoast_head_json":{"title":"Formul\u00e1rios - NPGA","robots":{"index":"index","follow":"follow","max-snippet":"max-snippet:-1","max-image-preview":"max-image-preview:large","max-video-preview":"max-video-preview:-1"},"canonical":"https:\/\/npga.ufba.br\/en\/estudantes\/formularios\/","og_locale":"en_US","og_type":"article","og_title":"Formul\u00e1rios - NPGA","og_description":"Leia Mais","og_url":"https:\/\/npga.ufba.br\/en\/estudantes\/formularios\/","og_site_name":"NPGA","article_modified_time":"2022-06-15T18:15:41+00:00","twitter_card":"summary_large_image","twitter_misc":{"Est. reading time":"1 minute"},"schema":{"@context":"https:\/\/schema.org","@graph":[{"@type":"WebPage","@id":"https:\/\/npga.ufba.br\/estudantes\/formularios\/","url":"https:\/\/npga.ufba.br\/estudantes\/formularios\/","name":"Formul\u00e1rios - NPGA","isPartOf":{"@id":"https:\/\/npga.ufba.br\/en\/#website"},"datePublished":"2020-06-01T23:45:29+00:00","dateModified":"2022-06-15T18:15:41+00:00","breadcrumb":{"@id":"https:\/\/npga.ufba.br\/estudantes\/formularios\/#breadcrumb"},"inLanguage":"en-US","potentialAction":[{"@type":"ReadAction","target":["https:\/\/npga.ufba.br\/estudantes\/formularios\/"]}]},{"@type":"BreadcrumbList","@id":"https:\/\/npga.ufba.br\/estudantes\/formularios\/#breadcrumb","itemListElement":[{"@type":"ListItem","position":1,"name":"In\u00edcio","item":"https:\/\/npga.ufba.br\/"},{"@type":"ListItem","position":2,"name":"Estudantes","item":"https:\/\/npga.ufba.br\/estudantes\/"},{"@type":"ListItem","position":3,"name":"Formul\u00e1rios"}]},{"@type":"WebSite","@id":"https:\/\/npga.ufba.br\/en\/#website","url":"https:\/\/npga.ufba.br\/en\/","name":"NPGA","description":"N\u00facleo de P\u00f3s-Gradua\u00e7\u00e3o em Administra\u00e7\u00e3o","publisher":{"@id":"https:\/\/npga.ufba.br\/en\/#organization"},"potentialAction":[{"@type":"SearchAction","target":{"@type":"EntryPoint","urlTemplate":"https:\/\/npga.ufba.br\/en\/?s={search_term_string}"},"query-input":{"@type":"PropertyValueSpecification","valueRequired":true,"valueName":"search_term_string"}}],"inLanguage":"en-US"},{"@type":"Organization","@id":"https:\/\/npga.ufba.br\/en\/#organization","name":"NPGA","url":"https:\/\/npga.ufba.br\/en\/","logo":{"@type":"ImageObject","inLanguage":"en-US","@id":"https:\/\/npga.ufba.br\/en\/#\/schema\/logo\/image\/","url":"https:\/\/npga.ufba.br\/wp-content\/uploads\/2020\/06\/marcasunidades_NPGA-e1591028086985.png","contentUrl":"https:\/\/npga.ufba.br\/wp-content\/uploads\/2020\/06\/marcasunidades_NPGA-e1591028086985.png","width":340,"height":135,"caption":"NPGA"},"image":{"@id":"https:\/\/npga.ufba.br\/en\/#\/schema\/logo\/image\/"}}]}},"_links":{"self":[{"href":"https:\/\/npga.ufba.br\/en\/wp-json\/wp\/v2\/pages\/1989","targetHints":{"allow":["GET"]}}],"collection":[{"href":"https:\/\/npga.ufba.br\/en\/wp-json\/wp\/v2\/pages"}],"about":[{"href":"https:\/\/npga.ufba.br\/en\/wp-json\/wp\/v2\/types\/page"}],"author":[{"embeddable":true,"href":"https:\/\/npga.ufba.br\/en\/wp-json\/wp\/v2\/users\/1"}],"replies":[{"embeddable":true,"href":"https:\/\/npga.ufba.br\/en\/wp-json\/wp\/v2\/comments?post=1989"}],"version-history":[{"count":0,"href":"https:\/\/npga.ufba.br\/en\/wp-json\/wp\/v2\/pages\/1989\/revisions"}],"up":[{"embeddable":true,"href":"https:\/\/npga.ufba.br\/en\/wp-json\/wp\/v2\/pages\/783"}],"wp:attachment":[{"href":"https:\/\/npga.ufba.br\/en\/wp-json\/wp\/v2\/media?parent=1989"}],"curies":[{"name":"wp","href":"https:\/\/api.w.org\/{rel}","templated":true}]}}