{"id":1992,"date":"2020-06-01T20:46:27","date_gmt":"2020-06-01T23:46:27","guid":{"rendered":"http:\/\/npga.ufba.br\/organizacoes-copy-4\/"},"modified":"2023-06-20T09:32:10","modified_gmt":"2023-06-20T12:32:10","slug":"internacional","status":"publish","type":"page","link":"https:\/\/npga.ufba.br\/en\/estudantes\/internacional\/","title":{"rendered":"International"},"content":{"rendered":"<div class=\"vc_row wpb_row vc_row-fluid\"><div class=\"container\"><div class=\"sd-centered-wrapper\"><div class=\"wpb_column vc_column_container vc_col-sm-12\"><div class=\"vc_column-inner\"><div class=\"wpb_wrapper\"><div class=\"vc_empty_space\"   style=\"height: 50px\"><span class=\"vc_empty_space_inner\"><\/span><\/div>\n\t<div class=\"wpb_text_column wpb_content_element\" >\n\t\t<div class=\"wpb_wrapper\">\n\t\t\t<h2 style=\"text-align: center; font-weight: normal;\">International<\/h2>\n\n\t\t<\/div>\n\t<\/div>\n<div class=\"vc_empty_space\"   style=\"height: 30px\"><span class=\"vc_empty_space_inner\"><\/span><\/div><div class=\"vc_tta-container\" data-vc-action=\"collapseAll\"><div class=\"vc_general vc_tta vc_tta-accordion vc_tta-color-grey vc_tta-style-classic vc_tta-shape-rounded vc_tta-spacing-1 vc_tta-gap-5 vc_tta-controls-align-left vc_tta-o-all-clickable\"><div class=\"vc_tta-panels-container\"><div class=\"vc_tta-panels\"><div class=\"vc_tta-panel\" id=\"1588984704812-61ce80b3-50113049-9aba\" data-vc-content=\".vc_tta-panel-body\"><div class=\"vc_tta-panel-heading\"><h4 class=\"vc_tta-panel-title vc_tta-controls-icon-position-left\"><a href=\"#1588984704812-61ce80b3-50113049-9aba\" data-vc-accordion data-vc-container=\".vc_tta-container\"><span class=\"vc_tta-title-text\">The actions of internationalization<\/span><i class=\"vc_tta-controls-icon vc_tta-controls-icon-plus\"><\/i><\/a><\/h4><\/div><div class=\"vc_tta-panel-body\">\n\t<div class=\"wpb_text_column wpb_content_element\" >\n\t\t<div class=\"wpb_wrapper\">\n\t\t\t<p>NPGA promotes international learning through several actions:<\/p>\n<ul>\n<li>students show proficiency in English upon admission;<\/li>\n<li>many mandatory readings are only available in other languages, especially in English;<\/li>\n<li>some curricular components, courses, and lectures may be offered in English;<\/li>\n<li>students and professors are encouraged to participate in scientific events and publish (support for linguistic editing of articles accepted by high impact journals);<\/li>\n<li>foreign students are attracted to the NPGA courses.<\/li>\n<\/ul>\n\n\t\t<\/div>\n\t<\/div>\n<\/div><\/div><div class=\"vc_tta-panel\" id=\"1588984704547-7b73af36-d8413049-9aba\" data-vc-content=\".vc_tta-panel-body\"><div class=\"vc_tta-panel-heading\"><h4 class=\"vc_tta-panel-title vc_tta-controls-icon-position-left\"><a href=\"#1588984704547-7b73af36-d8413049-9aba\" data-vc-accordion data-vc-container=\".vc_tta-container\"><span class=\"vc_tta-title-text\">International seminar \u2018sandwich\u2019<\/span><i class=\"vc_tta-controls-icon vc_tta-controls-icon-plus\"><\/i><\/a><\/h4><\/div><div class=\"vc_tta-panel-body\">\n\t<div class=\"wpb_text_column wpb_content_element\" >\n\t\t<div class=\"wpb_wrapper\">\n\t\t\t<p>The component of the curriculum \u201cADMG32 \u2013 Stage of the Research, the Phd\u201d is not credited as one of the electives. This component will be considered as an additional credit in the academic career of a student.<\/p>\n<p>Est\u00e1gios internacionais realizados pelos estudantes:<\/p>\n<table width=\"100%\">\n<tbody>\n<tr>\n<td width=\"7%\">\n<p style=\"text-align: center;\"><strong>Ano de<\/strong><\/p>\n<p style=\"text-align: center;\"><strong>in\u00edcio<\/strong><\/p>\n<\/td>\n<td style=\"text-align: center;\" width=\"12%\"><strong>Estudante<\/strong><\/td>\n<td style=\"text-align: center;\" width=\"13%\"><strong>Orientador(a) Brasileiro(a)<\/strong><\/td>\n<td style=\"text-align: center;\" width=\"15%\"><strong>Universidade<\/strong><\/p>\n<p><strong>Receptora<\/strong><\/td>\n<td style=\"text-align: center;\" width=\"14%\"><strong>Orientador(a)<\/strong><\/p>\n<p><strong>Estrangeiro(a)<\/strong><\/td>\n<td style=\"text-align: center;\" width=\"20%\"><strong>T\u00edtulo da Pesquisa<\/strong><\/td>\n<td style=\"text-align: center;\" width=\"15%\"><strong>Bolsa<\/strong><\/p>\n<p><strong>(se houver)<\/strong><\/td>\n<\/tr>\n<tr>\n<td style=\"text-align: center;\" width=\"7%\">2020<\/td>\n<td style=\"text-align: center;\" width=\"12%\">Bianca Cruz de Ara\u00fajo<\/td>\n<td style=\"text-align: center;\" width=\"13%\">Eduardo Paes Barreto Davel<\/td>\n<td style=\"text-align: center;\" width=\"15%\">The University of South Australia, Australia<\/td>\n<td style=\"text-align: center;\" width=\"14%\">Ruth Rentschler<\/td>\n<td style=\"text-align: center;\" width=\"20%\">Gest\u00e3o Est\u00e9tica nas Organiza\u00e7\u00f5es Culturais: Desafios e Potencialidades<\/td>\n<td style=\"text-align: center;\" width=\"15%\">CAPES Print<\/td>\n<\/tr>\n<tr>\n<td style=\"text-align: center;\" width=\"7%\">2021<\/td>\n<td style=\"text-align: center;\" width=\"12%\">Alexandre Leite de \u00c1vila<\/td>\n<td style=\"text-align: center;\" width=\"13%\">Eduardo Paes Barreto Davel<\/td>\n<td style=\"text-align: center;\" width=\"15%\">Gustavson School of Business, University of Victoria, Canada<\/td>\n<td style=\"text-align: center;\" width=\"14%\">Sara Elias<\/td>\n<td style=\"text-align: center;\" width=\"20%\">Emotion in Entrepreneurial Education: The Educational Practice of Artistic Entrepreneurship<\/td>\n<td style=\"text-align: center;\" width=\"15%\">Global Affairs Canada: Emerging Leaders in the Americas Program (ELAP)<\/td>\n<\/tr>\n<tr>\n<td style=\"text-align: center;\" width=\"7%\">2021<\/td>\n<td style=\"text-align: center;\" width=\"12%\">Adilson da Hora Sampaio<\/td>\n<td style=\"text-align: center;\" width=\"13%\">Paulo Figueiredo<\/td>\n<td style=\"text-align: center;\" width=\"15%\">United Nations University<\/td>\n<td style=\"text-align: center;\" width=\"14%\">Klarizze Puzon<\/td>\n<td style=\"text-align: center;\" width=\"20%\">Detecting fraud in public procurement: ecidence from Brazilian electronic bidding darta<\/td>\n<td style=\"text-align: center;\" width=\"15%\">Sem bolsa<\/td>\n<\/tr>\n<tr>\n<td style=\"text-align: center;\" width=\"7%\">2022<\/td>\n<td style=\"text-align: center;\" width=\"12%\">Justina Tellechea<\/td>\n<td style=\"text-align: center;\" width=\"13%\">Elizabeth Matos Ribeiro<\/td>\n<td style=\"text-align: center;\" width=\"15%\">UNICAMP<\/td>\n<td style=\"text-align: center;\" width=\"14%\">Gabriela Guarnieri Tabet.<\/td>\n<td style=\"text-align: center;\" width=\"20%\">Gest\u00e3o do Conhecimento<\/td>\n<td style=\"text-align: center;\" width=\"15%\">Sem bolsa<\/td>\n<\/tr>\n<tr>\n<td style=\"text-align: center;\" width=\"7%\">2022<\/td>\n<td style=\"text-align: center;\" width=\"12%\">Simony Rodrigues Marins<\/td>\n<td style=\"text-align: center;\" width=\"13%\">Eduardo Paes Barreto Davel<\/td>\n<td style=\"text-align: center;\" width=\"15%\">Faculty of Business &amp; Law, University of Portsmouth, Reino Unido<\/td>\n<td style=\"text-align: center;\" width=\"14%\">Samantha Parsley<\/td>\n<td style=\"text-align: center;\" width=\"20%\">Cultural Entrepreneurship as Aesthetic Practice: Popular Music in Bahia<\/td>\n<td style=\"text-align: center;\" width=\"15%\">CAPES Print<\/td>\n<\/tr>\n<tr>\n<td style=\"text-align: center;\" width=\"7%\">2022<\/td>\n<td style=\"text-align: center;\" width=\"12%\">P\u00e9rola Cavalcante Dourado<\/td>\n<td style=\"text-align: center;\" width=\"13%\">Eduardo Paes Barreto Davel<\/td>\n<td style=\"text-align: center;\" width=\"15%\">Webster University (Genebra \u2013 Su\u00ed\u00e7a)<\/td>\n<td style=\"text-align: center;\" width=\"14%\">Vlad Petre Glaveanu<\/td>\n<td style=\"text-align: center;\" width=\"20%\">Creativity in the Teaching-Learning of Management: Practice as Formative Dynamic<\/td>\n<td style=\"text-align: center;\" width=\"15%\">CAPES Print<\/td>\n<\/tr>\n<tr>\n<td style=\"text-align: center;\" width=\"7%\">2023<\/td>\n<td style=\"text-align: center;\" width=\"12%\">X\u00eania L\u2019amour Campos Oliveira<\/td>\n<td style=\"text-align: center;\" width=\"13%\">Eduardo Paes Barreto Davel<\/td>\n<td style=\"text-align: center;\" width=\"15%\">School of Business and Economics. Vrije Universiteit, Amsterdam<\/td>\n<td style=\"text-align: center;\" width=\"14%\">Niel A. Thompson<\/td>\n<td style=\"text-align: center;\" width=\"20%\">Redes Afetivas do Empreendedorismo Cultural<\/td>\n<td style=\"text-align: center;\" width=\"15%\">CAPES Print<\/td>\n<\/tr>\n<tr>\n<td style=\"text-align: center;\" width=\"7%\">2023<\/td>\n<td style=\"text-align: center;\" width=\"12%\">Cec\u00edlia Oliveira Bezerra<\/td>\n<td style=\"text-align: center;\" width=\"13%\">Eduardo Paes Barreto Davel<\/td>\n<td style=\"text-align: center;\" width=\"15%\">Business School &#8211; University of Suffolk \u2013 Inglaterra, Reino Unido<\/td>\n<td style=\"text-align: center;\" width=\"14%\">Clare Rigg<\/td>\n<td style=\"text-align: center;\" width=\"20%\">Sociomaterialidade na Inova\u00e7\u00e3o Educacional em Administra\u00e7\u00e3o: Processos, Pr\u00e1ticas e Espa\u00e7os<\/td>\n<td style=\"text-align: center;\" width=\"15%\">CAPES Print<\/td>\n<\/tr>\n<\/tbody>\n<\/table>\n\n\t\t<\/div>\n\t<\/div>\n<\/div><\/div><\/div><\/div><\/div><\/div><\/div><\/div><\/div><\/div><\/div><\/div><div class=\"vc_row wpb_row vc_row-fluid\"><div class=\"wpb_column vc_column_container vc_col-sm-12\"><div class=\"vc_column-inner\"><div class=\"wpb_wrapper\"><div class=\"vc_empty_space\"   style=\"height: 50px\"><span class=\"vc_empty_space_inner\"><\/span><\/div><\/div><\/div><\/div><\/div>","protected":false},"excerpt":{"rendered":"<p><a class=\"more-link\" href=\"https:\/\/npga.ufba.br\/en\/estudantes\/internacional\/#more-1992\">Leia Mais<\/a><\/p>","protected":false},"author":1,"featured_media":0,"parent":783,"menu_order":0,"comment_status":"closed","ping_status":"closed","template":"full-width-page.php","meta":{"footnotes":""},"class_list":["post-1992","page","type-page","status-publish","hentry"],"yoast_head":"<!-- This site is optimized with the Yoast SEO plugin v25.5 - https:\/\/yoast.com\/wordpress\/plugins\/seo\/ -->\n<title>Internacional - NPGA<\/title>\n<meta name=\"robots\" content=\"index, follow, max-snippet:-1, max-image-preview:large, max-video-preview:-1\" \/>\n<link rel=\"canonical\" href=\"https:\/\/npga.ufba.br\/en\/estudantes\/internacional\/\" \/>\n<meta property=\"og:locale\" content=\"en_US\" \/>\n<meta property=\"og:type\" content=\"article\" \/>\n<meta property=\"og:title\" content=\"Internacional - NPGA\" \/>\n<meta property=\"og:description\" content=\"Leia Mais\" \/>\n<meta property=\"og:url\" content=\"https:\/\/npga.ufba.br\/en\/estudantes\/internacional\/\" \/>\n<meta property=\"og:site_name\" content=\"NPGA\" \/>\n<meta property=\"article:modified_time\" content=\"2023-06-20T12:32:10+00:00\" \/>\n<meta name=\"twitter:card\" content=\"summary_large_image\" \/>\n<meta name=\"twitter:label1\" content=\"Est. reading time\" \/>\n\t<meta name=\"twitter:data1\" content=\"3 minutes\" \/>\n<script type=\"application\/ld+json\" class=\"yoast-schema-graph\">{\"@context\":\"https:\/\/schema.org\",\"@graph\":[{\"@type\":\"WebPage\",\"@id\":\"https:\/\/npga.ufba.br\/estudantes\/internacional\/\",\"url\":\"https:\/\/npga.ufba.br\/estudantes\/internacional\/\",\"name\":\"Internacional - NPGA\",\"isPartOf\":{\"@id\":\"https:\/\/npga.ufba.br\/en\/#website\"},\"datePublished\":\"2020-06-01T23:46:27+00:00\",\"dateModified\":\"2023-06-20T12:32:10+00:00\",\"breadcrumb\":{\"@id\":\"https:\/\/npga.ufba.br\/estudantes\/internacional\/#breadcrumb\"},\"inLanguage\":\"en-US\",\"potentialAction\":[{\"@type\":\"ReadAction\",\"target\":[\"https:\/\/npga.ufba.br\/estudantes\/internacional\/\"]}]},{\"@type\":\"BreadcrumbList\",\"@id\":\"https:\/\/npga.ufba.br\/estudantes\/internacional\/#breadcrumb\",\"itemListElement\":[{\"@type\":\"ListItem\",\"position\":1,\"name\":\"In\u00edcio\",\"item\":\"https:\/\/npga.ufba.br\/\"},{\"@type\":\"ListItem\",\"position\":2,\"name\":\"Estudantes\",\"item\":\"https:\/\/npga.ufba.br\/estudantes\/\"},{\"@type\":\"ListItem\",\"position\":3,\"name\":\"Internacional\"}]},{\"@type\":\"WebSite\",\"@id\":\"https:\/\/npga.ufba.br\/en\/#website\",\"url\":\"https:\/\/npga.ufba.br\/en\/\",\"name\":\"NPGA\",\"description\":\"N\u00facleo de P\u00f3s-Gradua\u00e7\u00e3o em Administra\u00e7\u00e3o\",\"publisher\":{\"@id\":\"https:\/\/npga.ufba.br\/en\/#organization\"},\"potentialAction\":[{\"@type\":\"SearchAction\",\"target\":{\"@type\":\"EntryPoint\",\"urlTemplate\":\"https:\/\/npga.ufba.br\/en\/?s={search_term_string}\"},\"query-input\":{\"@type\":\"PropertyValueSpecification\",\"valueRequired\":true,\"valueName\":\"search_term_string\"}}],\"inLanguage\":\"en-US\"},{\"@type\":\"Organization\",\"@id\":\"https:\/\/npga.ufba.br\/en\/#organization\",\"name\":\"NPGA\",\"url\":\"https:\/\/npga.ufba.br\/en\/\",\"logo\":{\"@type\":\"ImageObject\",\"inLanguage\":\"en-US\",\"@id\":\"https:\/\/npga.ufba.br\/en\/#\/schema\/logo\/image\/\",\"url\":\"https:\/\/npga.ufba.br\/wp-content\/uploads\/2020\/06\/marcasunidades_NPGA-e1591028086985.png\",\"contentUrl\":\"https:\/\/npga.ufba.br\/wp-content\/uploads\/2020\/06\/marcasunidades_NPGA-e1591028086985.png\",\"width\":340,\"height\":135,\"caption\":\"NPGA\"},\"image\":{\"@id\":\"https:\/\/npga.ufba.br\/en\/#\/schema\/logo\/image\/\"}}]}<\/script>\n<!-- \/ Yoast SEO plugin. -->","yoast_head_json":{"title":"The international NPGA","robots":{"index":"index","follow":"follow","max-snippet":"max-snippet:-1","max-image-preview":"max-image-preview:large","max-video-preview":"max-video-preview:-1"},"canonical":"https:\/\/npga.ufba.br\/en\/estudantes\/internacional\/","og_locale":"en_US","og_type":"article","og_title":"Internacional - NPGA","og_description":"Leia Mais","og_url":"https:\/\/npga.ufba.br\/en\/estudantes\/internacional\/","og_site_name":"NPGA","article_modified_time":"2023-06-20T12:32:10+00:00","twitter_card":"summary_large_image","twitter_misc":{"Est. reading time":"3 minutes"},"schema":{"@context":"https:\/\/schema.org","@graph":[{"@type":"WebPage","@id":"https:\/\/npga.ufba.br\/estudantes\/internacional\/","url":"https:\/\/npga.ufba.br\/estudantes\/internacional\/","name":"The international NPGA","isPartOf":{"@id":"https:\/\/npga.ufba.br\/en\/#website"},"datePublished":"2020-06-01T23:46:27+00:00","dateModified":"2023-06-20T12:32:10+00:00","breadcrumb":{"@id":"https:\/\/npga.ufba.br\/estudantes\/internacional\/#breadcrumb"},"inLanguage":"en-US","potentialAction":[{"@type":"ReadAction","target":["https:\/\/npga.ufba.br\/estudantes\/internacional\/"]}]},{"@type":"BreadcrumbList","@id":"https:\/\/npga.ufba.br\/estudantes\/internacional\/#breadcrumb","itemListElement":[{"@type":"ListItem","position":1,"name":"In\u00edcio","item":"https:\/\/npga.ufba.br\/"},{"@type":"ListItem","position":2,"name":"Estudantes","item":"https:\/\/npga.ufba.br\/estudantes\/"},{"@type":"ListItem","position":3,"name":"Internacional"}]},{"@type":"WebSite","@id":"https:\/\/npga.ufba.br\/en\/#website","url":"https:\/\/npga.ufba.br\/en\/","name":"NPGA","description":"N\u00facleo de P\u00f3s-Gradua\u00e7\u00e3o em Administra\u00e7\u00e3o","publisher":{"@id":"https:\/\/npga.ufba.br\/en\/#organization"},"potentialAction":[{"@type":"SearchAction","target":{"@type":"EntryPoint","urlTemplate":"https:\/\/npga.ufba.br\/en\/?s={search_term_string}"},"query-input":{"@type":"PropertyValueSpecification","valueRequired":true,"valueName":"search_term_string"}}],"inLanguage":"en-US"},{"@type":"Organization","@id":"https:\/\/npga.ufba.br\/en\/#organization","name":"NPGA","url":"https:\/\/npga.ufba.br\/en\/","logo":{"@type":"ImageObject","inLanguage":"en-US","@id":"https:\/\/npga.ufba.br\/en\/#\/schema\/logo\/image\/","url":"https:\/\/npga.ufba.br\/wp-content\/uploads\/2020\/06\/marcasunidades_NPGA-e1591028086985.png","contentUrl":"https:\/\/npga.ufba.br\/wp-content\/uploads\/2020\/06\/marcasunidades_NPGA-e1591028086985.png","width":340,"height":135,"caption":"NPGA"},"image":{"@id":"https:\/\/npga.ufba.br\/en\/#\/schema\/logo\/image\/"}}]}},"_links":{"self":[{"href":"https:\/\/npga.ufba.br\/en\/wp-json\/wp\/v2\/pages\/1992","targetHints":{"allow":["GET"]}}],"collection":[{"href":"https:\/\/npga.ufba.br\/en\/wp-json\/wp\/v2\/pages"}],"about":[{"href":"https:\/\/npga.ufba.br\/en\/wp-json\/wp\/v2\/types\/page"}],"author":[{"embeddable":true,"href":"https:\/\/npga.ufba.br\/en\/wp-json\/wp\/v2\/users\/1"}],"replies":[{"embeddable":true,"href":"https:\/\/npga.ufba.br\/en\/wp-json\/wp\/v2\/comments?post=1992"}],"version-history":[{"count":0,"href":"https:\/\/npga.ufba.br\/en\/wp-json\/wp\/v2\/pages\/1992\/revisions"}],"up":[{"embeddable":true,"href":"https:\/\/npga.ufba.br\/en\/wp-json\/wp\/v2\/pages\/783"}],"wp:attachment":[{"href":"https:\/\/npga.ufba.br\/en\/wp-json\/wp\/v2\/media?parent=1992"}],"curies":[{"name":"wp","href":"https:\/\/api.w.org\/{rel}","templated":true}]}}