{"id":1993,"date":"2020-06-01T20:46:34","date_gmt":"2020-06-01T23:46:34","guid":{"rendered":"http:\/\/npga.ufba.br\/organizacoes-copy-5\/"},"modified":"2023-06-20T09:32:10","modified_gmt":"2023-06-20T12:32:10","slug":"intercambio","status":"publish","type":"page","link":"https:\/\/npga.ufba.br\/en\/estudantes\/intercambio\/","title":{"rendered":"Exchange"},"content":{"rendered":"<div class=\"vc_row wpb_row vc_row-fluid\"><div class=\"container\"><div class=\"sd-centered-wrapper\"><div class=\"wpb_column vc_column_container vc_col-sm-12\"><div class=\"vc_column-inner\"><div class=\"wpb_wrapper\"><div class=\"vc_empty_space\"   style=\"height: 50px\"><span class=\"vc_empty_space_inner\"><\/span><\/div>\n\t<div class=\"wpb_text_column wpb_content_element\" >\n\t\t<div class=\"wpb_wrapper\">\n\t\t\t<h2 style=\"text-align: center; font-weight: normal;\">Exchange<\/h2>\n\n\t\t<\/div>\n\t<\/div>\n<div class=\"vc_empty_space\"   style=\"height: 30px\"><span class=\"vc_empty_space_inner\"><\/span><\/div><div class=\"vc_row wpb_row vc_inner vc_row-fluid\"><div class=\"wpb_column vc_column_container vc_col-sm-12\"><div class=\"vc_column-inner\"><div class=\"wpb_wrapper\">\n\t<div class=\"wpb_text_column wpb_content_element\" >\n\t\t<div class=\"wpb_wrapper\">\n\t\t\t<p>The program encourages students to study abroad or at other institutions, academic, or technological applications, with the possibility of funding, while at the same time, it welcomes students from the most diverse regions in the country and around the globe. The internationalization value our identity as a local and regional levels, to promote exchange and learning is based on the principle of reciprocity.<\/p>\n<p>Examples of national and international partnerships, involving teaching, research, extension and innovation:<\/p>\n<ul>\n<li>USP, UNB, UFRGS, UFCA, UFT, UFAM, UFPB, FGV, INSPER, UESB, UFRB<\/li>\n<li>Universidad Autonoma de Tamaulipas, Mexico<\/li>\n<li>Conservatoire National de Arts et Metiers (CNAM), Paris, france<\/li>\n<li>Copenhagen Business School, Denmark<\/li>\n<li>\u00c9coles des Hautes \u00c9tudes Commerciales, Montreal, Canada<\/li>\n<li>\u00c9coles des Hautes \u00c9tudes Commerciales, France<\/li>\n<li>George Mason University, United States<\/li>\n<li>Munk School of Global Affairs, University of Toronto, ontario, Canada<\/li>\n<li>The United Nations University, Japan<\/li>\n<li>Universidad Polit\u00e9cnica de Madrid, Spain<\/li>\n<li>Universidad Aut\u00f3noma de Barcelona, Spain<\/li>\n<li>Universidad Complutense de Madrid, Spain<\/li>\n<li>Universidad de Vigo, Spain<\/li>\n<li>University of lisbon, Lisbon, Portugal<\/li>\n<li>University Nova de Lisboa, Nova SBE, Portugal<\/li>\n<li>University T\u00e9cnica de lisboa, Lisbon, Portugal<\/li>\n<li>Universit\u00e9 De Nice-Sophia Antipolis, France<\/li>\n<li>University of Paris I, panth\u00e9on-Sorbonne, France<\/li>\n<li>The university of Paris, panth\u00e9on-Sorbonne III, France<\/li>\n<li>Universit\u00e9 de Toulouse, France<\/li>\n<li>The University of Brighton, United Kingdom<\/li>\n<li>University of Detroit Mercy, usa<\/li>\n<li>The University of Michigan, United States<\/li>\n<li>The University of New Mexico, United States<\/li>\n<li>The University of Queensland, western australia, Australia<\/li>\n<li>The University of South Australia, Australia<\/li>\n<li>Vrije Universiteit, Amsterdam, The Netherlands<\/li>\n<\/ul>\n\n\t\t<\/div>\n\t<\/div>\n<\/div><\/div><\/div><\/div><\/div><\/div><\/div><\/div><\/div><\/div><div class=\"vc_row wpb_row vc_row-fluid\"><div class=\"wpb_column vc_column_container vc_col-sm-12\"><div class=\"vc_column-inner\"><div class=\"wpb_wrapper\"><div class=\"vc_empty_space\"   style=\"height: 50px\"><span class=\"vc_empty_space_inner\"><\/span><\/div><\/div><\/div><\/div><\/div>","protected":false},"excerpt":{"rendered":"<p><a class=\"more-link\" href=\"https:\/\/npga.ufba.br\/en\/estudantes\/intercambio\/#more-1993\">Leia Mais<\/a><\/p>","protected":false},"author":1,"featured_media":0,"parent":783,"menu_order":0,"comment_status":"closed","ping_status":"closed","template":"full-width-page.php","meta":{"footnotes":""},"class_list":["post-1993","page","type-page","status-publish","hentry"],"yoast_head":"<!-- This site is optimized with the Yoast SEO plugin v25.5 - https:\/\/yoast.com\/wordpress\/plugins\/seo\/ -->\n<title>Interc\u00e2mbio - NPGA<\/title>\n<meta name=\"robots\" content=\"index, follow, max-snippet:-1, max-image-preview:large, max-video-preview:-1\" \/>\n<link rel=\"canonical\" href=\"https:\/\/npga.ufba.br\/en\/estudantes\/intercambio\/\" \/>\n<meta property=\"og:locale\" content=\"en_US\" \/>\n<meta property=\"og:type\" content=\"article\" \/>\n<meta property=\"og:title\" content=\"Interc\u00e2mbio - NPGA\" \/>\n<meta property=\"og:description\" content=\"Leia Mais\" \/>\n<meta property=\"og:url\" content=\"https:\/\/npga.ufba.br\/en\/estudantes\/intercambio\/\" \/>\n<meta property=\"og:site_name\" content=\"NPGA\" \/>\n<meta property=\"article:modified_time\" content=\"2023-06-20T12:32:10+00:00\" \/>\n<meta name=\"twitter:card\" content=\"summary_large_image\" \/>\n<meta name=\"twitter:label1\" content=\"Est. reading time\" \/>\n\t<meta name=\"twitter:data1\" content=\"2 minutes\" \/>\n<script type=\"application\/ld+json\" class=\"yoast-schema-graph\">{\"@context\":\"https:\/\/schema.org\",\"@graph\":[{\"@type\":\"WebPage\",\"@id\":\"https:\/\/npga.ufba.br\/estudantes\/intercambio\/\",\"url\":\"https:\/\/npga.ufba.br\/estudantes\/intercambio\/\",\"name\":\"Interc\u00e2mbio - NPGA\",\"isPartOf\":{\"@id\":\"https:\/\/npga.ufba.br\/en\/#website\"},\"datePublished\":\"2020-06-01T23:46:34+00:00\",\"dateModified\":\"2023-06-20T12:32:10+00:00\",\"breadcrumb\":{\"@id\":\"https:\/\/npga.ufba.br\/estudantes\/intercambio\/#breadcrumb\"},\"inLanguage\":\"en-US\",\"potentialAction\":[{\"@type\":\"ReadAction\",\"target\":[\"https:\/\/npga.ufba.br\/estudantes\/intercambio\/\"]}]},{\"@type\":\"BreadcrumbList\",\"@id\":\"https:\/\/npga.ufba.br\/estudantes\/intercambio\/#breadcrumb\",\"itemListElement\":[{\"@type\":\"ListItem\",\"position\":1,\"name\":\"In\u00edcio\",\"item\":\"https:\/\/npga.ufba.br\/\"},{\"@type\":\"ListItem\",\"position\":2,\"name\":\"Estudantes\",\"item\":\"https:\/\/npga.ufba.br\/estudantes\/\"},{\"@type\":\"ListItem\",\"position\":3,\"name\":\"Interc\u00e2mbio\"}]},{\"@type\":\"WebSite\",\"@id\":\"https:\/\/npga.ufba.br\/en\/#website\",\"url\":\"https:\/\/npga.ufba.br\/en\/\",\"name\":\"NPGA\",\"description\":\"N\u00facleo de P\u00f3s-Gradua\u00e7\u00e3o em Administra\u00e7\u00e3o\",\"publisher\":{\"@id\":\"https:\/\/npga.ufba.br\/en\/#organization\"},\"potentialAction\":[{\"@type\":\"SearchAction\",\"target\":{\"@type\":\"EntryPoint\",\"urlTemplate\":\"https:\/\/npga.ufba.br\/en\/?s={search_term_string}\"},\"query-input\":{\"@type\":\"PropertyValueSpecification\",\"valueRequired\":true,\"valueName\":\"search_term_string\"}}],\"inLanguage\":\"en-US\"},{\"@type\":\"Organization\",\"@id\":\"https:\/\/npga.ufba.br\/en\/#organization\",\"name\":\"NPGA\",\"url\":\"https:\/\/npga.ufba.br\/en\/\",\"logo\":{\"@type\":\"ImageObject\",\"inLanguage\":\"en-US\",\"@id\":\"https:\/\/npga.ufba.br\/en\/#\/schema\/logo\/image\/\",\"url\":\"https:\/\/npga.ufba.br\/wp-content\/uploads\/2020\/06\/marcasunidades_NPGA-e1591028086985.png\",\"contentUrl\":\"https:\/\/npga.ufba.br\/wp-content\/uploads\/2020\/06\/marcasunidades_NPGA-e1591028086985.png\",\"width\":340,\"height\":135,\"caption\":\"NPGA\"},\"image\":{\"@id\":\"https:\/\/npga.ufba.br\/en\/#\/schema\/logo\/image\/\"}}]}<\/script>\n<!-- \/ Yoast SEO plugin. -->","yoast_head_json":{"title":"Interc\u00e2mbio - NPGA","robots":{"index":"index","follow":"follow","max-snippet":"max-snippet:-1","max-image-preview":"max-image-preview:large","max-video-preview":"max-video-preview:-1"},"canonical":"https:\/\/npga.ufba.br\/en\/estudantes\/intercambio\/","og_locale":"en_US","og_type":"article","og_title":"Interc\u00e2mbio - NPGA","og_description":"Leia Mais","og_url":"https:\/\/npga.ufba.br\/en\/estudantes\/intercambio\/","og_site_name":"NPGA","article_modified_time":"2023-06-20T12:32:10+00:00","twitter_card":"summary_large_image","twitter_misc":{"Est. reading time":"2 minutes"},"schema":{"@context":"https:\/\/schema.org","@graph":[{"@type":"WebPage","@id":"https:\/\/npga.ufba.br\/estudantes\/intercambio\/","url":"https:\/\/npga.ufba.br\/estudantes\/intercambio\/","name":"Interc\u00e2mbio - NPGA","isPartOf":{"@id":"https:\/\/npga.ufba.br\/en\/#website"},"datePublished":"2020-06-01T23:46:34+00:00","dateModified":"2023-06-20T12:32:10+00:00","breadcrumb":{"@id":"https:\/\/npga.ufba.br\/estudantes\/intercambio\/#breadcrumb"},"inLanguage":"en-US","potentialAction":[{"@type":"ReadAction","target":["https:\/\/npga.ufba.br\/estudantes\/intercambio\/"]}]},{"@type":"BreadcrumbList","@id":"https:\/\/npga.ufba.br\/estudantes\/intercambio\/#breadcrumb","itemListElement":[{"@type":"ListItem","position":1,"name":"In\u00edcio","item":"https:\/\/npga.ufba.br\/"},{"@type":"ListItem","position":2,"name":"Estudantes","item":"https:\/\/npga.ufba.br\/estudantes\/"},{"@type":"ListItem","position":3,"name":"Interc\u00e2mbio"}]},{"@type":"WebSite","@id":"https:\/\/npga.ufba.br\/en\/#website","url":"https:\/\/npga.ufba.br\/en\/","name":"NPGA","description":"N\u00facleo de P\u00f3s-Gradua\u00e7\u00e3o em Administra\u00e7\u00e3o","publisher":{"@id":"https:\/\/npga.ufba.br\/en\/#organization"},"potentialAction":[{"@type":"SearchAction","target":{"@type":"EntryPoint","urlTemplate":"https:\/\/npga.ufba.br\/en\/?s={search_term_string}"},"query-input":{"@type":"PropertyValueSpecification","valueRequired":true,"valueName":"search_term_string"}}],"inLanguage":"en-US"},{"@type":"Organization","@id":"https:\/\/npga.ufba.br\/en\/#organization","name":"NPGA","url":"https:\/\/npga.ufba.br\/en\/","logo":{"@type":"ImageObject","inLanguage":"en-US","@id":"https:\/\/npga.ufba.br\/en\/#\/schema\/logo\/image\/","url":"https:\/\/npga.ufba.br\/wp-content\/uploads\/2020\/06\/marcasunidades_NPGA-e1591028086985.png","contentUrl":"https:\/\/npga.ufba.br\/wp-content\/uploads\/2020\/06\/marcasunidades_NPGA-e1591028086985.png","width":340,"height":135,"caption":"NPGA"},"image":{"@id":"https:\/\/npga.ufba.br\/en\/#\/schema\/logo\/image\/"}}]}},"_links":{"self":[{"href":"https:\/\/npga.ufba.br\/en\/wp-json\/wp\/v2\/pages\/1993","targetHints":{"allow":["GET"]}}],"collection":[{"href":"https:\/\/npga.ufba.br\/en\/wp-json\/wp\/v2\/pages"}],"about":[{"href":"https:\/\/npga.ufba.br\/en\/wp-json\/wp\/v2\/types\/page"}],"author":[{"embeddable":true,"href":"https:\/\/npga.ufba.br\/en\/wp-json\/wp\/v2\/users\/1"}],"replies":[{"embeddable":true,"href":"https:\/\/npga.ufba.br\/en\/wp-json\/wp\/v2\/comments?post=1993"}],"version-history":[{"count":0,"href":"https:\/\/npga.ufba.br\/en\/wp-json\/wp\/v2\/pages\/1993\/revisions"}],"up":[{"embeddable":true,"href":"https:\/\/npga.ufba.br\/en\/wp-json\/wp\/v2\/pages\/783"}],"wp:attachment":[{"href":"https:\/\/npga.ufba.br\/en\/wp-json\/wp\/v2\/media?parent=1993"}],"curies":[{"name":"wp","href":"https:\/\/api.w.org\/{rel}","templated":true}]}}