{"id":2062,"date":"2020-06-03T11:21:19","date_gmt":"2020-06-03T14:21:19","guid":{"rendered":"http:\/\/npga.ufba.br\/doutorado\/historia-copy\/"},"modified":"2021-04-16T14:11:09","modified_gmt":"2021-04-16T17:11:09","slug":"historia","status":"publish","type":"page","link":"https:\/\/npga.ufba.br\/en\/mestrado\/historia\/","title":{"rendered":"History"},"content":{"rendered":"<div class=\"vc_row wpb_row vc_row-fluid\"><div class=\"container\"><div class=\"sd-centered-wrapper\"><div class=\"wpb_column vc_column_container vc_col-sm-12\"><div class=\"vc_column-inner\"><div class=\"wpb_wrapper\"><div class=\"vc_empty_space\"   style=\"height: 50px\"><span class=\"vc_empty_space_inner\"><\/span><\/div>\n\t<div class=\"wpb_text_column wpb_content_element\" >\n\t\t<div class=\"wpb_wrapper\">\n\t\t\t<h2 style=\"text-align: center; font-weight: normal;\">History<\/h2>\n\n\t\t<\/div>\n\t<\/div>\n<div class=\"vc_empty_space\"   style=\"height: 32px\"><span class=\"vc_empty_space_inner\"><\/span><\/div><div class=\"vc_row wpb_row vc_inner vc_row-fluid\"><div class=\"wpb_column vc_column_container vc_col-sm-12\"><div class=\"vc_column-inner\"><div class=\"wpb_wrapper\">\n\t<div class=\"wpb_text_column wpb_content_element\" >\n\t\t<div class=\"wpb_wrapper\">\n\t\t\t<h3><span class=\"sd-colored\"><strong>The identity of the program<\/strong><\/span><\/h3>\n<p>The academic program of the NPGA directed to:<\/p>\n<ol>\n<li>to understand the field of organizations, from public policy and management.<\/li>\n<li>to train teachers, researchers, decision-makers and practitioners to assess;<\/li>\n<li>value of diversity in the views of the organization, policies, and practices of the management.<\/li>\n<li>to build skills that are of relevance to the academic and social development, for the transformation of the company;<\/li>\n<li>to stimulate the reflection on the thoughts and actions taking into account the complexity of the organizations, public policy, management, and his connection with the company; and<\/li>\n<li>fostering connections inter-disciplinary and trans-disciplinary.<\/li>\n<\/ol>\n<h3><span class=\"sd-colored\"><strong>\u00a0<\/strong><strong>In recognition of the program&#039;s<\/strong><\/span><\/h3>\n<p>The NPGA is recognized as the hub of training excellence with a national reputation, the trainee students from all over the country. The core of the highlights, especially on the regional level. The highlight of the region NPGA is due to its pioneering role and the quality of the training, the trainee-teachers, researchers, and managers who work in different cities and universities of the interior of the north-east region of Brazil, will have a direct impact on the education and research in Management. In the core, develop joint teaching, research and extension, with a number of institutions internationally. It&#039;s a connection that goes from the regional to the international level.<\/p>\n\n\t\t<\/div>\n\t<\/div>\n<\/div><\/div><\/div><\/div><div class=\"vc_empty_space\"   style=\"height: 32px\"><span class=\"vc_empty_space_inner\"><\/span><\/div><\/div><\/div><\/div><\/div><\/div><\/div><div class=\"vc_row wpb_row vc_row-fluid\"><div class=\"wpb_column vc_column_container vc_col-sm-12\"><div class=\"vc_column-inner\"><div class=\"wpb_wrapper\"><div class=\"vc_empty_space\"   style=\"height: 32px\"><span class=\"vc_empty_space_inner\"><\/span><\/div><\/div><\/div><\/div><\/div>","protected":false},"excerpt":{"rendered":"<p><a class=\"more-link\" href=\"https:\/\/npga.ufba.br\/en\/mestrado\/historia\/#more-2062\">Leia Mais<\/a><\/p>","protected":false},"author":1,"featured_media":0,"parent":860,"menu_order":0,"comment_status":"closed","ping_status":"closed","template":"full-width-page.php","meta":{"footnotes":""},"class_list":["post-2062","page","type-page","status-publish","hentry"],"yoast_head":"<!-- This site is optimized with the Yoast SEO plugin v25.5 - https:\/\/yoast.com\/wordpress\/plugins\/seo\/ -->\n<title>Hist\u00f3ria - NPGA<\/title>\n<meta name=\"robots\" content=\"index, follow, max-snippet:-1, max-image-preview:large, max-video-preview:-1\" \/>\n<link rel=\"canonical\" href=\"https:\/\/npga.ufba.br\/en\/mestrado\/historia\/\" \/>\n<meta property=\"og:locale\" content=\"en_US\" \/>\n<meta property=\"og:type\" content=\"article\" \/>\n<meta property=\"og:title\" content=\"Hist\u00f3ria - NPGA\" \/>\n<meta property=\"og:description\" content=\"Leia Mais\" \/>\n<meta property=\"og:url\" content=\"https:\/\/npga.ufba.br\/en\/mestrado\/historia\/\" \/>\n<meta property=\"og:site_name\" content=\"NPGA\" \/>\n<meta property=\"article:modified_time\" content=\"2021-04-16T17:11:09+00:00\" \/>\n<meta name=\"twitter:card\" content=\"summary_large_image\" \/>\n<meta name=\"twitter:label1\" content=\"Est. reading time\" \/>\n\t<meta name=\"twitter:data1\" content=\"1 minute\" \/>\n<script type=\"application\/ld+json\" class=\"yoast-schema-graph\">{\"@context\":\"https:\/\/schema.org\",\"@graph\":[{\"@type\":\"WebPage\",\"@id\":\"https:\/\/npga.ufba.br\/mestrado\/historia\/\",\"url\":\"https:\/\/npga.ufba.br\/mestrado\/historia\/\",\"name\":\"Hist\u00f3ria - NPGA\",\"isPartOf\":{\"@id\":\"https:\/\/npga.ufba.br\/en\/#website\"},\"datePublished\":\"2020-06-03T14:21:19+00:00\",\"dateModified\":\"2021-04-16T17:11:09+00:00\",\"breadcrumb\":{\"@id\":\"https:\/\/npga.ufba.br\/mestrado\/historia\/#breadcrumb\"},\"inLanguage\":\"en-US\",\"potentialAction\":[{\"@type\":\"ReadAction\",\"target\":[\"https:\/\/npga.ufba.br\/mestrado\/historia\/\"]}]},{\"@type\":\"BreadcrumbList\",\"@id\":\"https:\/\/npga.ufba.br\/mestrado\/historia\/#breadcrumb\",\"itemListElement\":[{\"@type\":\"ListItem\",\"position\":1,\"name\":\"In\u00edcio\",\"item\":\"https:\/\/npga.ufba.br\/\"},{\"@type\":\"ListItem\",\"position\":2,\"name\":\"Mestrado\",\"item\":\"https:\/\/npga.ufba.br\/mestrado\/\"},{\"@type\":\"ListItem\",\"position\":3,\"name\":\"Hist\u00f3ria\"}]},{\"@type\":\"WebSite\",\"@id\":\"https:\/\/npga.ufba.br\/en\/#website\",\"url\":\"https:\/\/npga.ufba.br\/en\/\",\"name\":\"NPGA\",\"description\":\"N\u00facleo de P\u00f3s-Gradua\u00e7\u00e3o em Administra\u00e7\u00e3o\",\"publisher\":{\"@id\":\"https:\/\/npga.ufba.br\/en\/#organization\"},\"potentialAction\":[{\"@type\":\"SearchAction\",\"target\":{\"@type\":\"EntryPoint\",\"urlTemplate\":\"https:\/\/npga.ufba.br\/en\/?s={search_term_string}\"},\"query-input\":{\"@type\":\"PropertyValueSpecification\",\"valueRequired\":true,\"valueName\":\"search_term_string\"}}],\"inLanguage\":\"en-US\"},{\"@type\":\"Organization\",\"@id\":\"https:\/\/npga.ufba.br\/en\/#organization\",\"name\":\"NPGA\",\"url\":\"https:\/\/npga.ufba.br\/en\/\",\"logo\":{\"@type\":\"ImageObject\",\"inLanguage\":\"en-US\",\"@id\":\"https:\/\/npga.ufba.br\/en\/#\/schema\/logo\/image\/\",\"url\":\"https:\/\/npga.ufba.br\/wp-content\/uploads\/2020\/06\/marcasunidades_NPGA-e1591028086985.png\",\"contentUrl\":\"https:\/\/npga.ufba.br\/wp-content\/uploads\/2020\/06\/marcasunidades_NPGA-e1591028086985.png\",\"width\":340,\"height\":135,\"caption\":\"NPGA\"},\"image\":{\"@id\":\"https:\/\/npga.ufba.br\/en\/#\/schema\/logo\/image\/\"}}]}<\/script>\n<!-- \/ Yoast SEO plugin. -->","yoast_head_json":{"title":"The story NPGA","robots":{"index":"index","follow":"follow","max-snippet":"max-snippet:-1","max-image-preview":"max-image-preview:large","max-video-preview":"max-video-preview:-1"},"canonical":"https:\/\/npga.ufba.br\/en\/mestrado\/historia\/","og_locale":"en_US","og_type":"article","og_title":"Hist\u00f3ria - NPGA","og_description":"Leia Mais","og_url":"https:\/\/npga.ufba.br\/en\/mestrado\/historia\/","og_site_name":"NPGA","article_modified_time":"2021-04-16T17:11:09+00:00","twitter_card":"summary_large_image","twitter_misc":{"Est. reading time":"1 minute"},"schema":{"@context":"https:\/\/schema.org","@graph":[{"@type":"WebPage","@id":"https:\/\/npga.ufba.br\/mestrado\/historia\/","url":"https:\/\/npga.ufba.br\/mestrado\/historia\/","name":"The story NPGA","isPartOf":{"@id":"https:\/\/npga.ufba.br\/en\/#website"},"datePublished":"2020-06-03T14:21:19+00:00","dateModified":"2021-04-16T17:11:09+00:00","breadcrumb":{"@id":"https:\/\/npga.ufba.br\/mestrado\/historia\/#breadcrumb"},"inLanguage":"en-US","potentialAction":[{"@type":"ReadAction","target":["https:\/\/npga.ufba.br\/mestrado\/historia\/"]}]},{"@type":"BreadcrumbList","@id":"https:\/\/npga.ufba.br\/mestrado\/historia\/#breadcrumb","itemListElement":[{"@type":"ListItem","position":1,"name":"In\u00edcio","item":"https:\/\/npga.ufba.br\/"},{"@type":"ListItem","position":2,"name":"Mestrado","item":"https:\/\/npga.ufba.br\/mestrado\/"},{"@type":"ListItem","position":3,"name":"Hist\u00f3ria"}]},{"@type":"WebSite","@id":"https:\/\/npga.ufba.br\/en\/#website","url":"https:\/\/npga.ufba.br\/en\/","name":"NPGA","description":"N\u00facleo de P\u00f3s-Gradua\u00e7\u00e3o em Administra\u00e7\u00e3o","publisher":{"@id":"https:\/\/npga.ufba.br\/en\/#organization"},"potentialAction":[{"@type":"SearchAction","target":{"@type":"EntryPoint","urlTemplate":"https:\/\/npga.ufba.br\/en\/?s={search_term_string}"},"query-input":{"@type":"PropertyValueSpecification","valueRequired":true,"valueName":"search_term_string"}}],"inLanguage":"en-US"},{"@type":"Organization","@id":"https:\/\/npga.ufba.br\/en\/#organization","name":"NPGA","url":"https:\/\/npga.ufba.br\/en\/","logo":{"@type":"ImageObject","inLanguage":"en-US","@id":"https:\/\/npga.ufba.br\/en\/#\/schema\/logo\/image\/","url":"https:\/\/npga.ufba.br\/wp-content\/uploads\/2020\/06\/marcasunidades_NPGA-e1591028086985.png","contentUrl":"https:\/\/npga.ufba.br\/wp-content\/uploads\/2020\/06\/marcasunidades_NPGA-e1591028086985.png","width":340,"height":135,"caption":"NPGA"},"image":{"@id":"https:\/\/npga.ufba.br\/en\/#\/schema\/logo\/image\/"}}]}},"_links":{"self":[{"href":"https:\/\/npga.ufba.br\/en\/wp-json\/wp\/v2\/pages\/2062","targetHints":{"allow":["GET"]}}],"collection":[{"href":"https:\/\/npga.ufba.br\/en\/wp-json\/wp\/v2\/pages"}],"about":[{"href":"https:\/\/npga.ufba.br\/en\/wp-json\/wp\/v2\/types\/page"}],"author":[{"embeddable":true,"href":"https:\/\/npga.ufba.br\/en\/wp-json\/wp\/v2\/users\/1"}],"replies":[{"embeddable":true,"href":"https:\/\/npga.ufba.br\/en\/wp-json\/wp\/v2\/comments?post=2062"}],"version-history":[{"count":0,"href":"https:\/\/npga.ufba.br\/en\/wp-json\/wp\/v2\/pages\/2062\/revisions"}],"up":[{"embeddable":true,"href":"https:\/\/npga.ufba.br\/en\/wp-json\/wp\/v2\/pages\/860"}],"wp:attachment":[{"href":"https:\/\/npga.ufba.br\/en\/wp-json\/wp\/v2\/media?parent=2062"}],"curies":[{"name":"wp","href":"https:\/\/api.w.org\/{rel}","templated":true}]}}