{"id":2063,"date":"2020-06-03T11:21:28","date_gmt":"2020-06-03T14:21:28","guid":{"rendered":"http:\/\/npga.ufba.br\/doutorado\/historia-copy-2\/"},"modified":"2021-04-14T11:16:24","modified_gmt":"2021-04-14T14:16:24","slug":"historia","status":"publish","type":"page","link":"https:\/\/npga.ufba.br\/en\/npga\/historia\/","title":{"rendered":"History"},"content":{"rendered":"<div class=\"vc_row wpb_row vc_row-fluid\"><div class=\"container\"><div class=\"sd-centered-wrapper\"><div class=\"wpb_column vc_column_container vc_col-sm-12\"><div class=\"vc_column-inner\"><div class=\"wpb_wrapper\"><div class=\"vc_empty_space\"   style=\"height: 50px\"><span class=\"vc_empty_space_inner\"><\/span><\/div>\n\t<div class=\"wpb_text_column wpb_content_element\" >\n\t\t<div class=\"wpb_wrapper\">\n\t\t\t<h2 style=\"text-align: center; font-weight: normal;\">History<\/h2>\n\n\t\t<\/div>\n\t<\/div>\n<div class=\"vc_empty_space\"   style=\"height: 32px\"><span class=\"vc_empty_space_inner\"><\/span><\/div><div class=\"vc_row wpb_row vc_inner vc_row-fluid\"><div class=\"wpb_column vc_column_container vc_col-sm-12\"><div class=\"vc_column-inner\"><div class=\"wpb_wrapper\">\n\t<div class=\"wpb_text_column wpb_content_element\" >\n\t\t<div class=\"wpb_wrapper\">\n\t\t\t<p class=\"translation-block\">The Postgraduate Business Administration Center \u2013 NPGA was created in 1993, as an instance responsible for the management, articulation and support of postgraduate activities at the  School of Business Administration of the Federal University of Bahia \u2013 EAUFBA . Until then, EAUFBA housed the Academic Master's course, created in 1984; the Doctorate course in Public Administration and the Advanced Training Program \u2013 CPA, which brings together the offer of specialization courses, both created in 1993. In 1998 the Professional Master's course in Administration was created, completing the current scope of the NPGA.<\/p>\n<p>During this period, the NPGA gained a strong presence in the local, state and national contexts, consolidating itself as a qualified space for the training of high-level human resources - until 2012, 345 masters, 86 doctors and 306 professional masters were titled; as an important center for research and knowledge production \u2013 ten active research groups accredited by the CNPq Research Directory, generating a significant number of articles published in journals well placed in Qualis in the area of \u200b\u200bAdministration, Accounting and Tourism; and as an articulating instance of a Graduate Program ranked among the best in Brazil, according to the CAPES assessment.<\/p>\n<p>With regard to the training of human resources for teaching and research, the NPGA, since 1998, has articulated partnerships with educational institutions, such as the Universidade Estadual de Feira de Santana (UEFS), Universidade do Sudoeste da Bahia (UESB) and University of the State of Santa Catarina (UDESC), for the offer of inter-institutional master's and doctoral degrees, with a view to the titling of professors from these institutions. This successful trajectory is the result of a continuous and systematic work that has as a perspective the adaptation of the Program to the postgraduate political guidelines; to the profile of students and the demands of society, seeking increasing levels of excellence.<\/p>\n<p>With a qualified faculty, with diversified and multidisciplinary training, the NPGA houses an articulated teaching and research system, with different levels of integration, degrees of terminality and specific objectives, whose mission is to train teachers and researchers, as well as professionals with high qualification level to work at different managerial and decision-making levels, as well as to produce and disseminate knowledge.<\/p>\n<p>The performance of the NPGA, as the articulating and managing body of one of the EAUFBA graduate programs, is based on three pillars: a) respect for the identity, specificity and objectives of the courses offered; including the constitution of its own faculty, respecting the recent guidelines established by CAPES Ordinances n\u00ba 1 and 2 of 2012, in terms of the type of insertion of professors in the courses, limits of sharing of professors and orientation capacity; b) sharing of infrastructure, human and financial resources, which makes possible the conditions for the improvement of the management of the courses, the service and support to professors and students, the strengthening of research and the stimulation of international insertion; and c) a systematic work of academic and pedagogical management of the Program's courses,<\/p>\n<p>O NPGA conta com o apoio de \u00f3rg\u00e3os de fomento \u00e0 pesquisa e p\u00f3s-gradua\u00e7\u00e3o, como a CAPES, CNPq, FINEP, FAPESB, de \u00f3rg\u00e3os p\u00fablicos e empresas de grande porte como a PETROBRAS, Minist\u00e9rio da Sa\u00fade, FIOCRUZ, Minist\u00e9rio da Justi\u00e7a, Minist\u00e9rio da Educa\u00e7\u00e3o, entre outras, atrav\u00e9s de bolsas e aux\u00edlios \u00e0 pesquisa e publica\u00e7\u00f5es e conv\u00eanios para a realiza\u00e7\u00e3o de cursos de capacita\u00e7\u00e3o para gestores e dirigentes, o que viabiliza a execu\u00e7\u00e3o de projetos de interesse compartilhado entre a p\u00f3s-gradua\u00e7\u00e3o, \u00f3rg\u00e3os de governo e a sociedade em geral.<\/p>\n\n\t\t<\/div>\n\t<\/div>\n<\/div><\/div><\/div><\/div><div class=\"vc_empty_space\"   style=\"height: 32px\"><span class=\"vc_empty_space_inner\"><\/span><\/div><\/div><\/div><\/div><\/div><\/div><\/div>","protected":false},"excerpt":{"rendered":"<p><a class=\"more-link\" href=\"https:\/\/npga.ufba.br\/en\/npga\/historia\/#more-2063\">Leia Mais<\/a><\/p>","protected":false},"author":1,"featured_media":0,"parent":1939,"menu_order":0,"comment_status":"closed","ping_status":"closed","template":"full-width-page.php","meta":{"footnotes":""},"class_list":["post-2063","page","type-page","status-publish","hentry"],"yoast_head":"<!-- This site is optimized with the Yoast SEO plugin v25.5 - https:\/\/yoast.com\/wordpress\/plugins\/seo\/ -->\n<title>Hist\u00f3ria - NPGA<\/title>\n<meta name=\"robots\" content=\"index, follow, max-snippet:-1, max-image-preview:large, max-video-preview:-1\" \/>\n<link rel=\"canonical\" href=\"https:\/\/npga.ufba.br\/en\/npga\/historia\/\" \/>\n<meta property=\"og:locale\" content=\"en_US\" \/>\n<meta property=\"og:type\" content=\"article\" \/>\n<meta property=\"og:title\" content=\"Hist\u00f3ria - NPGA\" \/>\n<meta property=\"og:description\" content=\"Leia Mais\" \/>\n<meta property=\"og:url\" content=\"https:\/\/npga.ufba.br\/en\/npga\/historia\/\" \/>\n<meta property=\"og:site_name\" content=\"NPGA\" \/>\n<meta property=\"article:modified_time\" content=\"2021-04-14T14:16:24+00:00\" \/>\n<meta name=\"twitter:card\" content=\"summary_large_image\" \/>\n<meta name=\"twitter:label1\" content=\"Est. reading time\" \/>\n\t<meta name=\"twitter:data1\" content=\"4 minutes\" \/>\n<script type=\"application\/ld+json\" class=\"yoast-schema-graph\">{\"@context\":\"https:\/\/schema.org\",\"@graph\":[{\"@type\":\"WebPage\",\"@id\":\"https:\/\/npga.ufba.br\/npga\/historia\/\",\"url\":\"https:\/\/npga.ufba.br\/npga\/historia\/\",\"name\":\"Hist\u00f3ria - NPGA\",\"isPartOf\":{\"@id\":\"https:\/\/npga.ufba.br\/en\/#website\"},\"datePublished\":\"2020-06-03T14:21:28+00:00\",\"dateModified\":\"2021-04-14T14:16:24+00:00\",\"breadcrumb\":{\"@id\":\"https:\/\/npga.ufba.br\/npga\/historia\/#breadcrumb\"},\"inLanguage\":\"en-US\",\"potentialAction\":[{\"@type\":\"ReadAction\",\"target\":[\"https:\/\/npga.ufba.br\/npga\/historia\/\"]}]},{\"@type\":\"BreadcrumbList\",\"@id\":\"https:\/\/npga.ufba.br\/npga\/historia\/#breadcrumb\",\"itemListElement\":[{\"@type\":\"ListItem\",\"position\":1,\"name\":\"In\u00edcio\",\"item\":\"https:\/\/npga.ufba.br\/\"},{\"@type\":\"ListItem\",\"position\":2,\"name\":\"NPGA\",\"item\":\"https:\/\/npga.ufba.br\/npga\/\"},{\"@type\":\"ListItem\",\"position\":3,\"name\":\"Hist\u00f3ria\"}]},{\"@type\":\"WebSite\",\"@id\":\"https:\/\/npga.ufba.br\/en\/#website\",\"url\":\"https:\/\/npga.ufba.br\/en\/\",\"name\":\"NPGA\",\"description\":\"N\u00facleo de P\u00f3s-Gradua\u00e7\u00e3o em Administra\u00e7\u00e3o\",\"publisher\":{\"@id\":\"https:\/\/npga.ufba.br\/en\/#organization\"},\"potentialAction\":[{\"@type\":\"SearchAction\",\"target\":{\"@type\":\"EntryPoint\",\"urlTemplate\":\"https:\/\/npga.ufba.br\/en\/?s={search_term_string}\"},\"query-input\":{\"@type\":\"PropertyValueSpecification\",\"valueRequired\":true,\"valueName\":\"search_term_string\"}}],\"inLanguage\":\"en-US\"},{\"@type\":\"Organization\",\"@id\":\"https:\/\/npga.ufba.br\/en\/#organization\",\"name\":\"NPGA\",\"url\":\"https:\/\/npga.ufba.br\/en\/\",\"logo\":{\"@type\":\"ImageObject\",\"inLanguage\":\"en-US\",\"@id\":\"https:\/\/npga.ufba.br\/en\/#\/schema\/logo\/image\/\",\"url\":\"https:\/\/npga.ufba.br\/wp-content\/uploads\/2020\/06\/marcasunidades_NPGA-e1591028086985.png\",\"contentUrl\":\"https:\/\/npga.ufba.br\/wp-content\/uploads\/2020\/06\/marcasunidades_NPGA-e1591028086985.png\",\"width\":340,\"height\":135,\"caption\":\"NPGA\"},\"image\":{\"@id\":\"https:\/\/npga.ufba.br\/en\/#\/schema\/logo\/image\/\"}}]}<\/script>\n<!-- \/ Yoast SEO plugin. -->","yoast_head_json":{"title":"The story NPGA","robots":{"index":"index","follow":"follow","max-snippet":"max-snippet:-1","max-image-preview":"max-image-preview:large","max-video-preview":"max-video-preview:-1"},"canonical":"https:\/\/npga.ufba.br\/en\/npga\/historia\/","og_locale":"en_US","og_type":"article","og_title":"Hist\u00f3ria - NPGA","og_description":"Leia Mais","og_url":"https:\/\/npga.ufba.br\/en\/npga\/historia\/","og_site_name":"NPGA","article_modified_time":"2021-04-14T14:16:24+00:00","twitter_card":"summary_large_image","twitter_misc":{"Est. reading time":"4 minutes"},"schema":{"@context":"https:\/\/schema.org","@graph":[{"@type":"WebPage","@id":"https:\/\/npga.ufba.br\/npga\/historia\/","url":"https:\/\/npga.ufba.br\/npga\/historia\/","name":"The story NPGA","isPartOf":{"@id":"https:\/\/npga.ufba.br\/en\/#website"},"datePublished":"2020-06-03T14:21:28+00:00","dateModified":"2021-04-14T14:16:24+00:00","breadcrumb":{"@id":"https:\/\/npga.ufba.br\/npga\/historia\/#breadcrumb"},"inLanguage":"en-US","potentialAction":[{"@type":"ReadAction","target":["https:\/\/npga.ufba.br\/npga\/historia\/"]}]},{"@type":"BreadcrumbList","@id":"https:\/\/npga.ufba.br\/npga\/historia\/#breadcrumb","itemListElement":[{"@type":"ListItem","position":1,"name":"In\u00edcio","item":"https:\/\/npga.ufba.br\/"},{"@type":"ListItem","position":2,"name":"NPGA","item":"https:\/\/npga.ufba.br\/npga\/"},{"@type":"ListItem","position":3,"name":"Hist\u00f3ria"}]},{"@type":"WebSite","@id":"https:\/\/npga.ufba.br\/en\/#website","url":"https:\/\/npga.ufba.br\/en\/","name":"NPGA","description":"N\u00facleo de P\u00f3s-Gradua\u00e7\u00e3o em Administra\u00e7\u00e3o","publisher":{"@id":"https:\/\/npga.ufba.br\/en\/#organization"},"potentialAction":[{"@type":"SearchAction","target":{"@type":"EntryPoint","urlTemplate":"https:\/\/npga.ufba.br\/en\/?s={search_term_string}"},"query-input":{"@type":"PropertyValueSpecification","valueRequired":true,"valueName":"search_term_string"}}],"inLanguage":"en-US"},{"@type":"Organization","@id":"https:\/\/npga.ufba.br\/en\/#organization","name":"NPGA","url":"https:\/\/npga.ufba.br\/en\/","logo":{"@type":"ImageObject","inLanguage":"en-US","@id":"https:\/\/npga.ufba.br\/en\/#\/schema\/logo\/image\/","url":"https:\/\/npga.ufba.br\/wp-content\/uploads\/2020\/06\/marcasunidades_NPGA-e1591028086985.png","contentUrl":"https:\/\/npga.ufba.br\/wp-content\/uploads\/2020\/06\/marcasunidades_NPGA-e1591028086985.png","width":340,"height":135,"caption":"NPGA"},"image":{"@id":"https:\/\/npga.ufba.br\/en\/#\/schema\/logo\/image\/"}}]}},"_links":{"self":[{"href":"https:\/\/npga.ufba.br\/en\/wp-json\/wp\/v2\/pages\/2063","targetHints":{"allow":["GET"]}}],"collection":[{"href":"https:\/\/npga.ufba.br\/en\/wp-json\/wp\/v2\/pages"}],"about":[{"href":"https:\/\/npga.ufba.br\/en\/wp-json\/wp\/v2\/types\/page"}],"author":[{"embeddable":true,"href":"https:\/\/npga.ufba.br\/en\/wp-json\/wp\/v2\/users\/1"}],"replies":[{"embeddable":true,"href":"https:\/\/npga.ufba.br\/en\/wp-json\/wp\/v2\/comments?post=2063"}],"version-history":[{"count":0,"href":"https:\/\/npga.ufba.br\/en\/wp-json\/wp\/v2\/pages\/2063\/revisions"}],"up":[{"embeddable":true,"href":"https:\/\/npga.ufba.br\/en\/wp-json\/wp\/v2\/pages\/1939"}],"wp:attachment":[{"href":"https:\/\/npga.ufba.br\/en\/wp-json\/wp\/v2\/media?parent=2063"}],"curies":[{"name":"wp","href":"https:\/\/api.w.org\/{rel}","templated":true}]}}