{"id":6342,"date":"2026-03-24T18:11:46","date_gmt":"2026-03-24T21:11:46","guid":{"rendered":"https:\/\/npga.ufba.br\/?page_id=6342"},"modified":"2026-03-26T16:28:24","modified_gmt":"2026-03-26T19:28:24","slug":"etica","status":"publish","type":"page","link":"https:\/\/npga.ufba.br\/en\/pesquisa\/etica\/","title":{"rendered":"\u00c9tica"},"content":{"rendered":"<div class=\"vc_row wpb_row vc_row-fluid\"><div class=\"container\"><div class=\"sd-centered-wrapper\"><div class=\"wpb_column vc_column_container vc_col-sm-12\"><div class=\"vc_column-inner\"><div class=\"wpb_wrapper\"><div class=\"vc_empty_space\"   style=\"height: 50px\"><span class=\"vc_empty_space_inner\"><\/span><\/div>\n\t<div class=\"wpb_text_column wpb_content_element\" >\n\t\t<div class=\"wpb_wrapper\">\n\t\t\t<h2 style=\"text-align: center; font-weight: normal;\">\u00c9tica<\/h2>\n\n\t\t<\/div>\n\t<\/div>\n<div class=\"vc_empty_space\"   style=\"height: 30px\"><span class=\"vc_empty_space_inner\"><\/span><\/div><div class=\"vc_empty_space\"   style=\"height: 30px\"><span class=\"vc_empty_space_inner\"><\/span><\/div><div class=\"vc_row wpb_row vc_inner vc_row-fluid\"><div class=\"wpb_column vc_column_container vc_col-sm-12\"><div class=\"vc_column-inner\"><div class=\"wpb_wrapper\">\n\t<div class=\"wpb_text_column wpb_content_element\" >\n\t\t<div class=\"wpb_wrapper\">\n\t\t\t<ul>\n<li style=\"list-style-type: none;\">\n<ul>\n<li style=\"list-style-type: none;\">\n<ul>\n<li><span style=\"color: #3366ff;\"><a style=\"color: #3366ff;\" href=\"https:\/\/npga.ufba.br\/wp-content\/uploads\/2026\/03\/MEC-referencial-p-desenvolvimento-e-uso-IA-na-educacao_compressed.pdf\" target=\"_blank\" rel=\"noopener\">MEC &#8211; Referencial para desenvolvimento e uso da IA na educa\u00e7\u00e3o<\/a><\/span><\/li>\n<li style=\"text-align: left;\"><span style=\"color: #3366ff;\"><a style=\"color: #3366ff;\" href=\"https:\/\/npga.ufba.br\/wp-content\/uploads\/2026\/03\/Plataforma-Brasil-Manual-do-Pesquisador-versao-3.8.pdf\" target=\"_blank\" rel=\"noopener\">Plataforma Brasil &#8211; Manual do Pesquisador vers\u00e3o 3.8<\/a><\/span><\/li>\n<li style=\"text-align: left;\"><span style=\"color: #3366ff;\"><a style=\"color: #3366ff;\" href=\"https:\/\/npga.ufba.br\/wp-content\/uploads\/2026\/03\/Resolucao-no-466_2012-diretrizes-e-normas-regulamentadoras-de-pesquisas.pdf\" target=\"_blank\" rel=\"noopener\">Resolu\u00e7\u00e3o n\u00ba 466_2012 &#8211; diretrizes e normas regulamentadoras de pesquisas<\/a><\/span><\/li>\n<li style=\"text-align: left;\"><span style=\"color: #3366ff;\"><a style=\"color: #3366ff;\" href=\"https:\/\/npga.ufba.br\/wp-content\/uploads\/2026\/03\/Resolucao-no-510_2016-normas-aplicaveis-a-pesquisas-em-Ciencias-Humanas-e-Sociais.pdf\" target=\"_blank\" rel=\"noopener\">Resolu\u00e7\u00e3o n\u00ba 510_2016 &#8211; normas aplic\u00e1veis a pesquisas em Ci\u00eancias Humanas e Sociais<\/a><\/span><\/li>\n<li style=\"text-align: left;\"><span style=\"color: #3366ff;\"><a style=\"color: #3366ff;\" href=\"https:\/\/npga.ufba.br\/wp-content\/uploads\/2026\/03\/UFBA-Guia-p-uso-etico-e-responsavel-da-IA-generativa.pdf\" target=\"_blank\" rel=\"noopener\">UFBA &#8211; Guia p uso \u00e9tico e responsavel da IA generativa<\/a><\/span><\/li>\n<\/ul>\n<\/li>\n<\/ul>\n<\/li>\n<\/ul>\n\n\t\t<\/div>\n\t<\/div>\n<\/div><\/div><\/div><\/div><\/div><\/div><\/div><\/div><\/div><\/div><div class=\"vc_row wpb_row vc_row-fluid\"><div class=\"wpb_column vc_column_container vc_col-sm-12\"><div class=\"vc_column-inner\"><div class=\"wpb_wrapper\"><div class=\"vc_empty_space\"   style=\"height: 50px\"><span class=\"vc_empty_space_inner\"><\/span><\/div><\/div><\/div><\/div><\/div>","protected":false},"excerpt":{"rendered":"<p><a class=\"more-link\" href=\"https:\/\/npga.ufba.br\/en\/pesquisa\/etica\/#more-6342\">Leia Mais<\/a><\/p>","protected":false},"author":1,"featured_media":0,"parent":786,"menu_order":0,"comment_status":"closed","ping_status":"closed","template":"full-width-page.php","meta":{"footnotes":""},"class_list":["post-6342","page","type-page","status-publish","hentry"],"yoast_head":"<!-- This site is optimized with the Yoast SEO plugin v25.5 - https:\/\/yoast.com\/wordpress\/plugins\/seo\/ -->\n<title>\u00c9tica - NPGA<\/title>\n<meta name=\"robots\" content=\"index, follow, max-snippet:-1, max-image-preview:large, max-video-preview:-1\" \/>\n<link rel=\"canonical\" href=\"https:\/\/npga.ufba.br\/en\/pesquisa\/etica\/\" \/>\n<meta property=\"og:locale\" content=\"en_US\" \/>\n<meta property=\"og:type\" content=\"article\" \/>\n<meta property=\"og:title\" content=\"\u00c9tica - NPGA\" \/>\n<meta property=\"og:description\" content=\"Leia Mais\" \/>\n<meta property=\"og:url\" content=\"https:\/\/npga.ufba.br\/en\/pesquisa\/etica\/\" \/>\n<meta property=\"og:site_name\" content=\"NPGA\" \/>\n<meta property=\"article:modified_time\" content=\"2026-03-26T19:28:24+00:00\" \/>\n<meta name=\"twitter:card\" content=\"summary_large_image\" \/>\n<meta name=\"twitter:label1\" content=\"Est. reading time\" \/>\n\t<meta name=\"twitter:data1\" content=\"1 minute\" \/>\n<script type=\"application\/ld+json\" class=\"yoast-schema-graph\">{\"@context\":\"https:\/\/schema.org\",\"@graph\":[{\"@type\":\"WebPage\",\"@id\":\"https:\/\/npga.ufba.br\/pesquisa\/etica\/\",\"url\":\"https:\/\/npga.ufba.br\/pesquisa\/etica\/\",\"name\":\"\u00c9tica - NPGA\",\"isPartOf\":{\"@id\":\"https:\/\/npga.ufba.br\/en\/#website\"},\"datePublished\":\"2026-03-24T21:11:46+00:00\",\"dateModified\":\"2026-03-26T19:28:24+00:00\",\"breadcrumb\":{\"@id\":\"https:\/\/npga.ufba.br\/pesquisa\/etica\/#breadcrumb\"},\"inLanguage\":\"en-US\",\"potentialAction\":[{\"@type\":\"ReadAction\",\"target\":[\"https:\/\/npga.ufba.br\/pesquisa\/etica\/\"]}]},{\"@type\":\"BreadcrumbList\",\"@id\":\"https:\/\/npga.ufba.br\/pesquisa\/etica\/#breadcrumb\",\"itemListElement\":[{\"@type\":\"ListItem\",\"position\":1,\"name\":\"In\u00edcio\",\"item\":\"https:\/\/npga.ufba.br\/\"},{\"@type\":\"ListItem\",\"position\":2,\"name\":\"Pesquisa\",\"item\":\"https:\/\/npga.ufba.br\/pesquisa\/\"},{\"@type\":\"ListItem\",\"position\":3,\"name\":\"\u00c9tica\"}]},{\"@type\":\"WebSite\",\"@id\":\"https:\/\/npga.ufba.br\/en\/#website\",\"url\":\"https:\/\/npga.ufba.br\/en\/\",\"name\":\"NPGA\",\"description\":\"N\u00facleo de P\u00f3s-Gradua\u00e7\u00e3o em Administra\u00e7\u00e3o\",\"publisher\":{\"@id\":\"https:\/\/npga.ufba.br\/en\/#organization\"},\"potentialAction\":[{\"@type\":\"SearchAction\",\"target\":{\"@type\":\"EntryPoint\",\"urlTemplate\":\"https:\/\/npga.ufba.br\/en\/?s={search_term_string}\"},\"query-input\":{\"@type\":\"PropertyValueSpecification\",\"valueRequired\":true,\"valueName\":\"search_term_string\"}}],\"inLanguage\":\"en-US\"},{\"@type\":\"Organization\",\"@id\":\"https:\/\/npga.ufba.br\/en\/#organization\",\"name\":\"NPGA\",\"url\":\"https:\/\/npga.ufba.br\/en\/\",\"logo\":{\"@type\":\"ImageObject\",\"inLanguage\":\"en-US\",\"@id\":\"https:\/\/npga.ufba.br\/en\/#\/schema\/logo\/image\/\",\"url\":\"https:\/\/npga.ufba.br\/wp-content\/uploads\/2020\/06\/marcasunidades_NPGA-e1591028086985.png\",\"contentUrl\":\"https:\/\/npga.ufba.br\/wp-content\/uploads\/2020\/06\/marcasunidades_NPGA-e1591028086985.png\",\"width\":340,\"height\":135,\"caption\":\"NPGA\"},\"image\":{\"@id\":\"https:\/\/npga.ufba.br\/en\/#\/schema\/logo\/image\/\"}}]}<\/script>\n<!-- \/ Yoast SEO plugin. -->","yoast_head_json":{"title":"\u00c9tica - NPGA","robots":{"index":"index","follow":"follow","max-snippet":"max-snippet:-1","max-image-preview":"max-image-preview:large","max-video-preview":"max-video-preview:-1"},"canonical":"https:\/\/npga.ufba.br\/en\/pesquisa\/etica\/","og_locale":"en_US","og_type":"article","og_title":"\u00c9tica - NPGA","og_description":"Leia Mais","og_url":"https:\/\/npga.ufba.br\/en\/pesquisa\/etica\/","og_site_name":"NPGA","article_modified_time":"2026-03-26T19:28:24+00:00","twitter_card":"summary_large_image","twitter_misc":{"Est. reading time":"1 minute"},"schema":{"@context":"https:\/\/schema.org","@graph":[{"@type":"WebPage","@id":"https:\/\/npga.ufba.br\/pesquisa\/etica\/","url":"https:\/\/npga.ufba.br\/pesquisa\/etica\/","name":"\u00c9tica - NPGA","isPartOf":{"@id":"https:\/\/npga.ufba.br\/en\/#website"},"datePublished":"2026-03-24T21:11:46+00:00","dateModified":"2026-03-26T19:28:24+00:00","breadcrumb":{"@id":"https:\/\/npga.ufba.br\/pesquisa\/etica\/#breadcrumb"},"inLanguage":"en-US","potentialAction":[{"@type":"ReadAction","target":["https:\/\/npga.ufba.br\/pesquisa\/etica\/"]}]},{"@type":"BreadcrumbList","@id":"https:\/\/npga.ufba.br\/pesquisa\/etica\/#breadcrumb","itemListElement":[{"@type":"ListItem","position":1,"name":"In\u00edcio","item":"https:\/\/npga.ufba.br\/"},{"@type":"ListItem","position":2,"name":"Pesquisa","item":"https:\/\/npga.ufba.br\/pesquisa\/"},{"@type":"ListItem","position":3,"name":"\u00c9tica"}]},{"@type":"WebSite","@id":"https:\/\/npga.ufba.br\/en\/#website","url":"https:\/\/npga.ufba.br\/en\/","name":"NPGA","description":"N\u00facleo de P\u00f3s-Gradua\u00e7\u00e3o em Administra\u00e7\u00e3o","publisher":{"@id":"https:\/\/npga.ufba.br\/en\/#organization"},"potentialAction":[{"@type":"SearchAction","target":{"@type":"EntryPoint","urlTemplate":"https:\/\/npga.ufba.br\/en\/?s={search_term_string}"},"query-input":{"@type":"PropertyValueSpecification","valueRequired":true,"valueName":"search_term_string"}}],"inLanguage":"en-US"},{"@type":"Organization","@id":"https:\/\/npga.ufba.br\/en\/#organization","name":"NPGA","url":"https:\/\/npga.ufba.br\/en\/","logo":{"@type":"ImageObject","inLanguage":"en-US","@id":"https:\/\/npga.ufba.br\/en\/#\/schema\/logo\/image\/","url":"https:\/\/npga.ufba.br\/wp-content\/uploads\/2020\/06\/marcasunidades_NPGA-e1591028086985.png","contentUrl":"https:\/\/npga.ufba.br\/wp-content\/uploads\/2020\/06\/marcasunidades_NPGA-e1591028086985.png","width":340,"height":135,"caption":"NPGA"},"image":{"@id":"https:\/\/npga.ufba.br\/en\/#\/schema\/logo\/image\/"}}]}},"_links":{"self":[{"href":"https:\/\/npga.ufba.br\/en\/wp-json\/wp\/v2\/pages\/6342","targetHints":{"allow":["GET"]}}],"collection":[{"href":"https:\/\/npga.ufba.br\/en\/wp-json\/wp\/v2\/pages"}],"about":[{"href":"https:\/\/npga.ufba.br\/en\/wp-json\/wp\/v2\/types\/page"}],"author":[{"embeddable":true,"href":"https:\/\/npga.ufba.br\/en\/wp-json\/wp\/v2\/users\/1"}],"replies":[{"embeddable":true,"href":"https:\/\/npga.ufba.br\/en\/wp-json\/wp\/v2\/comments?post=6342"}],"version-history":[{"count":0,"href":"https:\/\/npga.ufba.br\/en\/wp-json\/wp\/v2\/pages\/6342\/revisions"}],"up":[{"embeddable":true,"href":"https:\/\/npga.ufba.br\/en\/wp-json\/wp\/v2\/pages\/786"}],"wp:attachment":[{"href":"https:\/\/npga.ufba.br\/en\/wp-json\/wp\/v2\/media?parent=6342"}],"curies":[{"name":"wp","href":"https:\/\/api.w.org\/{rel}","templated":true}]}}