{"id":842,"date":"2020-05-09T13:28:56","date_gmt":"2020-05-09T16:28:56","guid":{"rendered":"http:\/\/testeeaufba.ufba.br\/?page_id=842"},"modified":"2025-12-16T11:17:33","modified_gmt":"2025-12-16T14:17:33","slug":"governanca","status":"publish","type":"page","link":"https:\/\/npga.ufba.br\/en\/npga\/governanca\/","title":{"rendered":"Governance"},"content":{"rendered":"<div class=\"vc_row wpb_row vc_row-fluid\"><div class=\"wpb_column vc_column_container vc_col-sm-12\"><div class=\"vc_column-inner\"><div class=\"wpb_wrapper\"><div class=\"vc_empty_space\"   style=\"height: 50px\"><span class=\"vc_empty_space_inner\"><\/span><\/div>\n\t<div class=\"wpb_text_column wpb_content_element\" >\n\t\t<div class=\"wpb_wrapper\">\n\t\t\t<h2 style=\"text-align: center; font-weight: normal;\">Governance<\/h2>\n\n\t\t<\/div>\n\t<\/div>\n<div class=\"vc_empty_space\"   style=\"height: 32px\"><span class=\"vc_empty_space_inner\"><\/span><\/div><\/div><\/div><\/div><\/div><div class=\"vc_row wpb_row vc_row-fluid\"><div class=\"container\"><div class=\"sd-centered-wrapper\"><div class=\"wpb_column vc_column_container vc_col-sm-12\"><div class=\"vc_column-inner\"><div class=\"wpb_wrapper\"><div class=\"vc_tta-container\" data-vc-action=\"collapse\"><div class=\"vc_general vc_tta vc_tta-tabs vc_tta-color-grey vc_tta-style-classic vc_tta-shape-rounded vc_tta-o-shape-group vc_tta-o-no-fill vc_tta-tabs-position-left vc_tta-controls-align-left\"><div class=\"vc_tta-tabs-container\"><ul class=\"vc_tta-tabs-list\"><li class=\"vc_tta-tab vc_active\" data-vc-tab><a href=\"#regimento\" data-vc-tabs data-vc-container=\".vc_tta\"><span class=\"vc_tta-title-text\">Regimento<\/span><\/a><\/li><li class=\"vc_tta-tab\" data-vc-tab><a href=\"#colegiado\" data-vc-tabs data-vc-container=\".vc_tta\"><span class=\"vc_tta-title-text\">Colegiado<\/span><\/a><\/li><li class=\"vc_tta-tab\" data-vc-tab><a href=\"#normas\" data-vc-tabs data-vc-container=\".vc_tta\"><span class=\"vc_tta-title-text\">Norms<\/span><\/a><\/li><li class=\"vc_tta-tab\" data-vc-tab><a href=\"#planejamento\" data-vc-tabs data-vc-container=\".vc_tta\"><span class=\"vc_tta-title-text\">Planejamento<\/span><\/a><\/li><li class=\"vc_tta-tab\" data-vc-tab><a href=\"#relatorios\" data-vc-tabs data-vc-container=\".vc_tta\"><span class=\"vc_tta-title-text\">Relat\u00f3rios<\/span><\/a><\/li><li class=\"vc_tta-tab\" data-vc-tab><a href=\"#financiamento\" data-vc-tabs data-vc-container=\".vc_tta\"><span class=\"vc_tta-title-text\">Financiamento<\/span><\/a><\/li><\/ul><\/div><div class=\"vc_tta-panels-container\"><div class=\"vc_tta-panels\"><div class=\"vc_tta-panel vc_active\" id=\"regimento\" data-vc-content=\".vc_tta-panel-body\"><div class=\"vc_tta-panel-heading\"><h4 class=\"vc_tta-panel-title\"><a href=\"#regimento\" data-vc-accordion data-vc-container=\".vc_tta-container\"><span class=\"vc_tta-title-text\">Regimento<\/span><\/a><\/h4><\/div><div class=\"vc_tta-panel-body\"><div class=\"vc_row wpb_row vc_inner vc_row-fluid\"><div class=\"wpb_column vc_column_container vc_col-sm-4\"><div class=\"vc_column-inner\"><div class=\"wpb_wrapper\">\n\t<div class=\"wpb_text_column wpb_content_element\" >\n\t\t<div class=\"wpb_wrapper\">\n\t\t\t<h5>Regulamento NPGA<\/h5>\n\n\t\t<\/div>\n\t<\/div>\n<div class=\"vc_btn3-container vc_btn3-inline\" ><a onmouseleave=\"this.style.borderColor='#0191c6'; this.style.backgroundColor='transparent'; this.style.color='#0191c6'\" onmouseenter=\"this.style.borderColor='#0191c6'; this.style.backgroundColor='#0191c6'; this.style.color='#ffffff';\" style=\"border-color:#0191c6; color:#0191c6;\" class=\"vc_general vc_btn3 vc_btn3-size-sm vc_btn3-shape-rounded vc_btn3-style-outline-custom\" href=\"https:\/\/npga.ufba.br\/wp-content\/uploads\/2025\/12\/Regulamento-Interno-2025-aprovado-em-151225.pdf\" title=\"\" target=\"_blank\">Ver documento<\/a><\/div>\n\t<div class=\"wpb_text_column wpb_content_element\" >\n\t\t<div class=\"wpb_wrapper\">\n\t\t\t<h5>Regimento EAUFBA<\/h5>\n\n\t\t<\/div>\n\t<\/div>\n<div class=\"vc_btn3-container vc_btn3-inline\" ><a onmouseleave=\"this.style.borderColor='#0191c6'; this.style.backgroundColor='transparent'; this.style.color='#0191c6'\" onmouseenter=\"this.style.borderColor='#0191c6'; this.style.backgroundColor='#0191c6'; this.style.color='#ffffff';\" style=\"border-color:#0191c6; color:#0191c6;\" class=\"vc_general vc_btn3 vc_btn3-size-sm vc_btn3-shape-rounded vc_btn3-style-outline-custom\" href=\"http:\/\/npga.ufba.br\/wp-content\/uploads\/2020\/08\/Regimento-EAUFBA.pdf\" title=\"\" target=\"_blank\">Ver documento<\/a><\/div>\n\t<div class=\"wpb_text_column wpb_content_element\" >\n\t\t<div class=\"wpb_wrapper\">\n\t\t\t<h5>Estatuto e Regimento UFBA<\/h5>\n\n\t\t<\/div>\n\t<\/div>\n<div class=\"vc_btn3-container vc_btn3-inline\" ><a onmouseleave=\"this.style.borderColor='#0191c6'; this.style.backgroundColor='transparent'; this.style.color='#0191c6'\" onmouseenter=\"this.style.borderColor='#0191c6'; this.style.backgroundColor='#0191c6'; this.style.color='#ffffff';\" style=\"border-color:#0191c6; color:#0191c6;\" class=\"vc_general vc_btn3 vc_btn3-size-sm vc_btn3-shape-rounded vc_btn3-style-outline-custom\" href=\"http:\/\/npga.ufba.br\/wp-content\/uploads\/2020\/08\/Estatuto-Regimento-UFBA.pdf\" title=\"\" target=\"_blank\">Ver documento<\/a><\/div>\n\t<div class=\"wpb_text_column wpb_content_element\" >\n\t\t<div class=\"wpb_wrapper\">\n\t\t\t<h5>Procedimentos UFBA<\/h5>\n\n\t\t<\/div>\n\t<\/div>\n<div class=\"vc_btn3-container vc_btn3-inline\" ><a onmouseleave=\"this.style.borderColor='#0191c6'; this.style.backgroundColor='transparent'; this.style.color='#0191c6'\" onmouseenter=\"this.style.borderColor='#0191c6'; this.style.backgroundColor='#0191c6'; this.style.color='#ffffff';\" style=\"border-color:#0191c6; color:#0191c6;\" class=\"vc_general vc_btn3 vc_btn3-size-sm vc_btn3-shape-rounded vc_btn3-style-outline-custom\" href=\"https:\/\/supad.ufba.br\/manual-procedimentos\" title=\"\" target=\"_blank\">Ver documento<\/a><\/div>\n\t<div class=\"wpb_text_column wpb_content_element\" >\n\t\t<div class=\"wpb_wrapper\">\n\t\t\t<h5>Normas PROPG<\/h5>\n\n\t\t<\/div>\n\t<\/div>\n<div class=\"vc_btn3-container vc_btn3-inline\" ><a onmouseleave=\"this.style.borderColor='#0191c6'; this.style.backgroundColor='transparent'; this.style.color='#0191c6'\" onmouseenter=\"this.style.borderColor='#0191c6'; this.style.backgroundColor='#0191c6'; this.style.color='#ffffff';\" style=\"border-color:#0191c6; color:#0191c6;\" class=\"vc_general vc_btn3 vc_btn3-size-sm vc_btn3-shape-rounded vc_btn3-style-outline-custom\" href=\"http:\/\/www.propg.ufba.br\/legislacao\" title=\"\" target=\"_blank\">Ver documento<\/a><\/div><\/div><\/div><\/div><div class=\"wpb_column vc_column_container vc_col-sm-4\"><div class=\"vc_column-inner\"><div class=\"wpb_wrapper\"><\/div><\/div><\/div><div class=\"wpb_column vc_column_container vc_col-sm-4\"><div class=\"vc_column-inner\"><div class=\"wpb_wrapper\"><\/div><\/div><\/div><\/div><\/div><\/div><div class=\"vc_tta-panel\" id=\"colegiado\" data-vc-content=\".vc_tta-panel-body\"><div class=\"vc_tta-panel-heading\"><h4 class=\"vc_tta-panel-title\"><a href=\"#colegiado\" data-vc-accordion data-vc-container=\".vc_tta-container\"><span class=\"vc_tta-title-text\">Colegiado<\/span><\/a><\/h4><\/div><div class=\"vc_tta-panel-body\"><div class=\"vc_row wpb_row vc_inner vc_row-fluid\"><div class=\"wpb_column vc_column_container vc_col-sm-12\"><div class=\"vc_column-inner\"><div class=\"wpb_wrapper\"><div  class=\"vc_toggle vc_toggle_default vc_toggle_color_default  vc_toggle_size_md\"><div class=\"vc_toggle_title\"><h4>Membros<\/h4><i class=\"vc_toggle_icon\"><\/i><\/div><div class=\"vc_toggle_content\"><p>Ana Rita Silva Sacramento (docente)<\/p>\n<p>Andr\u00e9a Cardoso Ventura (coordenadora do NPGA)<\/p>\n<p>Ariadne Scalfoni Rigo (docente)<\/p>\n<p>Daniela Campos Bahia Moscon (coordenadora do MPA)<\/p>\n<p>Denise Ribeiro de Almeida (representante docente do profissional)<\/p>\n<p>Eduardo Paes Barreto Davel (docente)<\/p>\n<p>Felipe Tumenas Marques (docente)<\/p>\n<p>Maria Elisabete Pereira dos Santos (representante docente do acad\u00eamico)<\/p>\n<p>Menandro Celso de Castro Ramos Filho (rep. estudantil do profissional)<\/p>\n<p>Roberto Brazileiro Paix\u00e3o (vice-coordenador do NPGA)<\/p>\n<p>Sinel\u00e2ndia da Silva Santos (representante t\u00e9cnico-administrativo)<\/p>\n<p>Tania Maria Diederichs Fischer (membro honor\u00e1rio)<\/p>\n<p>Victor Azevedo do Amaral (representante estudantil do acad\u00eamico)<\/p>\n<\/div><\/div>\n\t<div class=\"wpb_text_column wpb_content_element\" >\n\t\t<div class=\"wpb_wrapper\">\n\t\t\t<h4>Atas de Reuni\u00e3o<\/h4>\n\n\t\t<\/div>\n\t<\/div>\n\n<div class=\"vc_grid-container-wrapper vc_clearfix\">\n\t<div class=\"vc_grid-container vc_clearfix wpb_content_element vc_basic_grid\" data-initial-loading-animation=\"none\" data-vc-grid-settings=\"{&quot;page_id&quot;:842,&quot;style&quot;:&quot;pagination&quot;,&quot;action&quot;:&quot;vc_get_vc_grid_data&quot;,&quot;shortcode_id&quot;:&quot;1765894198183-d4c722ba-06cf-1&quot;,&quot;items_per_page&quot;:&quot;5&quot;,&quot;auto_play&quot;:false,&quot;gap&quot;:0,&quot;speed&quot;:-1000,&quot;loop&quot;:&quot;&quot;,&quot;animation_in&quot;:&quot;&quot;,&quot;animation_out&quot;:&quot;&quot;,&quot;arrows_design&quot;:&quot;none&quot;,&quot;arrows_color&quot;:&quot;blue&quot;,&quot;arrows_position&quot;:&quot;inside&quot;,&quot;paging_design&quot;:&quot;pagination_default&quot;,&quot;paging_color&quot;:&quot;blue&quot;,&quot;tag&quot;:&quot;vc_basic_grid&quot;}\" data-vc-request=\"https:\/\/npga.ufba.br\/wp-admin\/admin-ajax.php\" data-vc-post-id=\"842\" data-vc-public-nonce=\"8e6195c430\">\n\t\t\n\t<\/div>\n<\/div><\/div><\/div><\/div><\/div><\/div><\/div><div class=\"vc_tta-panel\" id=\"normas\" data-vc-content=\".vc_tta-panel-body\"><div class=\"vc_tta-panel-heading\"><h4 class=\"vc_tta-panel-title\"><a href=\"#normas\" data-vc-accordion data-vc-container=\".vc_tta-container\"><span class=\"vc_tta-title-text\">Norms<\/span><\/a><\/h4><\/div><div class=\"vc_tta-panel-body\"><div class=\"vc_row wpb_row vc_inner vc_row-fluid\"><div class=\"wpb_column vc_column_container vc_col-sm-12\"><div class=\"vc_column-inner\"><div class=\"wpb_wrapper\">\n\t<div class=\"wpb_text_column wpb_content_element\" >\n\t\t<div class=\"wpb_wrapper\">\n\t\t\t<h5>Forma\u00e7\u00e3o de Banca para Defesa Tese e Disserta\u00e7\u00e3o<\/h5>\n\n\t\t<\/div>\n\t<\/div>\n<div class=\"vc_btn3-container vc_btn3-inline\" ><a onmouseleave=\"this.style.borderColor='#0191c6'; this.style.backgroundColor='transparent'; this.style.color='#0191c6'\" onmouseenter=\"this.style.borderColor='#0191c6'; this.style.backgroundColor='#0191c6'; this.style.color='#ffffff';\" style=\"border-color:#0191c6; color:#0191c6;\" class=\"vc_general vc_btn3 vc_btn3-size-sm vc_btn3-shape-rounded vc_btn3-style-outline-custom\" href=\"https:\/\/npga.ufba.br\/wp-content\/uploads\/2025\/03\/IN-no-01_2024-Formacao-de-Banca-para-Defesa-Tese-e-Dissertacao-rev-02-11.04.24.pdf\" title=\"\" target=\"_blank\">Ver documento<\/a><\/div><div class=\"vc_empty_space\"   style=\"height: 12px\"><span class=\"vc_empty_space_inner\"><\/span><\/div>\n\t<div class=\"wpb_text_column wpb_content_element\" >\n\t\t<div class=\"wpb_wrapper\">\n\t\t\t<h5>Pol\u00edtica de Credenciamento, Recredenciamento e Descredenciamento de Professores &#8211; Pesquisadores (PPGA Profissional)<\/h5>\n\n\t\t<\/div>\n\t<\/div>\n<div class=\"vc_btn3-container vc_btn3-inline\" ><a onmouseleave=\"this.style.borderColor='#0191c6'; this.style.backgroundColor='transparent'; this.style.color='#0191c6'\" onmouseenter=\"this.style.borderColor='#0191c6'; this.style.backgroundColor='#0191c6'; this.style.color='#ffffff';\" style=\"border-color:#0191c6; color:#0191c6;\" class=\"vc_general vc_btn3 vc_btn3-size-sm vc_btn3-shape-rounded vc_btn3-style-outline-custom\" href=\"https:\/\/npga.ufba.br\/wp-content\/uploads\/2025\/10\/Credenciamento-Recredenciamento-e-Descredenciamento-Professores_Pesquisadores-PPGA-Profissional-rev02.pdf\" title=\"\" target=\"_blank\">Ver documento<\/a><\/div><div class=\"vc_empty_space\"   style=\"height: 12px\"><span class=\"vc_empty_space_inner\"><\/span><\/div>\n\t<div class=\"wpb_text_column wpb_content_element\" >\n\t\t<div class=\"wpb_wrapper\">\n\t\t\t<h5>Pol\u00edtica de Credenciamento, Recredenciamento e Descredenciamento de Professores &#8211; Pesquisadores (PPGA Acad\u00eamico)<\/h5>\n\n\t\t<\/div>\n\t<\/div>\n<div class=\"vc_btn3-container vc_btn3-inline\" ><a onmouseleave=\"this.style.borderColor='#0191c6'; this.style.backgroundColor='transparent'; this.style.color='#0191c6'\" onmouseenter=\"this.style.borderColor='#0191c6'; this.style.backgroundColor='#0191c6'; this.style.color='#ffffff';\" style=\"border-color:#0191c6; color:#0191c6;\" class=\"vc_general vc_btn3 vc_btn3-size-sm vc_btn3-shape-rounded vc_btn3-style-outline-custom\" href=\"https:\/\/npga.ufba.br\/wp-content\/uploads\/2025\/10\/Credenciamento-Recredenciamento-e-Descredenciamento-Professores_Pesquisadores-PPGA-Academico-rev03.pdf\" title=\"\" target=\"_blank\">Ver documento<\/a><\/div><div class=\"vc_empty_space\"   style=\"height: 12px\"><span class=\"vc_empty_space_inner\"><\/span><\/div>\n\t<div class=\"wpb_text_column wpb_content_element\" >\n\t\t<div class=\"wpb_wrapper\">\n\t\t\t<h5>Solicita\u00e7\u00e3o de apoio<\/h5>\n\n\t\t<\/div>\n\t<\/div>\n<div class=\"vc_btn3-container vc_btn3-inline\" ><a onmouseleave=\"this.style.borderColor='#0191c6'; this.style.backgroundColor='transparent'; this.style.color='#0191c6'\" onmouseenter=\"this.style.borderColor='#0191c6'; this.style.backgroundColor='#0191c6'; this.style.color='#ffffff';\" style=\"border-color:#0191c6; color:#0191c6;\" class=\"vc_general vc_btn3 vc_btn3-size-sm vc_btn3-shape-rounded vc_btn3-style-outline-custom\" href=\"https:\/\/npga.ufba.br\/wp-content\/uploads\/2025\/10\/IN-no-01_2013-Solicitacao-de-Apoio-rev-06-aprov.pdf\" title=\"\" target=\"_blank\">Ver documento<\/a><\/div><\/div><\/div><\/div><\/div><\/div><\/div><div class=\"vc_tta-panel\" id=\"planejamento\" data-vc-content=\".vc_tta-panel-body\"><div class=\"vc_tta-panel-heading\"><h4 class=\"vc_tta-panel-title\"><a href=\"#planejamento\" data-vc-accordion data-vc-container=\".vc_tta-container\"><span class=\"vc_tta-title-text\">Planejamento<\/span><\/a><\/h4><\/div><div class=\"vc_tta-panel-body\">\n\t<div class=\"wpb_text_column wpb_content_element\" >\n\t\t<div class=\"wpb_wrapper\">\n\t\t\t<h5>Planejamento Estrat\u00e9gico NPGA 2021 a 2022<\/h5>\n\n\t\t<\/div>\n\t<\/div>\n<div class=\"vc_btn3-container vc_btn3-inline\" ><a onmouseleave=\"this.style.borderColor='#0191c6'; this.style.backgroundColor='transparent'; this.style.color='#0191c6'\" onmouseenter=\"this.style.borderColor='#0191c6'; this.style.backgroundColor='#0191c6'; this.style.color='#ffffff';\" style=\"border-color:#0191c6; color:#0191c6;\" class=\"vc_general vc_btn3 vc_btn3-size-sm vc_btn3-shape-rounded vc_btn3-style-outline-custom\" href=\"https:\/\/npga.ufba.br\/wp-content\/uploads\/2023\/09\/Planejamento-Estrategico-NPGA-2021-a-2022.pdf\" title=\"\" target=\"_blank\">Ver documento<\/a><\/div><\/div><\/div><div class=\"vc_tta-panel\" id=\"relatorios\" data-vc-content=\".vc_tta-panel-body\"><div class=\"vc_tta-panel-heading\"><h4 class=\"vc_tta-panel-title\"><a href=\"#relatorios\" data-vc-accordion data-vc-container=\".vc_tta-container\"><span class=\"vc_tta-title-text\">Relat\u00f3rios<\/span><\/a><\/h4><\/div><div class=\"vc_tta-panel-body\">\n\t<div class=\"wpb_text_column wpb_content_element\" >\n\t\t<div class=\"wpb_wrapper\">\n\t\t\t<h4>Relat\u00f3rios Mensais de Despesas<\/h4>\n\n\t\t<\/div>\n\t<\/div>\n\n<div class=\"vc_grid-container-wrapper vc_clearfix\">\n\t<div class=\"vc_grid-container vc_clearfix wpb_content_element vc_basic_grid\" data-initial-loading-animation=\"none\" data-vc-grid-settings=\"{&quot;page_id&quot;:842,&quot;style&quot;:&quot;pagination&quot;,&quot;action&quot;:&quot;vc_get_vc_grid_data&quot;,&quot;shortcode_id&quot;:&quot;1765894198184-038973e2-76d8-7&quot;,&quot;items_per_page&quot;:&quot;5&quot;,&quot;auto_play&quot;:false,&quot;gap&quot;:0,&quot;speed&quot;:-1000,&quot;loop&quot;:&quot;&quot;,&quot;animation_in&quot;:&quot;&quot;,&quot;animation_out&quot;:&quot;&quot;,&quot;arrows_design&quot;:&quot;none&quot;,&quot;arrows_color&quot;:&quot;blue&quot;,&quot;arrows_position&quot;:&quot;inside&quot;,&quot;paging_design&quot;:&quot;pagination_default&quot;,&quot;paging_color&quot;:&quot;blue&quot;,&quot;tag&quot;:&quot;vc_basic_grid&quot;}\" data-vc-request=\"https:\/\/npga.ufba.br\/wp-admin\/admin-ajax.php\" data-vc-post-id=\"842\" data-vc-public-nonce=\"8e6195c430\">\n\t\t\n\t<\/div>\n<\/div><\/div><\/div><div class=\"vc_tta-panel\" id=\"financiamento\" data-vc-content=\".vc_tta-panel-body\"><div class=\"vc_tta-panel-heading\"><h4 class=\"vc_tta-panel-title\"><a href=\"#financiamento\" data-vc-accordion data-vc-container=\".vc_tta-container\"><span class=\"vc_tta-title-text\">Financiamento<\/span><\/a><\/h4><\/div><div class=\"vc_tta-panel-body\">\n\t<div class=\"wpb_text_column wpb_content_element\" >\n\t\t<div class=\"wpb_wrapper\">\n\t\t\t<div class=\"rtejustify\">The NPGA receive scholarships from various agencies: CAPES (coordena\u00e7\u00e3o de Aperfei\u00e7oamento de pessoal de n\u00edvel Superior), CNPq (conselho Nacional de Desenvolvimento Cient\u00edfico e Tecnol\u00f3gico), and FAPESB (Funda\u00e7\u00e3o de Amparo \u00e0 Pesquisa do Estado da Bahia.<\/div>\n<div class=\"rtejustify\"><\/div>\n<div class=\"rtejustify\">Currently, a Master&#039;s degree in the Academic has four (4) scholarships of SCIENCE, and five (5) scholarships from CNPq. The Phd program has fifteen (15) awards conducted on a national level, and nine (9) scholarship from CNPq. The number of scholarships may vary from time to time according to the demand, or the constraints of the funding agencies. Doctoral students rely on scholarships to undertake a phd sandwich in Brazil and around the world, the availability will also be variable.<\/div>\n<div class=\"rtejustify\"><\/div>\n<div class=\"rtejustify\">The NPGA currently has two (2) scholarships for Post-doctoral CAPES\/PNPD, in addition to the scholarships, the Productivity of Research and Development Technology, and an Extension to the Innovative groups.<\/div>\n<div class=\"rtejustify\"><\/div>\n<div class=\"rtejustify\">We also offer scholarships, undergraduate research, aimed at the participation of undergraduate students, related to the research projects of the teachers to be permanent. These scholarships are funded by the field of civil construction or the Cover?<\/div>\n<div class=\"rtejustify\"><\/div>\n<div class=\"rtejustify\">In addition to the grant, some of the research projects will receive contributions from the CAPES and CNPq, through calls for proposals.<\/div>\n<div class=\"rtejustify\"><\/div>\n<div class=\"rtejustify\">The NPGA gets encouragement from CAPES and CNPq for the qualifications of its faculty through scholarships, Post-doctoral students in Brazil and in the Exterior and on the granting of financial assistance to participate in national and international events.<\/div>\n\n\t\t<\/div>\n\t<\/div>\n<\/div><\/div><\/div><\/div><\/div><\/div><\/div><\/div><\/div><\/div><\/div><\/div><div class=\"vc_row wpb_row vc_row-fluid\"><div class=\"wpb_column vc_column_container vc_col-sm-12\"><div class=\"vc_column-inner\"><div class=\"wpb_wrapper\"><div class=\"vc_empty_space\"   style=\"height: 50px\"><span class=\"vc_empty_space_inner\"><\/span><\/div><\/div><\/div><\/div><\/div>","protected":false},"excerpt":{"rendered":"<p><a class=\"more-link\" href=\"https:\/\/npga.ufba.br\/en\/npga\/governanca\/#more-842\">Leia Mais<\/a><\/p>","protected":false},"author":1,"featured_media":0,"parent":1939,"menu_order":0,"comment_status":"closed","ping_status":"closed","template":"full-width-page.php","meta":{"footnotes":""},"class_list":["post-842","page","type-page","status-publish","hentry"],"yoast_head":"<!-- This site is optimized with the Yoast SEO plugin v25.5 - https:\/\/yoast.com\/wordpress\/plugins\/seo\/ -->\n<title>Governan\u00e7a - NPGA<\/title>\n<meta name=\"robots\" content=\"index, follow, max-snippet:-1, max-image-preview:large, max-video-preview:-1\" \/>\n<link rel=\"canonical\" href=\"https:\/\/npga.ufba.br\/en\/npga\/governanca\/\" \/>\n<meta property=\"og:locale\" content=\"en_US\" \/>\n<meta property=\"og:type\" content=\"article\" \/>\n<meta property=\"og:title\" content=\"Governan\u00e7a - NPGA\" \/>\n<meta property=\"og:description\" content=\"Leia Mais\" \/>\n<meta property=\"og:url\" content=\"https:\/\/npga.ufba.br\/en\/npga\/governanca\/\" \/>\n<meta property=\"og:site_name\" content=\"NPGA\" \/>\n<meta property=\"article:modified_time\" content=\"2025-12-16T14:17:33+00:00\" \/>\n<meta name=\"twitter:card\" content=\"summary_large_image\" \/>\n<meta name=\"twitter:label1\" content=\"Est. reading time\" \/>\n\t<meta name=\"twitter:data1\" content=\"3 minutes\" \/>\n<script type=\"application\/ld+json\" class=\"yoast-schema-graph\">{\"@context\":\"https:\/\/schema.org\",\"@graph\":[{\"@type\":\"WebPage\",\"@id\":\"https:\/\/npga.ufba.br\/npga\/governanca\/\",\"url\":\"https:\/\/npga.ufba.br\/npga\/governanca\/\",\"name\":\"Governan\u00e7a - NPGA\",\"isPartOf\":{\"@id\":\"https:\/\/npga.ufba.br\/en\/#website\"},\"datePublished\":\"2020-05-09T16:28:56+00:00\",\"dateModified\":\"2025-12-16T14:17:33+00:00\",\"breadcrumb\":{\"@id\":\"https:\/\/npga.ufba.br\/npga\/governanca\/#breadcrumb\"},\"inLanguage\":\"en-US\",\"potentialAction\":[{\"@type\":\"ReadAction\",\"target\":[\"https:\/\/npga.ufba.br\/npga\/governanca\/\"]}]},{\"@type\":\"BreadcrumbList\",\"@id\":\"https:\/\/npga.ufba.br\/npga\/governanca\/#breadcrumb\",\"itemListElement\":[{\"@type\":\"ListItem\",\"position\":1,\"name\":\"In\u00edcio\",\"item\":\"https:\/\/npga.ufba.br\/\"},{\"@type\":\"ListItem\",\"position\":2,\"name\":\"NPGA\",\"item\":\"https:\/\/npga.ufba.br\/npga\/\"},{\"@type\":\"ListItem\",\"position\":3,\"name\":\"Governan\u00e7a\"}]},{\"@type\":\"WebSite\",\"@id\":\"https:\/\/npga.ufba.br\/en\/#website\",\"url\":\"https:\/\/npga.ufba.br\/en\/\",\"name\":\"NPGA\",\"description\":\"N\u00facleo de P\u00f3s-Gradua\u00e7\u00e3o em Administra\u00e7\u00e3o\",\"publisher\":{\"@id\":\"https:\/\/npga.ufba.br\/en\/#organization\"},\"potentialAction\":[{\"@type\":\"SearchAction\",\"target\":{\"@type\":\"EntryPoint\",\"urlTemplate\":\"https:\/\/npga.ufba.br\/en\/?s={search_term_string}\"},\"query-input\":{\"@type\":\"PropertyValueSpecification\",\"valueRequired\":true,\"valueName\":\"search_term_string\"}}],\"inLanguage\":\"en-US\"},{\"@type\":\"Organization\",\"@id\":\"https:\/\/npga.ufba.br\/en\/#organization\",\"name\":\"NPGA\",\"url\":\"https:\/\/npga.ufba.br\/en\/\",\"logo\":{\"@type\":\"ImageObject\",\"inLanguage\":\"en-US\",\"@id\":\"https:\/\/npga.ufba.br\/en\/#\/schema\/logo\/image\/\",\"url\":\"https:\/\/npga.ufba.br\/wp-content\/uploads\/2020\/06\/marcasunidades_NPGA-e1591028086985.png\",\"contentUrl\":\"https:\/\/npga.ufba.br\/wp-content\/uploads\/2020\/06\/marcasunidades_NPGA-e1591028086985.png\",\"width\":340,\"height\":135,\"caption\":\"NPGA\"},\"image\":{\"@id\":\"https:\/\/npga.ufba.br\/en\/#\/schema\/logo\/image\/\"}}]}<\/script>\n<!-- \/ Yoast SEO plugin. -->","yoast_head_json":{"title":"Governan\u00e7a - NPGA","robots":{"index":"index","follow":"follow","max-snippet":"max-snippet:-1","max-image-preview":"max-image-preview:large","max-video-preview":"max-video-preview:-1"},"canonical":"https:\/\/npga.ufba.br\/en\/npga\/governanca\/","og_locale":"en_US","og_type":"article","og_title":"Governan\u00e7a - NPGA","og_description":"Leia Mais","og_url":"https:\/\/npga.ufba.br\/en\/npga\/governanca\/","og_site_name":"NPGA","article_modified_time":"2025-12-16T14:17:33+00:00","twitter_card":"summary_large_image","twitter_misc":{"Est. reading time":"3 minutes"},"schema":{"@context":"https:\/\/schema.org","@graph":[{"@type":"WebPage","@id":"https:\/\/npga.ufba.br\/npga\/governanca\/","url":"https:\/\/npga.ufba.br\/npga\/governanca\/","name":"Governan\u00e7a - NPGA","isPartOf":{"@id":"https:\/\/npga.ufba.br\/en\/#website"},"datePublished":"2020-05-09T16:28:56+00:00","dateModified":"2025-12-16T14:17:33+00:00","breadcrumb":{"@id":"https:\/\/npga.ufba.br\/npga\/governanca\/#breadcrumb"},"inLanguage":"en-US","potentialAction":[{"@type":"ReadAction","target":["https:\/\/npga.ufba.br\/npga\/governanca\/"]}]},{"@type":"BreadcrumbList","@id":"https:\/\/npga.ufba.br\/npga\/governanca\/#breadcrumb","itemListElement":[{"@type":"ListItem","position":1,"name":"In\u00edcio","item":"https:\/\/npga.ufba.br\/"},{"@type":"ListItem","position":2,"name":"NPGA","item":"https:\/\/npga.ufba.br\/npga\/"},{"@type":"ListItem","position":3,"name":"Governan\u00e7a"}]},{"@type":"WebSite","@id":"https:\/\/npga.ufba.br\/en\/#website","url":"https:\/\/npga.ufba.br\/en\/","name":"NPGA","description":"N\u00facleo de P\u00f3s-Gradua\u00e7\u00e3o em Administra\u00e7\u00e3o","publisher":{"@id":"https:\/\/npga.ufba.br\/en\/#organization"},"potentialAction":[{"@type":"SearchAction","target":{"@type":"EntryPoint","urlTemplate":"https:\/\/npga.ufba.br\/en\/?s={search_term_string}"},"query-input":{"@type":"PropertyValueSpecification","valueRequired":true,"valueName":"search_term_string"}}],"inLanguage":"en-US"},{"@type":"Organization","@id":"https:\/\/npga.ufba.br\/en\/#organization","name":"NPGA","url":"https:\/\/npga.ufba.br\/en\/","logo":{"@type":"ImageObject","inLanguage":"en-US","@id":"https:\/\/npga.ufba.br\/en\/#\/schema\/logo\/image\/","url":"https:\/\/npga.ufba.br\/wp-content\/uploads\/2020\/06\/marcasunidades_NPGA-e1591028086985.png","contentUrl":"https:\/\/npga.ufba.br\/wp-content\/uploads\/2020\/06\/marcasunidades_NPGA-e1591028086985.png","width":340,"height":135,"caption":"NPGA"},"image":{"@id":"https:\/\/npga.ufba.br\/en\/#\/schema\/logo\/image\/"}}]}},"_links":{"self":[{"href":"https:\/\/npga.ufba.br\/en\/wp-json\/wp\/v2\/pages\/842","targetHints":{"allow":["GET"]}}],"collection":[{"href":"https:\/\/npga.ufba.br\/en\/wp-json\/wp\/v2\/pages"}],"about":[{"href":"https:\/\/npga.ufba.br\/en\/wp-json\/wp\/v2\/types\/page"}],"author":[{"embeddable":true,"href":"https:\/\/npga.ufba.br\/en\/wp-json\/wp\/v2\/users\/1"}],"replies":[{"embeddable":true,"href":"https:\/\/npga.ufba.br\/en\/wp-json\/wp\/v2\/comments?post=842"}],"version-history":[{"count":0,"href":"https:\/\/npga.ufba.br\/en\/wp-json\/wp\/v2\/pages\/842\/revisions"}],"up":[{"embeddable":true,"href":"https:\/\/npga.ufba.br\/en\/wp-json\/wp\/v2\/pages\/1939"}],"wp:attachment":[{"href":"https:\/\/npga.ufba.br\/en\/wp-json\/wp\/v2\/media?parent=842"}],"curies":[{"name":"wp","href":"https:\/\/api.w.org\/{rel}","templated":true}]}}