{"id":923,"date":"2020-05-09T19:22:27","date_gmt":"2020-05-09T22:22:27","guid":{"rendered":"http:\/\/testeeaufba.ufba.br\/?page_id=923"},"modified":"2025-11-04T11:29:51","modified_gmt":"2025-11-04T14:29:51","slug":"contatos","status":"publish","type":"page","link":"https:\/\/npga.ufba.br\/en\/npga\/contatos\/","title":{"rendered":"Contacts"},"content":{"rendered":"<div class=\"vc_row wpb_row vc_row-fluid\"><div class=\"container\"><div class=\"sd-centered-wrapper\"><div class=\"wpb_column vc_column_container vc_col-sm-12\"><div class=\"vc_column-inner\"><div class=\"wpb_wrapper\"><div class=\"vc_empty_space\"   style=\"height: 50px\"><span class=\"vc_empty_space_inner\"><\/span><\/div>\n\t<div class=\"wpb_text_column wpb_content_element\" >\n\t\t<div class=\"wpb_wrapper\">\n\t\t\t<h2 style=\"text-align: center; font-weight: normal;\">Contacts<\/h2>\n\n\t\t<\/div>\n\t<\/div>\n<div class=\"vc_empty_space\"   style=\"height: 30px\"><span class=\"vc_empty_space_inner\"><\/span><\/div><\/div><\/div><\/div><\/div><\/div><\/div><div class=\"vc_row wpb_row vc_row-fluid vc_custom_1590168898711 vc_row-has-fill vc_row-o-equal-height vc_row-o-content-middle vc_row-flex\"><div class=\"container\"><div class=\"sd-centered-wrapper\"><div class=\"wpb_column vc_column_container vc_col-sm-12\"><div class=\"vc_column-inner\"><div class=\"wpb_wrapper\"><div class=\"vc_tta-container\" data-vc-action=\"collapseAll\"><div class=\"vc_general vc_tta vc_tta-accordion vc_tta-color-grey vc_tta-style-classic vc_tta-shape-rounded vc_tta-spacing-1 vc_tta-gap-5 vc_tta-controls-align-left vc_tta-o-no-fill vc_tta-o-all-clickable\"><div class=\"vc_tta-panels-container\"><div class=\"vc_tta-panels\"><div class=\"vc_tta-panel\" id=\"1588984704812-61ce80b3-5011be63-d9ca\" data-vc-content=\".vc_tta-panel-body\"><div class=\"vc_tta-panel-heading\"><h4 class=\"vc_tta-panel-title vc_tta-controls-icon-position-left\"><a href=\"#1588984704812-61ce80b3-5011be63-d9ca\" data-vc-accordion data-vc-container=\".vc_tta-container\"><span class=\"vc_tta-title-text\">General<\/span><i class=\"vc_tta-controls-icon vc_tta-controls-icon-plus\"><\/i><\/a><\/h4><\/div><div class=\"vc_tta-panel-body\">\t\t<div class=\"row\">\n\t\t\t<div class=\"sd-staff-short clearfix\">\n\t\t\t\t\t\t\t\t<div class=\"col-md-2 col-sm-4\"><img decoding=\"async\" src=\"https:\/\/npga.ufba.br\/wp-content\/uploads\/2020\/08\/entrada-183x183.jpg\" alt=\"NPGA\" title=\"NPGA\" \/><\/div>\n\t\t\t\t<div class=\"col-md-4 col-sm-4\"><h4>NPGA<\/h4><span>N\u00facleo de P\u00f3s-Gradua\u00e7\u00e3o<\/span><p>3\u00ba andar, NPGA<br \/>\nnpgadm@ufba.br<br \/>\n+55 (71) 3283-7658<\/p><\/div>\n\t\t\t\t\t\t\t\t<div class=\"col-md-8 col-sm-6\">\n\t\t\t\t\t\n\t\t\t\t\t\t\t\t\t\t\t\t\t\t\t\t\t\t\t<\/div>\n\t\t\t<\/div>\n\t\t<\/div>\n\t\n<\/div><\/div><div class=\"vc_tta-panel\" id=\"1588984771040-1d5a6fe7-c36ebe63-d9ca\" data-vc-content=\".vc_tta-panel-body\"><div class=\"vc_tta-panel-heading\"><h4 class=\"vc_tta-panel-title vc_tta-controls-icon-position-left\"><a href=\"#1588984771040-1d5a6fe7-c36ebe63-d9ca\" data-vc-accordion data-vc-container=\".vc_tta-container\"><span class=\"vc_tta-title-text\">Graduate Center for Management - NPGA<\/span><i class=\"vc_tta-controls-icon vc_tta-controls-icon-plus\"><\/i><\/a><\/h4><\/div><div class=\"vc_tta-panel-body\">\t\t<div class=\"row\">\n\t\t\t<div class=\"sd-staff-short clearfix\">\n\t\t\t\t\t\t\t\t<div class=\"col-md-2 col-sm-4\"><img decoding=\"async\" src=\"https:\/\/npga.ufba.br\/wp-content\/uploads\/2020\/04\/Foto_Prof_Andrea-183x183.jpg\" alt=\"Andr\u00e9a Cardoso Ventura\" title=\"Andrea Cardoso Ventura\" \/><\/div>\n\t\t\t\t<div class=\"col-md-4 col-sm-4\"><h4>Andrea Cardoso Ventura<\/h4><span>Coordenadora (2023\/8-2025\/7)<\/span><p>3\u00b0 andar, NPGA<\/p><\/div>\n\t\t\t\t\t\t\t\t<div class=\"col-md-8 col-sm-6\">\n\t\t\t\t\t\n\t\t\t\t\t\t\t\t\t\t\t\t\t\t\t\t\t\t\t<\/div>\n\t\t\t<\/div>\n\t\t<\/div>\n\t\n\t\t<div class=\"row\">\n\t\t\t<div class=\"sd-staff-short clearfix\">\n\t\t\t\t\t\t\t\t<div class=\"col-md-2 col-sm-4\"><img decoding=\"async\" src=\"https:\/\/npga.ufba.br\/wp-content\/uploads\/2020\/10\/Anaelia-Almeida-1-183x183.jpg\" alt=\"Ana\u00e9lia Regina Almeida\" title=\"Ana\u00e9lia Regina Almeida\" \/><\/div>\n\t\t\t\t<div class=\"col-md-4 col-sm-4\"><h4>Ana\u00e9lia Regina Almeida<\/h4><span>Secret\u00e1ria<\/span><p>3\u00b0 andar, NPGA<br \/>\nnpgadm@ufba.br<br \/>\n+55 (71) 3283-7658 \/ (71) 98118-6839<\/p><\/div>\n\t\t\t\t\t\t\t\t<div class=\"col-md-8 col-sm-6\">\n\t\t\t\t\t\n\t\t\t\t\t\t\t\t\t\t\t\t\t\t\t\t\t\t\t<\/div>\n\t\t\t<\/div>\n\t\t<\/div>\n\t\n\t\t<div class=\"row\">\n\t\t\t<div class=\"sd-staff-short clearfix\">\n\t\t\t\t\t\t\t\t<div class=\"col-md-2 col-sm-4\"><img decoding=\"async\" src=\"https:\/\/npga.ufba.br\/wp-content\/uploads\/2020\/10\/Artur-foto-e1598238116948-183x183.jpeg\" alt=\"Artur Coelho\" title=\"Artur Coelho\" \/><\/div>\n\t\t\t\t<div class=\"col-md-4 col-sm-4\"><h4>Artur Coelho<\/h4><span>Analista Administrativo<\/span><p>3\u00b0 andar, NPGA<br \/>\nnpgafinanceiro@ufba.br<br \/>\n+55 (71) 3283-7676<\/p><\/div>\n\t\t\t\t\t\t\t\t<div class=\"col-md-8 col-sm-6\">\n\t\t\t\t\t\n\t\t\t\t\t\t\t\t\t\t\t\t\t\t\t\t\t\t\t<\/div>\n\t\t\t<\/div>\n\t\t<\/div>\n\t\n\t\t<div class=\"row\">\n\t\t\t<div class=\"sd-staff-short clearfix\">\n\t\t\t\t\t\t\t\t<div class=\"col-md-2 col-sm-4\"><img decoding=\"async\" src=\"https:\/\/npga.ufba.br\/wp-content\/uploads\/2024\/03\/Ernani-NPGA1-183x183.jpg\" alt=\"Ernani Sampaio Dorea\" title=\"Ernani Sampaio Dorea\" \/><\/div>\n\t\t\t\t<div class=\"col-md-4 col-sm-4\"><h4>Ernani Sampaio Dorea<\/h4><span>Assistente em Administra\u00e7\u00e3o<\/span><p>3\u00b0 andar, NPGA<br \/>\nedorea@gmail.com<br \/>\n+55 (71) 3283-7658<\/p><\/div>\n\t\t\t\t\t\t\t\t<div class=\"col-md-8 col-sm-6\">\n\t\t\t\t\t\n\t\t\t\t\t\t\t\t\t\t\t\t\t\t\t\t\t\t\t<\/div>\n\t\t\t<\/div>\n\t\t<\/div>\n\t\n\t\t<div class=\"row\">\n\t\t\t<div class=\"sd-staff-short clearfix\">\n\t\t\t\t\t\t\t\t<div class=\"col-md-2 col-sm-4\"><img decoding=\"async\" src=\"https:\/\/npga.ufba.br\/wp-content\/uploads\/2020\/10\/Priscila-Lago-183x183.jpg\" alt=\"Priscila da Silva Lago\" title=\"Priscila da Silva Lago\" \/><\/div>\n\t\t\t\t<div class=\"col-md-4 col-sm-4\"><h4>Priscila da Silva Lago<\/h4><span>Assistente em Administra\u00e7\u00e3o<\/span><p>3\u00b0 andar, NPGA<br \/>\npriscilaslago@gmail.com<br \/>\n+55 (71) 3283-7676<\/p><\/div>\n\t\t\t\t\t\t\t\t<div class=\"col-md-8 col-sm-6\">\n\t\t\t\t\t\n\t\t\t\t\t\t\t\t\t\t\t\t\t\t\t\t\t\t\t<\/div>\n\t\t\t<\/div>\n\t\t<\/div>\n\t\n\t\t<div class=\"row\">\n\t\t\t<div class=\"sd-staff-short clearfix\">\n\t\t\t\t\t\t\t\t<div class=\"col-md-2 col-sm-4\"><img decoding=\"async\" src=\"https:\/\/npga.ufba.br\/wp-content\/uploads\/2024\/04\/Manuela-Bacelar-Rios.jpeg\" alt=\"Manuela Bacelar Rios Pereira\" title=\"Manuela Bacelar Rios Pereira\" \/><\/div>\n\t\t\t\t<div class=\"col-md-4 col-sm-4\"><h4>Manuela Bacelar Rios Pereira<\/h4><span>Assistente em Administra\u00e7\u00e3o<\/span><p>3\u00b0 andar, NPGA<br \/>\nmanuelapereira@ufba.br<br \/>\n+55 (71) 3283-7341<\/p><\/div>\n\t\t\t\t\t\t\t\t<div class=\"col-md-8 col-sm-6\">\n\t\t\t\t\t\n\t\t\t\t\t\t\t\t\t\t\t\t\t\t\t\t\t\t\t<\/div>\n\t\t\t<\/div>\n\t\t<\/div>\n\t\n<\/div><\/div><div class=\"vc_tta-panel\" id=\"1588984704547-7b73af36-d841be63-d9ca\" data-vc-content=\".vc_tta-panel-body\"><div class=\"vc_tta-panel-heading\"><h4 class=\"vc_tta-panel-title vc_tta-controls-icon-position-left\"><a href=\"#1588984704547-7b73af36-d841be63-d9ca\" data-vc-accordion data-vc-container=\".vc_tta-container\"><span class=\"vc_tta-title-text\">Graduate Program in Management - Academic PPGA<\/span><i class=\"vc_tta-controls-icon vc_tta-controls-icon-plus\"><\/i><\/a><\/h4><\/div><div class=\"vc_tta-panel-body\">\t\t<div class=\"row\">\n\t\t\t<div class=\"sd-staff-short clearfix\">\n\t\t\t\t\t\t\t\t<div class=\"col-md-2 col-sm-4\"><img decoding=\"async\" src=\"https:\/\/npga.ufba.br\/wp-content\/uploads\/2020\/04\/Foto_Prof_Andrea-183x183.jpg\" alt=\"Andr\u00e9a Cardoso Ventura\" title=\"Andrea Cardoso Ventura\" \/><\/div>\n\t\t\t\t<div class=\"col-md-4 col-sm-4\"><h4>Andrea Cardoso Ventura<\/h4><span>Coordenadora (2023\/8-2025\/7)<\/span><p>3\u00ba andar, NPGA<\/p><\/div>\n\t\t\t\t\t\t\t\t<div class=\"col-md-8 col-sm-6\">\n\t\t\t\t\t\n\t\t\t\t\t\t\t\t\t\t\t\t\t\t\t\t\t\t\t<\/div>\n\t\t\t<\/div>\n\t\t<\/div>\n\t\n\t\t<div class=\"row\">\n\t\t\t<div class=\"sd-staff-short clearfix\">\n\t\t\t\t\t\t\t\t<div class=\"col-md-2 col-sm-4\"><img decoding=\"async\" src=\"https:\/\/npga.ufba.br\/wp-content\/uploads\/2020\/10\/Anaelia-Almeida-1-183x183.jpg\" alt=\"Ana\u00e9lia Regina Almeida\" title=\"Ana\u00e9lia Regina Almeida\" \/><\/div>\n\t\t\t\t<div class=\"col-md-4 col-sm-4\"><h4>Ana\u00e9lia Regina Almeida<\/h4><span>Secret\u00e1ria<\/span><p>3\u00ba andar, NPGA<br \/>\nnpgadm@ufba.br<br \/>\n+55 (71) 3283-7658 \/ (71) 98118-6839<\/p><\/div>\n\t\t\t\t\t\t\t\t<div class=\"col-md-8 col-sm-6\">\n\t\t\t\t\t\n\t\t\t\t\t\t\t\t\t\t\t\t\t\t\t\t\t\t\t<\/div>\n\t\t\t<\/div>\n\t\t<\/div>\n\t\n<\/div><\/div><div class=\"vc_tta-panel\" id=\"1601899925148-6ac7d5ec-db56\" data-vc-content=\".vc_tta-panel-body\"><div class=\"vc_tta-panel-heading\"><h4 class=\"vc_tta-panel-title vc_tta-controls-icon-position-left\"><a href=\"#1601899925148-6ac7d5ec-db56\" data-vc-accordion data-vc-container=\".vc_tta-container\"><span class=\"vc_tta-title-text\">Graduate Program in Management - Professional PPGA<\/span><i class=\"vc_tta-controls-icon vc_tta-controls-icon-plus\"><\/i><\/a><\/h4><\/div><div class=\"vc_tta-panel-body\">\t\t<div class=\"row\">\n\t\t\t<div class=\"sd-staff-short clearfix\">\n\t\t\t\t\t\t\t\t<div class=\"col-md-2 col-sm-4\"><img decoding=\"async\" src=\"https:\/\/npga.ufba.br\/wp-content\/uploads\/2020\/08\/Foto_Prof_Daniela-183x183.png\" alt=\"Daniela Campos Bahia Moscon\" title=\"Daniela Campos Bahia Moscon\" \/><\/div>\n\t\t\t\t<div class=\"col-md-4 col-sm-4\"><h4>Daniela Campos Bahia Moscon<\/h4><span>Coordenadora (2023\/8-2025\/7)<\/span><p>3\u00ba andar, NPGA<\/p><\/div>\n\t\t\t\t\t\t\t\t<div class=\"col-md-8 col-sm-6\">\n\t\t\t\t\t\n\t\t\t\t\t\t\t\t\t\t\t\t\t\t\t\t\t\t\t<\/div>\n\t\t\t<\/div>\n\t\t<\/div>\n\t\n\t\t<div class=\"row\">\n\t\t\t<div class=\"sd-staff-short clearfix\">\n\t\t\t\t\t\t\t\t<div class=\"col-md-2 col-sm-4\"><img decoding=\"async\" src=\"https:\/\/npga.ufba.br\/wp-content\/uploads\/2020\/10\/Priscila-Lago-183x183.jpg\" alt=\"Priscila da Silva Lago\" title=\"Priscila da Silva Lago\" \/><\/div>\n\t\t\t\t<div class=\"col-md-4 col-sm-4\"><h4>Priscila da Silva Lago<\/h4><span>Assistente em Administra\u00e7\u00e3o<\/span><p>3\u00b0 andar, NPGA<br \/>\nmestprof@ufba.br<br \/>\n+55 (71) 3283-7676<\/p><\/div>\n\t\t\t\t\t\t\t\t<div class=\"col-md-8 col-sm-6\">\n\t\t\t\t\t\n\t\t\t\t\t\t\t\t\t\t\t\t\t\t\t\t\t\t\t<\/div>\n\t\t\t<\/div>\n\t\t<\/div>\n\t\n\t\t<div class=\"row\">\n\t\t\t<div class=\"sd-staff-short clearfix\">\n\t\t\t\t\t\t\t\t<div class=\"col-md-2 col-sm-4\"><img decoding=\"async\" src=\"https:\/\/npga.ufba.br\/wp-content\/uploads\/2024\/04\/Manuela-Bacelar-Rios.jpeg\" alt=\"Manuela Bacelar Rios Pereira\" title=\"Manuela Bacelar Rios Pereira\" \/><\/div>\n\t\t\t\t<div class=\"col-md-4 col-sm-4\"><h4>Manuela Bacelar Rios Pereira<\/h4><span>Assistente em Administra\u00e7\u00e3o<\/span><p>3\u00b0 andar, NPGA<br \/>\nmestprof@ufba.br<br \/>\n+55 (71) 3283-7341<\/p><\/div>\n\t\t\t\t\t\t\t\t<div class=\"col-md-8 col-sm-6\">\n\t\t\t\t\t\n\t\t\t\t\t\t\t\t\t\t\t\t\t\t\t\t\t\t\t<\/div>\n\t\t\t<\/div>\n\t\t<\/div>\n\t\n<\/div><\/div><div class=\"vc_tta-panel\" id=\"1618403117131-4d63b2b2-c6ea\" data-vc-content=\".vc_tta-panel-body\"><div class=\"vc_tta-panel-heading\"><h4 class=\"vc_tta-panel-title vc_tta-controls-icon-position-left\"><a href=\"#1618403117131-4d63b2b2-c6ea\" data-vc-accordion data-vc-container=\".vc_tta-container\"><span class=\"vc_tta-title-text\">Support Center for Research and Publication \u2013 NAPP<\/span><i class=\"vc_tta-controls-icon vc_tta-controls-icon-plus\"><\/i><\/a><\/h4><\/div><div class=\"vc_tta-panel-body\">\t\t<div class=\"row\">\n\t\t\t<div class=\"sd-staff-short clearfix\">\n\t\t\t\t\t\t\t\t<div class=\"col-md-2 col-sm-4\"><img decoding=\"async\" src=\"https:\/\/npga.ufba.br\/wp-content\/uploads\/2020\/06\/Foto_Prof_Hor\u00e1cio-183x183.jpg\" alt=\"Hor\u00e1cio Nelson Hastenreiter Filho\" title=\"Horatio Nelson Hastenreiter Filho\" \/><\/div>\n\t\t\t\t<div class=\"col-md-4 col-sm-4\"><h4>Horatio Nelson Hastenreiter Filho<\/h4><span>Coordenador<\/span><\/div>\n\t\t\t\t\t\t\t\t<div class=\"col-md-8 col-sm-6\">\n\t\t\t\t\t\n\t\t\t\t\t\t\t\t\t\t\t\t\t\t\t\t\t\t\t<\/div>\n\t\t\t<\/div>\n\t\t<\/div>\n\t\n\t\t<div class=\"row\">\n\t\t\t<div class=\"sd-staff-short clearfix\">\n\t\t\t\t\t\t\t\t<div class=\"col-md-2 col-sm-4\"><img decoding=\"async\" src=\"https:\/\/npga.ufba.br\/wp-content\/uploads\/2020\/04\/Foto_Prof_Andrea-183x183.jpg\" alt=\"Andr\u00e9a Cardoso Ventura\" title=\"Andrea Cardoso Ventura\" \/><\/div>\n\t\t\t\t<div class=\"col-md-4 col-sm-4\"><h4>Andrea Cardoso Ventura<\/h4><span>Vice-coordenadora<\/span><\/div>\n\t\t\t\t\t\t\t\t<div class=\"col-md-8 col-sm-6\">\n\t\t\t\t\t\n\t\t\t\t\t\t\t\t\t\t\t\t\t\t\t\t\t\t\t<\/div>\n\t\t\t<\/div>\n\t\t<\/div>\n\t\n<\/div><\/div><div class=\"vc_tta-panel\" id=\"1646326997212-692ac4fd-f2fa\" data-vc-content=\".vc_tta-panel-body\"><div class=\"vc_tta-panel-heading\"><h4 class=\"vc_tta-panel-title vc_tta-controls-icon-position-left\"><a href=\"#1646326997212-692ac4fd-f2fa\" data-vc-accordion data-vc-container=\".vc_tta-container\"><span class=\"vc_tta-title-text\">Research Lines<\/span><i class=\"vc_tta-controls-icon vc_tta-controls-icon-plus\"><\/i><\/a><\/h4><\/div><div class=\"vc_tta-panel-body\">\t\t<div class=\"row\">\n\t\t\t<div class=\"sd-staff-short clearfix\">\n\t\t\t\t\t\t\t\t<div class=\"col-md-2 col-sm-4\"><img decoding=\"async\" src=\"https:\/\/npga.ufba.br\/wp-content\/uploads\/2021\/04\/Prof.-Edigilson-183x183.jpeg\" alt=\"Edgilson Tavares de Azevedo\" title=\"Edgilson Tavares de Azevedo\" \/><\/div>\n\t\t\t\t<div class=\"col-md-4 col-sm-4\"><h4>Edgilson Tavares de Azevedo<\/h4><span>Representante (2021-2022)<\/span><p>Linha de Pesquisa: Administra\u00e7\u00e3o P\u00fablica e Sociedade<\/p><\/div>\n\t\t\t\t\t\t\t\t<div class=\"col-md-8 col-sm-6\">\n\t\t\t\t\t\n\t\t\t\t\t\t\t\t\t\t\t\t\t\t\t\t\t\t\t<\/div>\n\t\t\t<\/div>\n\t\t<\/div>\n\t\n\t\t<div class=\"row\">\n\t\t\t<div class=\"sd-staff-short clearfix\">\n\t\t\t\t\t\t\t\t<div class=\"col-md-2 col-sm-4\"><img decoding=\"async\" src=\"https:\/\/npga.ufba.br\/wp-content\/uploads\/2020\/05\/Foto_Prof_TaniaFischer-183x183.jpg\" alt=\"T\u00e2nia Maria Diederichs Fischer\" title=\"Tania Maria Diederichs Fischer\" \/><\/div>\n\t\t\t\t<div class=\"col-md-4 col-sm-4\"><h4>Tania Maria Diederichs Fischer<\/h4><span>Representante (2021-2022)<\/span><p>Linha de Pesquisa: Educa\u00e7\u00e3o, Aprendizagem e Gest\u00e3o<\/p><\/div>\n\t\t\t\t\t\t\t\t<div class=\"col-md-8 col-sm-6\">\n\t\t\t\t\t\n\t\t\t\t\t\t\t\t\t\t\t\t\t\t\t\t\t\t\t<\/div>\n\t\t\t<\/div>\n\t\t<\/div>\n\t\n\t\t<div class=\"row\">\n\t\t\t<div class=\"sd-staff-short clearfix\">\n\t\t\t\t\t\t\t\t<div class=\"col-md-2 col-sm-4\"><img decoding=\"async\" src=\"https:\/\/npga.ufba.br\/wp-content\/uploads\/2020\/05\/Foto_Prof_Eduardo-183x183.jpg\" alt=\"Eduardo Paes Barreto Davel\" title=\"Eduardo Paes Barreto Davel\" \/><\/div>\n\t\t\t\t<div class=\"col-md-4 col-sm-4\"><h4>Eduardo Paes Barreto Davel<\/h4><span>Representante (2021-2022)<\/span><p>Linha de Pesquisa: Estudos Organizacionais<\/p><\/div>\n\t\t\t\t\t\t\t\t<div class=\"col-md-8 col-sm-6\">\n\t\t\t\t\t\n\t\t\t\t\t\t\t\t\t\t\t\t\t\t\t\t\t\t\t<\/div>\n\t\t\t<\/div>\n\t\t<\/div>\n\t\n\t\t<div class=\"row\">\n\t\t\t<div class=\"sd-staff-short clearfix\">\n\t\t\t\t\t\t\t\t<div class=\"col-md-2 col-sm-4\"><img decoding=\"async\" src=\"https:\/\/npga.ufba.br\/wp-content\/uploads\/2020\/05\/Foto_Prof_RodrigoLadeira-183x183.jpg\" alt=\"Rodrigo Ladeira\" title=\"Rodrigo Ladeira\" \/><\/div>\n\t\t\t\t<div class=\"col-md-4 col-sm-4\"><h4>Rodrigo Ladeira<\/h4><span>Representante (2021-2022)<\/span><p>Linha de Pesquisa: Tecnologia, Competitividade e Mercados<\/p><\/div>\n\t\t\t\t\t\t\t\t<div class=\"col-md-8 col-sm-6\">\n\t\t\t\t\t\n\t\t\t\t\t\t\t\t\t\t\t\t\t\t\t\t\t\t\t<\/div>\n\t\t\t<\/div>\n\t\t<\/div>\n\t\n<\/div><\/div><div class=\"vc_tta-panel\" id=\"1618409627418-4d2a700c-1837\" data-vc-content=\".vc_tta-panel-body\"><div class=\"vc_tta-panel-heading\"><h4 class=\"vc_tta-panel-title vc_tta-controls-icon-position-left\"><a href=\"#1618409627418-4d2a700c-1837\" data-vc-accordion data-vc-container=\".vc_tta-container\"><span class=\"vc_tta-title-text\">Student Representation<\/span><i class=\"vc_tta-controls-icon vc_tta-controls-icon-plus\"><\/i><\/a><\/h4><\/div><div class=\"vc_tta-panel-body\">\t\t<div class=\"row\">\n\t\t\t<div class=\"sd-staff-short clearfix\">\n\t\t\t\t\t\t\t\t<div class=\"col-md-2 col-sm-4\"><img decoding=\"async\" src=\"https:\/\/npga.ufba.br\/wp-content\/uploads\/2025\/11\/Menandro-Celso-de-Castro-Ramos-Filho-183x183.jpeg\" alt=\"Menandro Celso de Castro Ramos Filho\" title=\"Menandro Celso de Castro Ramos Filho\" \/><\/div>\n\t\t\t\t<div class=\"col-md-4 col-sm-4\"><h4>Menandro Celso de Castro Ramos Filho<\/h4><span>Representante Estudantil do Programa Profissional<\/span><p>menandro_filho@hotmail.com<\/p><\/div>\n\t\t\t\t\t\t\t\t<div class=\"col-md-8 col-sm-6\">\n\t\t\t\t\t\n\t\t\t\t\t\t\t\t\t\t\t\t\t\t\t\t\t\t\t<\/div>\n\t\t\t<\/div>\n\t\t<\/div>\n\t\n\t\t<div class=\"row\">\n\t\t\t<div class=\"sd-staff-short clearfix\">\n\t\t\t\t\t\t\t\t<div class=\"col-md-2 col-sm-4\"><img decoding=\"async\" src=\"https:\/\/npga.ufba.br\/wp-content\/uploads\/2025\/11\/WhatsApp-Image-2025-11-03-at-13.54.35-1-183x183.jpeg\" alt=\"Rodrigo da Silva Merc\u00eas\" title=\"Rodrigo da Silva Merc\u00eas\" \/><\/div>\n\t\t\t\t<div class=\"col-md-4 col-sm-4\"><h4>Rodrigo da Silva Merc\u00eas<\/h4><span>Vice-representante do Programa Profissional<\/span><p>mercesrodrigo@outlook.com<\/p><\/div>\n\t\t\t\t\t\t\t\t<div class=\"col-md-8 col-sm-6\">\n\t\t\t\t\t\n\t\t\t\t\t\t\t\t\t\t\t\t\t\t\t\t\t\t\t<\/div>\n\t\t\t<\/div>\n\t\t<\/div>\n\t\n\t\t<div class=\"row\">\n\t\t\t<div class=\"sd-staff-short clearfix\">\n\t\t\t\t\t\t\t\t<div class=\"col-md-2 col-sm-4\"><img decoding=\"async\" src=\"https:\/\/npga.ufba.br\/wp-content\/uploads\/2025\/11\/Victor-Azevedo-do-Amaral-183x183.jpeg\" alt=\"Victor Azevedo do Amaral\" title=\"Victor Azevedo do Amaral\" \/><\/div>\n\t\t\t\t<div class=\"col-md-4 col-sm-4\"><h4>Victor Azevedo do Amaral<\/h4><span>Representante Estudantil do Programa Acad\u00eamico<\/span><p>amaral.victor@ufba.br<\/p><\/div>\n\t\t\t\t\t\t\t\t<div class=\"col-md-8 col-sm-6\">\n\t\t\t\t\t\n\t\t\t\t\t\t\t\t\t\t\t\t\t\t\t\t\t\t\t<\/div>\n\t\t\t<\/div>\n\t\t<\/div>\n\t\n\t\t<div class=\"row\">\n\t\t\t<div class=\"sd-staff-short clearfix\">\n\t\t\t\t\t\t\t\t<div class=\"col-md-2 col-sm-4\"><img decoding=\"async\" src=\"https:\/\/npga.ufba.br\/wp-content\/uploads\/2025\/11\/Anna-Beatriz-Dos-Santos-183x183.jpeg\" alt=\"Anna Beatriz dos Santos\" title=\"Anna Beatriz dos Santos\" \/><\/div>\n\t\t\t\t<div class=\"col-md-4 col-sm-4\"><h4>Anna Beatriz dos Santos<\/h4><span>Vice-representante do Programa Acad\u00eamico<\/span><p>annabeatriz14@gmail.com<\/p><\/div>\n\t\t\t\t\t\t\t\t<div class=\"col-md-8 col-sm-6\">\n\t\t\t\t\t\n\t\t\t\t\t\t\t\t\t\t\t\t\t\t\t\t\t\t\t<\/div>\n\t\t\t<\/div>\n\t\t<\/div>\n\t\n<\/div><\/div><\/div><\/div><\/div><\/div><\/div><\/div><\/div><\/div><\/div><\/div><div class=\"vc_row wpb_row vc_row-fluid\"><div class=\"wpb_column vc_column_container vc_col-sm-12\"><div class=\"vc_column-inner\"><div class=\"wpb_wrapper\"><div class=\"vc_empty_space\"   style=\"height: 32px\"><span class=\"vc_empty_space_inner\"><\/span><\/div><\/div><\/div><\/div><\/div>","protected":false},"excerpt":{"rendered":"<p><a class=\"more-link\" href=\"https:\/\/npga.ufba.br\/en\/npga\/contatos\/#more-923\">Leia Mais<\/a><\/p>","protected":false},"author":1,"featured_media":0,"parent":1939,"menu_order":0,"comment_status":"closed","ping_status":"closed","template":"full-width-page.php","meta":{"footnotes":""},"class_list":["post-923","page","type-page","status-publish","hentry"],"yoast_head":"<!-- This site is optimized with the Yoast SEO plugin v25.5 - https:\/\/yoast.com\/wordpress\/plugins\/seo\/ -->\n<title>Contatos - NPGA<\/title>\n<meta name=\"robots\" content=\"index, follow, max-snippet:-1, max-image-preview:large, max-video-preview:-1\" \/>\n<link rel=\"canonical\" href=\"https:\/\/npga.ufba.br\/en\/npga\/contatos\/\" \/>\n<meta property=\"og:locale\" content=\"en_US\" \/>\n<meta property=\"og:type\" content=\"article\" \/>\n<meta property=\"og:title\" content=\"Contatos - NPGA\" \/>\n<meta property=\"og:description\" content=\"Leia Mais\" \/>\n<meta property=\"og:url\" content=\"https:\/\/npga.ufba.br\/en\/npga\/contatos\/\" \/>\n<meta property=\"og:site_name\" content=\"NPGA\" \/>\n<meta property=\"article:modified_time\" content=\"2025-11-04T14:29:51+00:00\" \/>\n<meta name=\"twitter:card\" content=\"summary_large_image\" \/>\n<meta name=\"twitter:label1\" content=\"Est. reading time\" \/>\n\t<meta name=\"twitter:data1\" content=\"6 minutes\" \/>\n<script type=\"application\/ld+json\" class=\"yoast-schema-graph\">{\"@context\":\"https:\/\/schema.org\",\"@graph\":[{\"@type\":\"WebPage\",\"@id\":\"https:\/\/npga.ufba.br\/npga\/contatos\/\",\"url\":\"https:\/\/npga.ufba.br\/npga\/contatos\/\",\"name\":\"Contatos - NPGA\",\"isPartOf\":{\"@id\":\"https:\/\/npga.ufba.br\/en\/#website\"},\"datePublished\":\"2020-05-09T22:22:27+00:00\",\"dateModified\":\"2025-11-04T14:29:51+00:00\",\"breadcrumb\":{\"@id\":\"https:\/\/npga.ufba.br\/npga\/contatos\/#breadcrumb\"},\"inLanguage\":\"en-US\",\"potentialAction\":[{\"@type\":\"ReadAction\",\"target\":[\"https:\/\/npga.ufba.br\/npga\/contatos\/\"]}]},{\"@type\":\"BreadcrumbList\",\"@id\":\"https:\/\/npga.ufba.br\/npga\/contatos\/#breadcrumb\",\"itemListElement\":[{\"@type\":\"ListItem\",\"position\":1,\"name\":\"In\u00edcio\",\"item\":\"https:\/\/npga.ufba.br\/\"},{\"@type\":\"ListItem\",\"position\":2,\"name\":\"NPGA\",\"item\":\"https:\/\/npga.ufba.br\/npga\/\"},{\"@type\":\"ListItem\",\"position\":3,\"name\":\"Contatos\"}]},{\"@type\":\"WebSite\",\"@id\":\"https:\/\/npga.ufba.br\/en\/#website\",\"url\":\"https:\/\/npga.ufba.br\/en\/\",\"name\":\"NPGA\",\"description\":\"N\u00facleo de P\u00f3s-Gradua\u00e7\u00e3o em Administra\u00e7\u00e3o\",\"publisher\":{\"@id\":\"https:\/\/npga.ufba.br\/en\/#organization\"},\"potentialAction\":[{\"@type\":\"SearchAction\",\"target\":{\"@type\":\"EntryPoint\",\"urlTemplate\":\"https:\/\/npga.ufba.br\/en\/?s={search_term_string}\"},\"query-input\":{\"@type\":\"PropertyValueSpecification\",\"valueRequired\":true,\"valueName\":\"search_term_string\"}}],\"inLanguage\":\"en-US\"},{\"@type\":\"Organization\",\"@id\":\"https:\/\/npga.ufba.br\/en\/#organization\",\"name\":\"NPGA\",\"url\":\"https:\/\/npga.ufba.br\/en\/\",\"logo\":{\"@type\":\"ImageObject\",\"inLanguage\":\"en-US\",\"@id\":\"https:\/\/npga.ufba.br\/en\/#\/schema\/logo\/image\/\",\"url\":\"https:\/\/npga.ufba.br\/wp-content\/uploads\/2020\/06\/marcasunidades_NPGA-e1591028086985.png\",\"contentUrl\":\"https:\/\/npga.ufba.br\/wp-content\/uploads\/2020\/06\/marcasunidades_NPGA-e1591028086985.png\",\"width\":340,\"height\":135,\"caption\":\"NPGA\"},\"image\":{\"@id\":\"https:\/\/npga.ufba.br\/en\/#\/schema\/logo\/image\/\"}}]}<\/script>\n<!-- \/ Yoast SEO plugin. -->","yoast_head_json":{"title":"Contatos - NPGA","robots":{"index":"index","follow":"follow","max-snippet":"max-snippet:-1","max-image-preview":"max-image-preview:large","max-video-preview":"max-video-preview:-1"},"canonical":"https:\/\/npga.ufba.br\/en\/npga\/contatos\/","og_locale":"en_US","og_type":"article","og_title":"Contatos - NPGA","og_description":"Leia Mais","og_url":"https:\/\/npga.ufba.br\/en\/npga\/contatos\/","og_site_name":"NPGA","article_modified_time":"2025-11-04T14:29:51+00:00","twitter_card":"summary_large_image","twitter_misc":{"Est. reading time":"6 minutes"},"schema":{"@context":"https:\/\/schema.org","@graph":[{"@type":"WebPage","@id":"https:\/\/npga.ufba.br\/npga\/contatos\/","url":"https:\/\/npga.ufba.br\/npga\/contatos\/","name":"Contatos - NPGA","isPartOf":{"@id":"https:\/\/npga.ufba.br\/en\/#website"},"datePublished":"2020-05-09T22:22:27+00:00","dateModified":"2025-11-04T14:29:51+00:00","breadcrumb":{"@id":"https:\/\/npga.ufba.br\/npga\/contatos\/#breadcrumb"},"inLanguage":"en-US","potentialAction":[{"@type":"ReadAction","target":["https:\/\/npga.ufba.br\/npga\/contatos\/"]}]},{"@type":"BreadcrumbList","@id":"https:\/\/npga.ufba.br\/npga\/contatos\/#breadcrumb","itemListElement":[{"@type":"ListItem","position":1,"name":"In\u00edcio","item":"https:\/\/npga.ufba.br\/"},{"@type":"ListItem","position":2,"name":"NPGA","item":"https:\/\/npga.ufba.br\/npga\/"},{"@type":"ListItem","position":3,"name":"Contatos"}]},{"@type":"WebSite","@id":"https:\/\/npga.ufba.br\/en\/#website","url":"https:\/\/npga.ufba.br\/en\/","name":"NPGA","description":"N\u00facleo de P\u00f3s-Gradua\u00e7\u00e3o em Administra\u00e7\u00e3o","publisher":{"@id":"https:\/\/npga.ufba.br\/en\/#organization"},"potentialAction":[{"@type":"SearchAction","target":{"@type":"EntryPoint","urlTemplate":"https:\/\/npga.ufba.br\/en\/?s={search_term_string}"},"query-input":{"@type":"PropertyValueSpecification","valueRequired":true,"valueName":"search_term_string"}}],"inLanguage":"en-US"},{"@type":"Organization","@id":"https:\/\/npga.ufba.br\/en\/#organization","name":"NPGA","url":"https:\/\/npga.ufba.br\/en\/","logo":{"@type":"ImageObject","inLanguage":"en-US","@id":"https:\/\/npga.ufba.br\/en\/#\/schema\/logo\/image\/","url":"https:\/\/npga.ufba.br\/wp-content\/uploads\/2020\/06\/marcasunidades_NPGA-e1591028086985.png","contentUrl":"https:\/\/npga.ufba.br\/wp-content\/uploads\/2020\/06\/marcasunidades_NPGA-e1591028086985.png","width":340,"height":135,"caption":"NPGA"},"image":{"@id":"https:\/\/npga.ufba.br\/en\/#\/schema\/logo\/image\/"}}]}},"_links":{"self":[{"href":"https:\/\/npga.ufba.br\/en\/wp-json\/wp\/v2\/pages\/923","targetHints":{"allow":["GET"]}}],"collection":[{"href":"https:\/\/npga.ufba.br\/en\/wp-json\/wp\/v2\/pages"}],"about":[{"href":"https:\/\/npga.ufba.br\/en\/wp-json\/wp\/v2\/types\/page"}],"author":[{"embeddable":true,"href":"https:\/\/npga.ufba.br\/en\/wp-json\/wp\/v2\/users\/1"}],"replies":[{"embeddable":true,"href":"https:\/\/npga.ufba.br\/en\/wp-json\/wp\/v2\/comments?post=923"}],"version-history":[{"count":0,"href":"https:\/\/npga.ufba.br\/en\/wp-json\/wp\/v2\/pages\/923\/revisions"}],"up":[{"embeddable":true,"href":"https:\/\/npga.ufba.br\/en\/wp-json\/wp\/v2\/pages\/1939"}],"wp:attachment":[{"href":"https:\/\/npga.ufba.br\/en\/wp-json\/wp\/v2\/media?parent=923"}],"curies":[{"name":"wp","href":"https:\/\/api.w.org\/{rel}","templated":true}]}}